{"id":2953,"date":"2025-05-13T10:08:58","date_gmt":"2025-05-13T08:08:58","guid":{"rendered":"https:\/\/kastelmeble.radom.pl\/bisparkiet\/?post_type=product&#038;p=2953"},"modified":"2025-05-13T10:09:00","modified_gmt":"2025-05-13T08:09:00","slug":"deska-elewacyjna-thermo-sosna-32x142x4200-mm-trio","status":"publish","type":"product","link":"https:\/\/kastelmeble.radom.pl\/bisparkiet\/produkt\/deska-elewacyjna-thermo-sosna-32x142x4200-mm-trio\/","title":{"rendered":"Deska elewacyjna thermo sosna 32x142x4200 mm Trio"},"content":{"rendered":"<p data-pm-slice=\"1 1 []\">Deska elewacyjna\u00a0 Thermo sosna. Jest to produkt o profilu Trio, wyposa\u017conym w pi\u00f3ro i wpust. Dzi\u0119ki zastosowaniu pi\u00f3ra, wkr\u0119ty monta\u017cowe pozostaj\u0105 niewidoczne, co zapewnia estetyczny wygl\u0105d elewacji. Profil ten umo\u017cliwia monta\u017c zar\u00f3wno w pionie, jak i w poziomie.<\/p>\n<p>Thermo sosna\u00a0 wyr\u00f3\u017cnia si\u0119 wyra\u017anym us\u0142ojeniem oraz pod\u0142u\u017cnymi s\u0119kami, kt\u00f3re nadaj\u0105 naturalny i elegancki charakter ka\u017cdej konstrukcji. Proces modyfikacji termicznej nadaje drewnu wyj\u0105tkow\u0105 trwa\u0142o\u015b\u0107 i odporno\u015b\u0107 na warunki atmosferyczne, a tak\u017ce zmienia jego kolor na ciep\u0142y, miodowy odcie\u0144 w ca\u0142ym przekroju.<\/p>\n<p>Zalety desek elewacyjnych Thermory:<\/p>\n<ul data-spread=\"false\">\n<li>Odporno\u015b\u0107 na warunki atmosferyczne \u2013 nie wymagaj\u0105 impregnacji. Malowanie stosuje si\u0119 wy\u0142\u0105cznie w celu zachowania oryginalnej barwy (bez konserwacji drewno patynuje na elegancki szary odcie\u0144).<\/li>\n<li>Stabilno\u015b\u0107 wymiarowa \u2013 deski nie wypaczaj\u0105 si\u0119 i nie ulegaj\u0105 deformacjom.<\/li>\n<li>Wysoka odporno\u015b\u0107 na ple\u015bnie i grzyby.<\/li>\n<li>Klasa odporno\u015bci 2 \u2013 trwa\u0142o\u015b\u0107 20-25 lat bez konieczno\u015bci zabezpieczania.<\/li>\n<li>Doskona\u0142a izolacja termiczna.<\/li>\n<li>Brak \u017cywicy \u2013 drewno jest ca\u0142kowicie od\u017cywiczone, co eliminuje problem wyp\u0142yw\u00f3w \u017cywicznych.<\/li>\n<li>Przyjazno\u015b\u0107 dla \u015brodowiska \u2013 proces produkcji nie wykorzystuje chemikali\u00f3w.<\/li>\n<li>Bezpiecze\u0144stwo dla alergik\u00f3w \u2013 deski nie wydzielaj\u0105 substancji uczulaj\u0105cych.<\/li>\n<\/ul>\n<p>Podana cena dotyczy produkt\u00f3w dost\u0119pnych na magazynie.<\/p>\n<p><img fetchpriority=\"high\" decoding=\"async\" class=\"alignleft wp-image-14246 size-medium\" src=\"https:\/\/bisparkiet.pl\/wp-content\/uploads\/2025\/03\/profil-thermo-sosna-trio-300x184.png\" alt=\"\" width=\"300\" height=\"184\" \/><\/p>\n","protected":false},"excerpt":{"rendered":"<p>Deska elewacyjna\u00a0 Thermo sosna. Jest to produkt o profilu Trio, wyposa\u017conym w pi\u00f3ro i wpust. Dzi\u0119ki zastosowaniu pi\u00f3ra, wkr\u0119ty monta\u017cowe pozostaj\u0105 niewidoczne, co zapewnia estetyczny wygl\u0105d elewacji. Profil ten umo\u017cliwia monta\u017c zar\u00f3wno w pionie, jak i w poziomie. Thermo sosna\u00a0 wyr\u00f3\u017cnia si\u0119 wyra\u017anym us\u0142ojeniem oraz pod\u0142u\u017cnymi s\u0119kami, kt\u00f3re nadaj\u0105 naturalny i elegancki charakter ka\u017cdej konstrukcji. [&hellip;]<\/p>\n","protected":false},"featured_media":2956,"comment_status":"closed","ping_status":"closed","template":"","meta":[],"product_brand":[],"product_cat":[60],"product_tag":[],"class_list":{"0":"post-2953","1":"product","2":"type-product","3":"status-publish","4":"has-post-thumbnail","6":"product_cat-deski-elewacyjne-thermo-sosna","7":"product_shipping_class-ponadgabarytowe","9":"first","10":"instock","11":"shipping-taxable","12":"purchasable","13":"product-type-simple"},"_links":{"self":[{"href":"https:\/\/kastelmeble.radom.pl\/bisparkiet\/wp-json\/wp\/v2\/product\/2953","targetHints":{"allow":["GET"]}}],"collection":[{"href":"https:\/\/kastelmeble.radom.pl\/bisparkiet\/wp-json\/wp\/v2\/product"}],"about":[{"href":"https:\/\/kastelmeble.radom.pl\/bisparkiet\/wp-json\/wp\/v2\/types\/product"}],"replies":[{"embeddable":true,"href":"https:\/\/kastelmeble.radom.pl\/bisparkiet\/wp-json\/wp\/v2\/comments?post=2953"}],"wp:featuredmedia":[{"embeddable":true,"href":"https:\/\/kastelmeble.radom.pl\/bisparkiet\/wp-json\/wp\/v2\/media\/2956"}],"wp:attachment":[{"href":"https:\/\/kastelmeble.radom.pl\/bisparkiet\/wp-json\/wp\/v2\/media?parent=2953"}],"wp:term":[{"taxonomy":"product_brand","embeddable":true,"href":"https:\/\/kastelmeble.radom.pl\/bisparkiet\/wp-json\/wp\/v2\/product_brand?post=2953"},{"taxonomy":"product_cat","embeddable":true,"href":"https:\/\/kastelmeble.radom.pl\/bisparkiet\/wp-json\/wp\/v2\/product_cat?post=2953"},{"taxonomy":"product_tag","embeddable":true,"href":"https:\/\/kastelmeble.radom.pl\/bisparkiet\/wp-json\/wp\/v2\/product_tag?post=2953"}],"curies":[{"name":"wp","href":"https:\/\/api.w.org\/{rel}","templated":true}]}}