{"id":2941,"date":"2025-05-13T10:08:42","date_gmt":"2025-05-13T08:08:42","guid":{"rendered":"https:\/\/kastelmeble.radom.pl\/bisparkiet\/?post_type=product&#038;p=2941"},"modified":"2025-05-13T10:08:46","modified_gmt":"2025-05-13T08:08:46","slug":"deska-bambus-ceramix-ctech-cognac-pw-dasso-nro-20x137x1850-mm","status":"publish","type":"product","link":"https:\/\/kastelmeble.radom.pl\/bisparkiet\/produkt\/deska-bambus-ceramix-ctech-cognac-pw-dasso-nro-20x137x1850-mm\/","title":{"rendered":"Deska Bambus Ceramix CTECH Cognac P+W Dasso NRO 20x137x1850 mm"},"content":{"rendered":"<p data-start=\"0\" data-end=\"555\"><span style=\"font-size: 14pt; color: #000000;\">Deska <strong data-start=\"6\" data-end=\"51\">Bambus Ceramix CTECH Cognac P+W Dasso NRO<\/strong> to wyj\u0105tkowy produkt, kt\u00f3ry \u0142\u0105czy ekologiczne podej\u015bcie z nowoczesn\u0105 technologi\u0105. Wykonana z bambusa poddanego innowacyjnej obr\u00f3bce z u\u017cyciem nanotechnologii Ceramix, oferuje wyj\u0105tkow\u0105 odporno\u015b\u0107 na bakterie, grzyby i promieniowanie UV. Dzi\u0119ki specjalnej pow\u0142oce ceramicznej, deski charakteryzuj\u0105 si\u0119 wytrzyma\u0142o\u015bci\u0105 i d\u0142ugowieczno\u015bci\u0105, zachowuj\u0105c estetyczny wygl\u0105d przez wiele lat. Ciemna koniakowa barwa dodaje elegancji, a monta\u017c z systemem P+W (niewidoczny monta\u017c) zapewnia estetyczny i solidny efekt.<\/span><\/p>\n<p data-start=\"557\" data-end=\"809\" data-is-last-node=\"\" data-is-only-node=\"\"><span style=\"font-size: 14pt; color: #000000;\">Produkty tego typu s\u0105 idealne do wykorzystania w przestrzeniach zewn\u0119trznych, takich jak tarasy, balkony czy ogrody, gdzie odporno\u015b\u0107 na trudne warunki atmosferyczne jest kluczowa. Gwarancja biologiczna na 25 lat potwierdza wysok\u0105 jako\u015b\u0107 tego materia\u0142u.<\/span><\/p>\n","protected":false},"excerpt":{"rendered":"<p>Deska Bambus Ceramix CTECH Cognac P+W Dasso NRO to wyj\u0105tkowy produkt, kt\u00f3ry \u0142\u0105czy ekologiczne podej\u015bcie z nowoczesn\u0105 technologi\u0105. Wykonana z bambusa poddanego innowacyjnej obr\u00f3bce z u\u017cyciem nanotechnologii Ceramix, oferuje wyj\u0105tkow\u0105 odporno\u015b\u0107 na bakterie, grzyby i promieniowanie UV. Dzi\u0119ki specjalnej pow\u0142oce ceramicznej, deski charakteryzuj\u0105 si\u0119 wytrzyma\u0142o\u015bci\u0105 i d\u0142ugowieczno\u015bci\u0105, zachowuj\u0105c estetyczny wygl\u0105d przez wiele lat. Ciemna koniakowa [&hellip;]<\/p>\n","protected":false},"featured_media":2947,"comment_status":"closed","ping_status":"closed","template":"","meta":[],"product_brand":[],"product_cat":[36,32],"product_tag":[],"class_list":{"0":"post-2941","1":"product","2":"type-product","3":"status-publish","4":"has-post-thumbnail","6":"product_cat-deski-tarasowe-egzotyczne","7":"product_cat-tarasy","8":"product_shipping_class-ponadgabarytowe","10":"first","11":"instock","12":"shipping-taxable","13":"purchasable","14":"product-type-simple"},"_links":{"self":[{"href":"https:\/\/kastelmeble.radom.pl\/bisparkiet\/wp-json\/wp\/v2\/product\/2941","targetHints":{"allow":["GET"]}}],"collection":[{"href":"https:\/\/kastelmeble.radom.pl\/bisparkiet\/wp-json\/wp\/v2\/product"}],"about":[{"href":"https:\/\/kastelmeble.radom.pl\/bisparkiet\/wp-json\/wp\/v2\/types\/product"}],"replies":[{"embeddable":true,"href":"https:\/\/kastelmeble.radom.pl\/bisparkiet\/wp-json\/wp\/v2\/comments?post=2941"}],"wp:featuredmedia":[{"embeddable":true,"href":"https:\/\/kastelmeble.radom.pl\/bisparkiet\/wp-json\/wp\/v2\/media\/2947"}],"wp:attachment":[{"href":"https:\/\/kastelmeble.radom.pl\/bisparkiet\/wp-json\/wp\/v2\/media?parent=2941"}],"wp:term":[{"taxonomy":"product_brand","embeddable":true,"href":"https:\/\/kastelmeble.radom.pl\/bisparkiet\/wp-json\/wp\/v2\/product_brand?post=2941"},{"taxonomy":"product_cat","embeddable":true,"href":"https:\/\/kastelmeble.radom.pl\/bisparkiet\/wp-json\/wp\/v2\/product_cat?post=2941"},{"taxonomy":"product_tag","embeddable":true,"href":"https:\/\/kastelmeble.radom.pl\/bisparkiet\/wp-json\/wp\/v2\/product_tag?post=2941"}],"curies":[{"name":"wp","href":"https:\/\/api.w.org\/{rel}","templated":true}]}}