{"id":2938,"date":"2025-05-13T10:08:42","date_gmt":"2025-05-13T08:08:42","guid":{"rendered":"https:\/\/kastelmeble.radom.pl\/bisparkiet\/?post_type=product&#038;p=2938"},"modified":"2025-05-13T10:08:47","modified_gmt":"2025-05-13T08:08:47","slug":"klips-do-desek-bambus-dasso-h-klipstorx","status":"publish","type":"product","link":"https:\/\/kastelmeble.radom.pl\/bisparkiet\/produkt\/klips-do-desek-bambus-dasso-h-klipstorx\/","title":{"rendered":"Klips do desek Bambus Dasso H Klips+Torx"},"content":{"rendered":"<p>Klips do desek Bambus Dasso H Klips+Torx<\/p>\n<p>Zdj\u0119cie produktu ma charakter pogl\u0105dowy i prezentuje tylko wycinek ca\u0142o\u015bci produktu, nie prezentuje koloru, wzoru i struktury ca\u0142ego produktu. W zwi\u0105zku z cechami produktu, nie ma dw\u00f3ch identycznych produkt\u00f3w (np. w zakresie koloru, struktury i wzoru), r\u00f3\u017cnice wyst\u0119puj\u0105 r\u00f3wnie\u017c w obr\u0119bie tego samego produktu.<\/p>\n","protected":false},"excerpt":{"rendered":"<p>Pakowane: 80szt<\/p>\n","protected":false},"featured_media":2948,"comment_status":"closed","ping_status":"closed","template":"","meta":[],"product_brand":[],"product_cat":[38,42],"product_tag":[],"class_list":{"0":"post-2938","1":"product","2":"type-product","3":"status-publish","4":"has-post-thumbnail","6":"product_cat-akcesoria","7":"product_cat-klipsy-ukryty-montaz","8":"product_shipping_class-ponadgabarytowe","10":"first","11":"instock","12":"shipping-taxable","13":"purchasable","14":"product-type-simple"},"_links":{"self":[{"href":"https:\/\/kastelmeble.radom.pl\/bisparkiet\/wp-json\/wp\/v2\/product\/2938","targetHints":{"allow":["GET"]}}],"collection":[{"href":"https:\/\/kastelmeble.radom.pl\/bisparkiet\/wp-json\/wp\/v2\/product"}],"about":[{"href":"https:\/\/kastelmeble.radom.pl\/bisparkiet\/wp-json\/wp\/v2\/types\/product"}],"replies":[{"embeddable":true,"href":"https:\/\/kastelmeble.radom.pl\/bisparkiet\/wp-json\/wp\/v2\/comments?post=2938"}],"wp:featuredmedia":[{"embeddable":true,"href":"https:\/\/kastelmeble.radom.pl\/bisparkiet\/wp-json\/wp\/v2\/media\/2948"}],"wp:attachment":[{"href":"https:\/\/kastelmeble.radom.pl\/bisparkiet\/wp-json\/wp\/v2\/media?parent=2938"}],"wp:term":[{"taxonomy":"product_brand","embeddable":true,"href":"https:\/\/kastelmeble.radom.pl\/bisparkiet\/wp-json\/wp\/v2\/product_brand?post=2938"},{"taxonomy":"product_cat","embeddable":true,"href":"https:\/\/kastelmeble.radom.pl\/bisparkiet\/wp-json\/wp\/v2\/product_cat?post=2938"},{"taxonomy":"product_tag","embeddable":true,"href":"https:\/\/kastelmeble.radom.pl\/bisparkiet\/wp-json\/wp\/v2\/product_tag?post=2938"}],"curies":[{"name":"wp","href":"https:\/\/api.w.org\/{rel}","templated":true}]}}