{"id":2937,"date":"2025-05-13T10:08:42","date_gmt":"2025-05-13T08:08:42","guid":{"rendered":"https:\/\/kastelmeble.radom.pl\/bisparkiet\/?post_type=product&#038;p=2937"},"modified":"2025-05-13T10:08:57","modified_gmt":"2025-05-13T08:08:57","slug":"deska-bambus-ceramix-ctech-cognac-dasso-nro-20x137-mm","status":"publish","type":"product","link":"https:\/\/kastelmeble.radom.pl\/bisparkiet\/produkt\/deska-bambus-ceramix-ctech-cognac-dasso-nro-20x137-mm\/","title":{"rendered":"Deska Bambus Ceramix CTECH Cognac Dasso NRO 20&#215;137 mm"},"content":{"rendered":"<p data-start=\"0\" data-end=\"366\">Bambusowe deski tarasowe Dasso CTECH \u0142\u0105cz\u0105 ekologi\u0119 z wyj\u0105tkow\u0105 wytrzyma\u0142o\u015bci\u0105. Ich koniakowa barwa przypomina termodrewno, ale bambus przewy\u017csza takie gatunki jak bangkirai czy ipe lapacho pod wzgl\u0119dem odporno\u015bci biologicznej i twardo\u015bci. Bambus ro\u015bnie szybko, osi\u0105gaj\u0105c dojrza\u0142o\u015b\u0107 po 4-6 latach, co czyni go bardziej zr\u00f3wnowa\u017conym materia\u0142em ni\u017c tradycyjne drewno.<\/p>\n<p data-start=\"368\" data-end=\"632\">Deski Dasso CTECH wykorzystuj\u0105 ceramiczn\u0105 nanotechnologi\u0119 do impregnacji, co zapewnia im wyj\u0105tkow\u0105 ochron\u0119 przed bakteriami, grzybami i promieniowaniem UV. Dzi\u0119ki tej innowacyjnej metodzie, deski s\u0105 bardziej odporne na czynniki zewn\u0119trzne i d\u0142u\u017cej utrzymuj\u0105 kolor.<\/p>\n<p data-start=\"634\" data-end=\"916\" data-is-last-node=\"\" data-is-only-node=\"\">Po obr\u00f3bce cieplnej, deski zachowuj\u0105 swoje w\u0142a\u015bciwo\u015bci przez wiele lat, a ich monta\u017c jest kompatybilny z systemami niewidocznego monta\u017cu. Producent oferuje biologiczn\u0105 gwarancj\u0119 na 25 lat. Drewno bambusowe jest materia\u0142em naturalnym, dlatego ka\u017cda deska mo\u017ce mie\u0107 nieco inny wygl\u0105d.<\/p>\n","protected":false},"excerpt":{"rendered":"<p>Bambusowe deski tarasowe Dasso CTECH \u0142\u0105cz\u0105 ekologi\u0119 z wyj\u0105tkow\u0105 wytrzyma\u0142o\u015bci\u0105. Ich koniakowa barwa przypomina termodrewno, ale bambus przewy\u017csza takie gatunki jak bangkirai czy ipe lapacho pod wzgl\u0119dem odporno\u015bci biologicznej i twardo\u015bci. Bambus ro\u015bnie szybko, osi\u0105gaj\u0105c dojrza\u0142o\u015b\u0107 po 4-6 latach, co czyni go bardziej zr\u00f3wnowa\u017conym materia\u0142em ni\u017c tradycyjne drewno. Deski Dasso CTECH wykorzystuj\u0105 ceramiczn\u0105 nanotechnologi\u0119 do [&hellip;]<\/p>\n","protected":false},"featured_media":2946,"comment_status":"closed","ping_status":"closed","template":"","meta":[],"product_brand":[],"product_cat":[36,32],"product_tag":[],"class_list":{"0":"post-2937","1":"product","2":"type-product","3":"status-publish","4":"has-post-thumbnail","6":"product_cat-deski-tarasowe-egzotyczne","7":"product_cat-tarasy","9":"first","10":"instock","11":"shipping-taxable","12":"purchasable","13":"product-type-variable","14":"has-default-attributes"},"_links":{"self":[{"href":"https:\/\/kastelmeble.radom.pl\/bisparkiet\/wp-json\/wp\/v2\/product\/2937","targetHints":{"allow":["GET"]}}],"collection":[{"href":"https:\/\/kastelmeble.radom.pl\/bisparkiet\/wp-json\/wp\/v2\/product"}],"about":[{"href":"https:\/\/kastelmeble.radom.pl\/bisparkiet\/wp-json\/wp\/v2\/types\/product"}],"replies":[{"embeddable":true,"href":"https:\/\/kastelmeble.radom.pl\/bisparkiet\/wp-json\/wp\/v2\/comments?post=2937"}],"wp:featuredmedia":[{"embeddable":true,"href":"https:\/\/kastelmeble.radom.pl\/bisparkiet\/wp-json\/wp\/v2\/media\/2946"}],"wp:attachment":[{"href":"https:\/\/kastelmeble.radom.pl\/bisparkiet\/wp-json\/wp\/v2\/media?parent=2937"}],"wp:term":[{"taxonomy":"product_brand","embeddable":true,"href":"https:\/\/kastelmeble.radom.pl\/bisparkiet\/wp-json\/wp\/v2\/product_brand?post=2937"},{"taxonomy":"product_cat","embeddable":true,"href":"https:\/\/kastelmeble.radom.pl\/bisparkiet\/wp-json\/wp\/v2\/product_cat?post=2937"},{"taxonomy":"product_tag","embeddable":true,"href":"https:\/\/kastelmeble.radom.pl\/bisparkiet\/wp-json\/wp\/v2\/product_tag?post=2937"}],"curies":[{"name":"wp","href":"https:\/\/api.w.org\/{rel}","templated":true}]}}