{"id":2897,"date":"2025-05-13T10:08:33","date_gmt":"2025-05-13T08:08:33","guid":{"rendered":"https:\/\/kastelmeble.radom.pl\/bisparkiet\/?post_type=product&#038;p=2897"},"modified":"2025-05-13T10:08:57","modified_gmt":"2025-05-13T08:08:57","slug":"koopmans-larcholie-olej-impregnujacy-do-drewna-iglastego","status":"publish","type":"product","link":"https:\/\/kastelmeble.radom.pl\/bisparkiet\/produkt\/koopmans-larcholie-olej-impregnujacy-do-drewna-iglastego\/","title":{"rendered":"KOOPMANS LARCHOLIE &#8211; Olej impregnuj\u0105cy do drewna iglastego"},"content":{"rendered":"<p>[vc_row][vc_column][vc_column_text css=&#8221;&#8221; woodmart_inline=&#8221;no&#8221; text_larger=&#8221;no&#8221;]<\/p>\n<h3>Charakterystyka<\/h3>\n<p>Niezwykle \u0142atwy w aplikacji olej impregnuj\u0105cy do deski tarasowej z modrzewia i innych gatunk\u00f3w drewna iglastego, dost\u0119pny w wersji bezbarwnej (z filtrem UV) oraz koloryzowanej. Polecany r\u00f3wnie\u017c do termodrewna. Produkt stworzony z my\u015bl\u0105 o zabezpieczaniu drewna na d\u0142u\u017cszy czas w por\u00f3wnaniu z tradycyjnymi olejami.<br \/>\nPo\u0142\u0105czenie zmodyfikowanych \u017cywic alkidowych z wyselekcjonowanymi olejami (efektywnie wsp\u00f3\u0142graj\u0105cymi z drewnem iglastym) g\u0142\u0119boko zabezpiecza drewno, co czyni je odpornym na dzia\u0142anie wszystkich zewn\u0119trznych warunk\u00f3w atmosferycznych. Zalet\u0105 tego nowoczesnego oleju jest r\u00f3wnie\u017c brak konieczno\u015bci usuwania jego nadmiaru tu\u017c po zako\u0144czeniu aplikacji. W konsekwencji na powierzchni drewna pozostaje delikatny film, kt\u00f3ry sprawia, i\u017c pow\u0142oka staje si\u0119 trudniejsza do wyp\u0142ukania, w odniesieniu do tradycyjnych olej\u00f3w, a jednocze\u015bnie nie ulega procesowi \u0142uszczenia si\u0119. Dodatkowo produkt tworzy hydrofobow\u0105 mikroporowat\u0105 pow\u0142ok\u0119 umo\u017cliwiaj\u0105c\u0105 swobodne oddychanie drewna podczas jego u\u017cytkowania. Redukuje p\u0119cznienie i kurczenie si\u0119 drewna co ma istotny wp\u0142yw na jego wygl\u0105d w kolejnych latach eksploatacji.<br \/>\nW renowacji drewno nie wymaga wcze\u015bniejszego szlifowania ani usuwania starej warstwy.<br \/>\nProdukt r\u00f3wnie\u017c bardzo dobrze wsp\u00f3\u0142gra z drewnem obrobionym termicznie, tworz\u0105c trudn\u0105 do wyp\u0142ukania warstw\u0119 odporn\u0105 na dzia\u0142anie zewn\u0119trznych warunk\u00f3w atmosferycznych.[\/vc_column_text][\/vc_column][\/vc_row][vc_row][vc_column width=&#8221;1\/2&#8243;][vc_column_text css=&#8221;&#8221; woodmart_inline=&#8221;no&#8221; text_larger=&#8221;no&#8221;]<\/p>\n<h3>Cechy<\/h3>\n<ul>\n<li>intensywna i trwa\u0142a ochrona<\/li>\n<li>g\u0142\u0119boka impregnacja<\/li>\n<li>trudny do wyp\u0142ukania<\/li>\n<li>pow\u0142oka nie ulega procesowi \u0142uszczenia<\/li>\n<li>bez konieczno\u015bci usuwania nadmiaru po zako\u0144czeniu aplikacji<\/li>\n<li>o wysokiej przyczepno\u015bci do drewna<\/li>\n<li>o wysokiej elastyczno\u015bci pow\u0142oki<\/li>\n<li>reguluje wilgotno\u015b\u0107 drewna<\/li>\n<li>odporny na warunki atmosferyczne<\/li>\n<li>\u0142atwy w aplikacji<\/li>\n<li>podkre\u015bla naturalne pi\u0119kno drewna<\/li>\n<li>wysoka ochrona przed biodegradacj\u0105 w systemie z impregnatem technicznym<\/li>\n<\/ul>\n<p>[\/vc_column_text][\/vc_column][vc_column width=&#8221;1\/2&#8243;][vc_column_text css=&#8221;&#8221; woodmart_inline=&#8221;no&#8221; text_larger=&#8221;no&#8221;]<\/p>\n<h3>Zastosowanie<\/h3>\n<ul>\n<li>deska tarasowa modrzewiowa<\/li>\n<li>deska tarasowa z innych gatunk\u00f3w drewna iglastego (takich jak sosna, \u015bwierk, jod\u0142a)<\/li>\n<li>deska tarasowa z termodrewna<\/li>\n<\/ul>\n<p>[\/vc_column_text][\/vc_column][\/vc_row]<\/p>\n","protected":false},"excerpt":{"rendered":"<p>[vc_row][vc_column][vc_column_text css=&#8221;&#8221; woodmart_inline=&#8221;no&#8221; text_larger=&#8221;no&#8221;] Charakterystyka Niezwykle \u0142atwy w aplikacji olej impregnuj\u0105cy do deski tarasowej z modrzewia i innych gatunk\u00f3w drewna iglastego, dost\u0119pny w wersji bezbarwnej (z filtrem UV) oraz koloryzowanej. Polecany r\u00f3wnie\u017c do termodrewna. Produkt stworzony z my\u015bl\u0105 o zabezpieczaniu drewna na d\u0142u\u017cszy czas w por\u00f3wnaniu z tradycyjnymi olejami. Po\u0142\u0105czenie zmodyfikowanych \u017cywic alkidowych z wyselekcjonowanymi [&hellip;]<\/p>\n","protected":false},"featured_media":2915,"comment_status":"closed","ping_status":"closed","template":"","meta":[],"product_brand":[],"product_cat":[43,62],"product_tag":[],"class_list":{"0":"post-2897","1":"product","2":"type-product","3":"status-publish","4":"has-post-thumbnail","6":"product_cat-impregnaty-do-drewna","7":"product_cat-oleje-do-drewna","9":"first","10":"instock","11":"shipping-taxable","12":"purchasable","13":"product-type-variable"},"_links":{"self":[{"href":"https:\/\/kastelmeble.radom.pl\/bisparkiet\/wp-json\/wp\/v2\/product\/2897","targetHints":{"allow":["GET"]}}],"collection":[{"href":"https:\/\/kastelmeble.radom.pl\/bisparkiet\/wp-json\/wp\/v2\/product"}],"about":[{"href":"https:\/\/kastelmeble.radom.pl\/bisparkiet\/wp-json\/wp\/v2\/types\/product"}],"replies":[{"embeddable":true,"href":"https:\/\/kastelmeble.radom.pl\/bisparkiet\/wp-json\/wp\/v2\/comments?post=2897"}],"wp:featuredmedia":[{"embeddable":true,"href":"https:\/\/kastelmeble.radom.pl\/bisparkiet\/wp-json\/wp\/v2\/media\/2915"}],"wp:attachment":[{"href":"https:\/\/kastelmeble.radom.pl\/bisparkiet\/wp-json\/wp\/v2\/media?parent=2897"}],"wp:term":[{"taxonomy":"product_brand","embeddable":true,"href":"https:\/\/kastelmeble.radom.pl\/bisparkiet\/wp-json\/wp\/v2\/product_brand?post=2897"},{"taxonomy":"product_cat","embeddable":true,"href":"https:\/\/kastelmeble.radom.pl\/bisparkiet\/wp-json\/wp\/v2\/product_cat?post=2897"},{"taxonomy":"product_tag","embeddable":true,"href":"https:\/\/kastelmeble.radom.pl\/bisparkiet\/wp-json\/wp\/v2\/product_tag?post=2897"}],"curies":[{"name":"wp","href":"https:\/\/api.w.org\/{rel}","templated":true}]}}