{"id":2886,"date":"2025-05-13T10:08:33","date_gmt":"2025-05-13T08:08:33","guid":{"rendered":"https:\/\/kastelmeble.radom.pl\/bisparkiet\/?post_type=product&#038;p=2886"},"modified":"2025-05-13T10:08:41","modified_gmt":"2025-05-13T08:08:41","slug":"deska-elewacyjna-ultrashield-uh93-25x1965x2800mm","status":"publish","type":"product","link":"https:\/\/kastelmeble.radom.pl\/bisparkiet\/produkt\/deska-elewacyjna-ultrashield-uh93-25x1965x2800mm\/","title":{"rendered":"Deska elewacyjna Ultrashield UH93 25&#215;196,5x2800mm"},"content":{"rendered":"<p>Deski elewacyjne Ultrashield Naturale oraz kompozytowe deski elewacyjne sk\u0142adaj\u0105 si\u0119 z mieszanki: 60% m\u0105czki drzewnej oraz 30% polimer\u00f3w HDPE. Dzi\u0119ki takim proporcjom zawarto\u015bci drewna w materiale, deski elewacyjne maj\u0105 powierzchni\u0119 oraz struktur\u0119 przypominaj\u0105c\u0105 w dotyku naturalne drewno. Polimery wchodz\u0105ce w sk\u0142ad mieszanki odpowiadaj\u0105 natomiast za odporno\u015b\u0107 na warunki atmosferyczne, trwa\u0142o\u015b\u0107 oraz kolor. Ca\u0142y system desek elewacyjnych po\u0142\u0105czony jest za pomoc\u0105 niewidocznych klips\u00f3w, kt\u00f3re s\u0105 przykr\u0119cane bezpo\u015brednio do legar\u00f3w.<\/p>\n","protected":false},"excerpt":{"rendered":"<p>Cena dotyczy 1mb deski .<\/p>\n","protected":false},"featured_media":2913,"comment_status":"closed","ping_status":"closed","template":"","meta":[],"product_brand":[],"product_cat":[61,55],"product_tag":[],"class_list":{"0":"post-2886","1":"product","2":"type-product","3":"status-publish","4":"has-post-thumbnail","6":"product_cat-deska-kompozytowa","7":"product_cat-elewacje","9":"first","10":"instock","11":"shipping-taxable","12":"purchasable","13":"product-type-variable"},"_links":{"self":[{"href":"https:\/\/kastelmeble.radom.pl\/bisparkiet\/wp-json\/wp\/v2\/product\/2886","targetHints":{"allow":["GET"]}}],"collection":[{"href":"https:\/\/kastelmeble.radom.pl\/bisparkiet\/wp-json\/wp\/v2\/product"}],"about":[{"href":"https:\/\/kastelmeble.radom.pl\/bisparkiet\/wp-json\/wp\/v2\/types\/product"}],"replies":[{"embeddable":true,"href":"https:\/\/kastelmeble.radom.pl\/bisparkiet\/wp-json\/wp\/v2\/comments?post=2886"}],"wp:featuredmedia":[{"embeddable":true,"href":"https:\/\/kastelmeble.radom.pl\/bisparkiet\/wp-json\/wp\/v2\/media\/2913"}],"wp:attachment":[{"href":"https:\/\/kastelmeble.radom.pl\/bisparkiet\/wp-json\/wp\/v2\/media?parent=2886"}],"wp:term":[{"taxonomy":"product_brand","embeddable":true,"href":"https:\/\/kastelmeble.radom.pl\/bisparkiet\/wp-json\/wp\/v2\/product_brand?post=2886"},{"taxonomy":"product_cat","embeddable":true,"href":"https:\/\/kastelmeble.radom.pl\/bisparkiet\/wp-json\/wp\/v2\/product_cat?post=2886"},{"taxonomy":"product_tag","embeddable":true,"href":"https:\/\/kastelmeble.radom.pl\/bisparkiet\/wp-json\/wp\/v2\/product_tag?post=2886"}],"curies":[{"name":"wp","href":"https:\/\/api.w.org\/{rel}","templated":true}]}}