{"id":2870,"date":"2025-05-13T10:08:25","date_gmt":"2025-05-13T08:08:25","guid":{"rendered":"https:\/\/kastelmeble.radom.pl\/bisparkiet\/?post_type=product&#038;p=2870"},"modified":"2025-05-13T10:08:31","modified_gmt":"2025-05-13T08:08:31","slug":"klips-mocujacy-stalowy-gardin-deco","status":"publish","type":"product","link":"https:\/\/kastelmeble.radom.pl\/bisparkiet\/produkt\/klips-mocujacy-stalowy-gardin-deco\/","title":{"rendered":"Klips mocuj\u0105cy stalowy Gardin DECO"},"content":{"rendered":"<p>Klipsy stalowe Gardin\u00a0 wykonane z stali nierdzewnej.<br \/>\nGruba i mocna konstrukcja, bardzo dobrze uk\u0142ada si\u0119 na desce co u\u0142atwia i przyspiesza monta\u017c.<br \/>\nMalowane proszkowo na czarno.<br \/>\nCena dotyczy jednego opakowania zawieraj\u0105cego 100 szt. klips\u00f3w stalowych.<\/p>\n","protected":false},"excerpt":{"rendered":"<p>Cena dotyczy jednego opakowania zawieraj\u0105cego 100 szt. klips\u00f3w stalowych.<\/p>\n","protected":false},"featured_media":2065,"comment_status":"open","ping_status":"closed","template":"","meta":[],"product_brand":[],"product_cat":[38,42],"product_tag":[],"class_list":{"0":"post-2870","1":"product","2":"type-product","3":"status-publish","4":"has-post-thumbnail","6":"product_cat-akcesoria","7":"product_cat-klipsy-ukryty-montaz","9":"first","10":"instock","11":"shipping-taxable","12":"purchasable","13":"product-type-simple"},"_links":{"self":[{"href":"https:\/\/kastelmeble.radom.pl\/bisparkiet\/wp-json\/wp\/v2\/product\/2870","targetHints":{"allow":["GET"]}}],"collection":[{"href":"https:\/\/kastelmeble.radom.pl\/bisparkiet\/wp-json\/wp\/v2\/product"}],"about":[{"href":"https:\/\/kastelmeble.radom.pl\/bisparkiet\/wp-json\/wp\/v2\/types\/product"}],"replies":[{"embeddable":true,"href":"https:\/\/kastelmeble.radom.pl\/bisparkiet\/wp-json\/wp\/v2\/comments?post=2870"}],"wp:featuredmedia":[{"embeddable":true,"href":"https:\/\/kastelmeble.radom.pl\/bisparkiet\/wp-json\/wp\/v2\/media\/2065"}],"wp:attachment":[{"href":"https:\/\/kastelmeble.radom.pl\/bisparkiet\/wp-json\/wp\/v2\/media?parent=2870"}],"wp:term":[{"taxonomy":"product_brand","embeddable":true,"href":"https:\/\/kastelmeble.radom.pl\/bisparkiet\/wp-json\/wp\/v2\/product_brand?post=2870"},{"taxonomy":"product_cat","embeddable":true,"href":"https:\/\/kastelmeble.radom.pl\/bisparkiet\/wp-json\/wp\/v2\/product_cat?post=2870"},{"taxonomy":"product_tag","embeddable":true,"href":"https:\/\/kastelmeble.radom.pl\/bisparkiet\/wp-json\/wp\/v2\/product_tag?post=2870"}],"curies":[{"name":"wp","href":"https:\/\/api.w.org\/{rel}","templated":true}]}}