{"id":2860,"date":"2025-05-13T10:08:25","date_gmt":"2025-05-13T08:08:25","guid":{"rendered":"https:\/\/kastelmeble.radom.pl\/bisparkiet\/?post_type=product&#038;p=2860"},"modified":"2025-05-13T10:08:32","modified_gmt":"2025-05-13T08:08:32","slug":"koopmans-extra-primer-grunt-techniczny","status":"publish","type":"product","link":"https:\/\/kastelmeble.radom.pl\/bisparkiet\/produkt\/koopmans-extra-primer-grunt-techniczny\/","title":{"rendered":"Koopmans Extra Primer &#8211; Grunt Techniczny"},"content":{"rendered":"<div class=\"mpof_ki myre_zn myre_8v_l _0d3bd_YrWCD\">\n<div class=\"mp4t_16_s mryx_16_s mr3m_1 mli2_1 mh85_56 mh85_0_l\">\n<div class=\"mgn2_16 _0d3bd_5pK0q\">\n<h2>Koopmans Extra Primer &#8211; Grunt Techniczny<\/h2>\n<p>Ciek\u0142y<b>\u00a0impregnat do ochrony drewna<\/b>\u00a0na bazie wody do u\u017cytku profesjonalnego oraz powszechnego. Przeznaczony do pierwszego kontaktu z drewnem. Zawiera aktywne<b>\u00a0sk\u0142adniki skutecznie zabezpieczaj\u0105ce drewno przed grzybami<\/b>\u00a0powoduj\u0105cymi jego rozk\u0142ad jak i zabarwienia (sinizna), a tak\u017ce przed technicznymi szkodnikami drewna (owadami).\u00a0<b>Chroni drewno w I, II oraz III klasie<\/b>\u00a0u\u017cytkowania. Charakteryzuje si\u0119 wysok\u0105 zdolno\u015bci\u0105 do penetracji w g\u0142\u0105b drewna, reguluje jego wilgotno\u015b\u0107 oraz tworzy przyczepn\u0105 powierzchni\u0119, kt\u00f3r\u0105 nale\u017cy nast\u0119pnie podda\u0107 dalszej obr\u00f3bce z u\u017cyciem produkt\u00f3w nawierzchniowych\u00a0<b>linii Koopmans Extra Primer .<\/b><\/p>\n<p><b>Kolor<\/b>: Bezbarwny<\/p>\n<p><b>Pojemno\u015b\u0107: <\/b>20L<\/p>\n<\/div>\n<\/div>\n<\/div>\n<div class=\"mpof_ki myre_zn myre_8v_l _0d3bd_YrWCD\">\n<div class=\"mp4t_16_s mryx_16_s mr3m_1 mli2_1 mh85_56 mh85_0_l\">\n<div class=\"mgn2_16 _0d3bd_5pK0q\">\n<p><b>Najwa\u017cniejsze cechy Koopmans Extra Primer:<\/b><\/p>\n<ul>\n<li>gotowy do u\u017cycia<\/li>\n<li>\u0142atwy w aplikacji<\/li>\n<li>bezzapachowy<\/li>\n<li>o skutecznym dzia\u0142aniu<\/li>\n<li>g\u0142\u0119boka penetracja<\/li>\n<li>wysoka ochrona przed biodegradacj\u0105<\/li>\n<li>do zastosowania do wewn\u0105trz i na zewn\u0105trz<\/li>\n<\/ul>\n<div class=\"mpof_ki myre_zn myre_8v_l _0d3bd_YrWCD\">\n<div class=\"mp4t_16_s mryx_16_s mr3m_1 mli2_1 mh85_56 mh85_0_l\">\n<div class=\"mgn2_16 _0d3bd_5pK0q\">\n<p><b>Zastosowanie:<\/b><\/p>\n<ul>\n<li>elewacje<\/li>\n<li>tarasy<\/li>\n<li>drewno ogrodowe (architektura ogrodowa, meble ogrodowe)<\/li>\n<li>podbitki<\/li>\n<li>stolarka otworowa<\/li>\n<\/ul>\n<\/div>\n<\/div>\n<\/div>\n<div class=\"mpof_ki myre_zn myre_8v_l _0d3bd_YrWCD\">\n<div class=\"mp4t_16_s mryx_16_s mr3m_1 mli2_1 mh85_56 mh85_0_l\">\n<div class=\"mgn2_16 _0d3bd_5pK0q\">\n<p><b>Metody aplikacji:<\/b><\/p>\n<ul>\n<li><b>profesjonalne (przemys\u0142owe)<\/b>:\u00a0zanurzenie lub polewanie w specjalnych urz\u0105dzeniach \/ natrysk w zamkni\u0119tych komorach<\/li>\n<li><b>powszechne (indywidualne \/ konsumenckie):\u00a0<\/b>p\u0119dzel \/ wa\u0142ek<\/li>\n<\/ul>\n<p><b>Parametry techniczne:<\/b><\/p>\n<ul>\n<li><b>Wydajno\u015b\u0107<\/b>: ok. 8-10m2 \/ 1l<\/li>\n<li><b>Czas schni\u0119cia:<\/b>\u00a0ok. 5h<\/li>\n<\/ul>\n<\/div>\n<\/div>\n<\/div>\n<\/div>\n<\/div>\n<\/div>\n<p>&nbsp;<\/p>\n<p><strong>Baza wiedzy:<\/strong><\/p>\n<ul>\n<li><a href=\"https:\/\/www.farbydodrewna.pl\/pliki\/TM%20Extra%20Primer.pdf\" target=\"_blank\" rel=\"noopener\">Karta technologiczna<\/a><\/li>\n<\/ul>\n<p>&nbsp;<\/p>\n<p><a href=\"https:\/\/bisparkiet.pl\/product-category\/chemia-parkieciarska\/grunty-i-rozpuszczalniki\/\">Pozosta\u0142e produkty z kategorii Grunty Techniczne w Bisparkiet.pl<\/a><\/p>\n<p>&nbsp;<\/p>\n<h2><strong>Przygotowanie produktu oraz spos\u00f3b u\u017cycia:<\/strong><\/h2>\n<p>Pod\u0142o\u017ce przeznaczone do zabezpieczenia musi by\u0107 czyste, odt\u0142uszczone oraz pozbawione pow\u0142ok malarskich i lakierniczych. Poszarza\u0142e czy zniszczone drewno nale\u017cy przeszlifowa\u0107 do uzyskania czystej, zdrowej powierzchni. W przypadku drewna surowego nale\u017cy sprawdzi\u0107 czy nie jest ono zbyt mocno przeszlifowane. W takiej sytuacji powierzchni\u0119 drewna nale\u017cy przeszlifowa\u0107 papierem \u015bciernym o granulacji P120, tak aby otworzy\u0107 pory u\u0142atwiaj\u0105ce penetracj\u0119 produktu do wewn\u0105trz. Maksymalna wilgotno\u015b\u0107 drewna nie mo\u017ce przekracza\u0107 18%. Przed u\u017cyciem produkt nale\u017cy dobrze wymiesza\u0107. Proces impregnacji nale\u017cy prowadzi\u0107 w zakresie temperatur od 100C do 30\u00b0C. Podczas pracy drewno nie mo\u017ce by\u0107 zmro\u017cone. Preparat rozprowadza\u0107 r\u00f3wnomiernie wzd\u0142u\u017c s\u0142oj\u00f3w nak\u0142adaj\u0105c jego cienk\u0105 warstw\u0119.<\/p>\n<p>Dawka skutecznego dzia\u0142ania: 120 ml \/ 1 m2 co daje zastosowanie 2 warstw produktu.<br \/>\nCzas schni\u0119cia: ok. 4-6 godzin (w temp. ok. 20\u00b0C oraz wilgotno\u015bci wzgl\u0119dnej 65%); w niskiej temperaturze i przy du\u017cej wilgotno\u015bci czas schni\u0119cia ulegnie wyd\u0142u\u017ceniu.<br \/>\nNarz\u0119dzia nale\u017cy my\u0107 ciep\u0142\u0105 wod\u0105 zaraz po u\u017cyciu. Po u\u017cyciu szczelnie zamkn\u0105\u0107 pojemnik. Zapobiega\u0107 przedostaniu si\u0119 produktu do \u015brodowiska wodnego, do gleby oraz do kanalizacji.<br \/>\nPo zako\u0144czeniu obr\u00f3bki \u015bwie\u017co pokryte drewno nale\u017cy z\u0142o\u017cy\u0107 pod zadaszeniem oraz na nieprzepuszczalnej, twardej podstawie, co zapobiegnie przedostaniu si\u0119 produktu bezpo\u015brednio do gleby lub wody. Wszelkie pozosta\u0142o\u015bci produktu nale\u017cy zebra\u0107 celem utylizacji lub ponownego u\u017cycia.<\/p>\n<p>Po obr\u00f3bce drewno nale\u017cy pokry\u0107 odpowiednim produktem nawierzchniowym linii Koopmans. Warstw\u0119 nawierzchniow\u0105 nale\u017cy nak\u0142ada\u0107 bezpo\u015brednio po wyschni\u0119ciu<br \/>\nimpregnatu technicznego. U\u017cywanie produktu i suszenie drewna po obr\u00f3bce powinno odbywa\u0107 si\u0119 na zewn\u0105trz lub w miejscach dobrze wentylowanych.<br \/>\nNie stosowa\u0107 w przypadku wysokiej wilgotno\u015bci i w razie zbli\u017caj\u0105cych si\u0119 opad\u00f3w. W razie w\u0105tpliwo\u015bci nale\u017cy skontaktowa\u0107 si\u0119 z doradc\u0105 technicznym b\u0105d\u017a przedstawicielem firmy Nelf Polska Sp. z o.o..<\/p>\n","protected":false},"excerpt":{"rendered":"<ul>\n<li><b>Wydajno\u015b\u0107<\/b>: ok. 8-10m2 \/ 1l<\/li>\n<li><b>Czas schni\u0119cia:<\/b>\u00a0ok. 5h<\/li>\n<\/ul>\n","protected":false},"featured_media":2877,"comment_status":"closed","ping_status":"closed","template":"","meta":[],"product_brand":[],"product_cat":[74,43],"product_tag":[],"class_list":{"0":"post-2860","1":"product","2":"type-product","3":"status-publish","4":"has-post-thumbnail","6":"product_cat-grunty","7":"product_cat-impregnaty-do-drewna","9":"first","10":"instock","11":"shipping-taxable","12":"purchasable","13":"product-type-variable"},"_links":{"self":[{"href":"https:\/\/kastelmeble.radom.pl\/bisparkiet\/wp-json\/wp\/v2\/product\/2860","targetHints":{"allow":["GET"]}}],"collection":[{"href":"https:\/\/kastelmeble.radom.pl\/bisparkiet\/wp-json\/wp\/v2\/product"}],"about":[{"href":"https:\/\/kastelmeble.radom.pl\/bisparkiet\/wp-json\/wp\/v2\/types\/product"}],"replies":[{"embeddable":true,"href":"https:\/\/kastelmeble.radom.pl\/bisparkiet\/wp-json\/wp\/v2\/comments?post=2860"}],"wp:featuredmedia":[{"embeddable":true,"href":"https:\/\/kastelmeble.radom.pl\/bisparkiet\/wp-json\/wp\/v2\/media\/2877"}],"wp:attachment":[{"href":"https:\/\/kastelmeble.radom.pl\/bisparkiet\/wp-json\/wp\/v2\/media?parent=2860"}],"wp:term":[{"taxonomy":"product_brand","embeddable":true,"href":"https:\/\/kastelmeble.radom.pl\/bisparkiet\/wp-json\/wp\/v2\/product_brand?post=2860"},{"taxonomy":"product_cat","embeddable":true,"href":"https:\/\/kastelmeble.radom.pl\/bisparkiet\/wp-json\/wp\/v2\/product_cat?post=2860"},{"taxonomy":"product_tag","embeddable":true,"href":"https:\/\/kastelmeble.radom.pl\/bisparkiet\/wp-json\/wp\/v2\/product_tag?post=2860"}],"curies":[{"name":"wp","href":"https:\/\/api.w.org\/{rel}","templated":true}]}}