{"id":2840,"date":"2025-05-13T10:08:04","date_gmt":"2025-05-13T08:08:04","guid":{"rendered":"https:\/\/kastelmeble.radom.pl\/bisparkiet\/?post_type=product&#038;p=2840"},"modified":"2025-05-13T10:08:32","modified_gmt":"2025-05-13T08:08:32","slug":"deska-pelna-schodowa-ultrashield-us33-225x138x2800-mm","status":"publish","type":"product","link":"https:\/\/kastelmeble.radom.pl\/bisparkiet\/produkt\/deska-pelna-schodowa-ultrashield-us33-225x138x2800-mm\/","title":{"rendered":"Deska pe\u0142na schodowa Ultrashield US33 -22,5x138x2800 mm"},"content":{"rendered":"<div id=\"description\" class=\"tab-pane fade in active\">\n<div class=\"product-description\">\n<p>&nbsp;<\/p>\n<p>Deska <strong>tarasowa kompozytowa UH02\u00a0 22,5x138x2800 mm<\/strong><\/p>\n<p>Grubo\u015b\u0107:\u00a022,5 mm<\/p>\n<p>Szeroko\u015b\u0107:\u00a0138 mm<\/p>\n<p><strong>Dost\u0119pna w d\u0142ugo\u015bciach:<\/strong>\u00a02800 mm<\/p>\n<p>Kompozyt II generacji pokryty jest zaawansowan\u0105 warstw\u0105 polimerow\u0105. Oznacza to, \u017ce deska posiada z\u0142o\u017con\u0105 os\u0142on\u0119, otaczaj\u0105c\u0105 jej wszystkie cztery boki wok\u00f3\u0142 jej wewn\u0119trznego rdzenia. Os\u0142on\u0119 i rdze\u0144 wyt\u0142acza si\u0119 w formie, przy u\u017cyciu bardzo wysokich temperatur.<\/p>\n<p>Dzi\u0119ki temu nie u\u017cywa si\u0119 klej\u00f3w oraz substancji chemicznych, kt\u00f3re s\u0105 szkodliwe. Deski II generacji s\u0105 os\u0142oni\u0119te ze wszystkich stron, co dodatkowo chroni je przed wilgoci\u0105, ple\u015bni\u0105 oraz grzybami.<\/p>\n<\/div>\n<\/div>\n","protected":false},"excerpt":{"rendered":"<div class=\"product-prices\">\n<div class=\"product-price h5 \">\n<p>108z\u0142\/mb<\/p>\n<\/div>\n<\/div>\n<div class=\"product-information\">\n<div id=\"product-description-short-101\" class=\"product-desc\">\n<p>Dost\u0119pna w d\u0142ugo\u015bci:\u00a02800 mm<\/p>\n<\/div>\n<\/div>\n","protected":false},"featured_media":1620,"comment_status":"open","ping_status":"closed","template":"","meta":[],"product_brand":[],"product_cat":[37,32],"product_tag":[],"class_list":{"0":"post-2840","1":"product","2":"type-product","3":"status-publish","4":"has-post-thumbnail","6":"product_cat-deski-tarasowe-kompozytowe","7":"product_cat-tarasy","8":"product_shipping_class-ponadgabarytowe","10":"first","11":"instock","12":"shipping-taxable","13":"purchasable","14":"product-type-variable","15":"has-default-attributes"},"_links":{"self":[{"href":"https:\/\/kastelmeble.radom.pl\/bisparkiet\/wp-json\/wp\/v2\/product\/2840","targetHints":{"allow":["GET"]}}],"collection":[{"href":"https:\/\/kastelmeble.radom.pl\/bisparkiet\/wp-json\/wp\/v2\/product"}],"about":[{"href":"https:\/\/kastelmeble.radom.pl\/bisparkiet\/wp-json\/wp\/v2\/types\/product"}],"replies":[{"embeddable":true,"href":"https:\/\/kastelmeble.radom.pl\/bisparkiet\/wp-json\/wp\/v2\/comments?post=2840"}],"wp:featuredmedia":[{"embeddable":true,"href":"https:\/\/kastelmeble.radom.pl\/bisparkiet\/wp-json\/wp\/v2\/media\/1620"}],"wp:attachment":[{"href":"https:\/\/kastelmeble.radom.pl\/bisparkiet\/wp-json\/wp\/v2\/media?parent=2840"}],"wp:term":[{"taxonomy":"product_brand","embeddable":true,"href":"https:\/\/kastelmeble.radom.pl\/bisparkiet\/wp-json\/wp\/v2\/product_brand?post=2840"},{"taxonomy":"product_cat","embeddable":true,"href":"https:\/\/kastelmeble.radom.pl\/bisparkiet\/wp-json\/wp\/v2\/product_cat?post=2840"},{"taxonomy":"product_tag","embeddable":true,"href":"https:\/\/kastelmeble.radom.pl\/bisparkiet\/wp-json\/wp\/v2\/product_tag?post=2840"}],"curies":[{"name":"wp","href":"https:\/\/api.w.org\/{rel}","templated":true}]}}