{"id":2834,"date":"2025-05-13T10:08:03","date_gmt":"2025-05-13T08:08:03","guid":{"rendered":"https:\/\/kastelmeble.radom.pl\/bisparkiet\/?post_type=product&#038;p=2834"},"modified":"2025-05-13T10:08:24","modified_gmt":"2025-05-13T08:08:24","slug":"soudal-akryl-blyskawiczny-turbo-280ml","status":"publish","type":"product","link":"https:\/\/kastelmeble.radom.pl\/bisparkiet\/produkt\/soudal-akryl-blyskawiczny-turbo-280ml\/","title":{"rendered":"SOUDAL AKRYL B\u0141YSKAWICZNY TURBO 280ml"},"content":{"rendered":"<h1>Akryl Soudal bia\u0142y \u015bciany\/sufity<\/h1>\n<p>Uszczelniacz na bazie dyspersji akrylowych, kt\u00f3ry charakteryzuje si\u0119 doskona\u0142\u0105 przyczepno\u015bci do wszelkich pod\u0142o\u017cy porowatych, jakie stosowane s\u0105 w budownictwie (w tym do ceg\u0142y, betonu, drewna, kamienia oraz p\u0142yt gipsowo-kartonowych). Akryl firmy Soudal nie zawiera rozpuszczalnik\u00f3w, a po utwardzeniu mo\u017ce by\u0107 szlifowany i malowany. Przeznaczony jest do zastosowa\u0144 wewn\u0119trznych.<\/p>\n<h2>W\u0142a\u015bciwo\u015bci akrylu:<\/h2>\n<ul>\n<li>Trwa\u0142e i odporne na blakni\u0119cie kolory<\/li>\n<li>Po utwardzeniu daje si\u0119 malowa\u0107 i nie przebarwia pow\u0142ok malarskich<\/li>\n<li>Nie powoduje korozji metali<\/li>\n<\/ul>\n<h2>Zastosowanie akrylu:<\/h2>\n<ul>\n<li>Spoinowanie po\u0142\u0105cze\u0144 mi\u0119dzy \u015bcianami i sufitami, p\u0142yt gipsowo-kartonowych itp.<\/li>\n<li>Wype\u0142nianie szpar i p\u0119kni\u0119\u0107 w betonie, murze, tynku, drewnie itp.<\/li>\n<li>Fugowanie listew o\u015bcie\u017cnicowych i przypod\u0142ogowych, parapet\u00f3w, kaseton\u00f3w i gzyms\u00f3w dekoracyjnych itp.<\/li>\n<li>Uszczelnianie po\u0142\u0105cze\u0144 budowlanych o niewielkiej ruchomo\u015bci (do 15%)<\/li>\n<\/ul>\n<p>Dost\u0119pne pojemno\u015bci:\u00a0280 ml (kartusz)<\/p>\n<p>Kolor bia\u0142y<\/p>\n","protected":false},"excerpt":{"rendered":"<p>Akryl Soudal bia\u0142y \u015bciany\/sufity Uszczelniacz na bazie dyspersji akrylowych, kt\u00f3ry charakteryzuje si\u0119 doskona\u0142\u0105 przyczepno\u015bci do wszelkich pod\u0142o\u017cy porowatych, jakie stosowane s\u0105 w budownictwie (w tym do ceg\u0142y, betonu, drewna, kamienia oraz p\u0142yt gipsowo-kartonowych). Akryl firmy Soudal nie zawiera rozpuszczalnik\u00f3w, a po utwardzeniu mo\u017ce by\u0107 szlifowany i malowany. Przeznaczony jest do zastosowa\u0144 wewn\u0119trznych. W\u0142a\u015bciwo\u015bci akrylu: Trwa\u0142e [&hellip;]<\/p>\n","protected":false},"featured_media":2857,"comment_status":"closed","ping_status":"closed","template":"","meta":[],"product_brand":[],"product_cat":[38,75],"product_tag":[],"class_list":{"0":"post-2834","1":"product","2":"type-product","3":"status-publish","4":"has-post-thumbnail","6":"product_cat-akcesoria","7":"product_cat-piany-kleje-kity","8":"product_shipping_class-lekkie-produkty","10":"first","11":"instock","12":"shipping-taxable","13":"purchasable","14":"product-type-simple"},"_links":{"self":[{"href":"https:\/\/kastelmeble.radom.pl\/bisparkiet\/wp-json\/wp\/v2\/product\/2834","targetHints":{"allow":["GET"]}}],"collection":[{"href":"https:\/\/kastelmeble.radom.pl\/bisparkiet\/wp-json\/wp\/v2\/product"}],"about":[{"href":"https:\/\/kastelmeble.radom.pl\/bisparkiet\/wp-json\/wp\/v2\/types\/product"}],"replies":[{"embeddable":true,"href":"https:\/\/kastelmeble.radom.pl\/bisparkiet\/wp-json\/wp\/v2\/comments?post=2834"}],"wp:featuredmedia":[{"embeddable":true,"href":"https:\/\/kastelmeble.radom.pl\/bisparkiet\/wp-json\/wp\/v2\/media\/2857"}],"wp:attachment":[{"href":"https:\/\/kastelmeble.radom.pl\/bisparkiet\/wp-json\/wp\/v2\/media?parent=2834"}],"wp:term":[{"taxonomy":"product_brand","embeddable":true,"href":"https:\/\/kastelmeble.radom.pl\/bisparkiet\/wp-json\/wp\/v2\/product_brand?post=2834"},{"taxonomy":"product_cat","embeddable":true,"href":"https:\/\/kastelmeble.radom.pl\/bisparkiet\/wp-json\/wp\/v2\/product_cat?post=2834"},{"taxonomy":"product_tag","embeddable":true,"href":"https:\/\/kastelmeble.radom.pl\/bisparkiet\/wp-json\/wp\/v2\/product_tag?post=2834"}],"curies":[{"name":"wp","href":"https:\/\/api.w.org\/{rel}","templated":true}]}}