{"id":2831,"date":"2025-05-13T10:08:03","date_gmt":"2025-05-13T08:08:03","guid":{"rendered":"https:\/\/kastelmeble.radom.pl\/bisparkiet\/?post_type=product&#038;p=2831"},"modified":"2025-05-13T10:08:23","modified_gmt":"2025-05-13T08:08:23","slug":"listwa-plaska-gladka-4cm","status":"publish","type":"product","link":"https:\/\/kastelmeble.radom.pl\/bisparkiet\/produkt\/listwa-plaska-gladka-4cm\/","title":{"rendered":"Listwa p\u0142aska g\u0142adka 4cm"},"content":{"rendered":"<p>Listwa p\u0142aska<\/p>\n<ul>\n<li><strong>Szeroko\u015b\u0107:<\/strong> 40mm<\/li>\n<li><strong>Grubo\u015b\u0107:<\/strong>\u00a05mm<\/li>\n<li><strong>Profil:<\/strong>\u00a0G\u0142adka, szlifowana, boki zaoblone<\/li>\n<\/ul>\n","protected":false},"excerpt":{"rendered":"<p>Listwa p\u0142aska Szeroko\u015b\u0107: 40mm Grubo\u015b\u0107:\u00a05mm Profil:\u00a0G\u0142adka, szlifowana, boki zaoblone<\/p>\n","protected":false},"featured_media":2856,"comment_status":"closed","ping_status":"closed","template":"","meta":[],"product_brand":[],"product_cat":[55,71],"product_tag":[],"class_list":{"0":"post-2831","1":"product","2":"type-product","3":"status-publish","4":"has-post-thumbnail","6":"product_cat-elewacje","7":"product_cat-listwy-wykonczeniowe-elewacje","8":"product_shipping_class-ponadgabarytowe","10":"first","11":"instock","12":"shipping-taxable","13":"purchasable","14":"product-type-simple"},"_links":{"self":[{"href":"https:\/\/kastelmeble.radom.pl\/bisparkiet\/wp-json\/wp\/v2\/product\/2831","targetHints":{"allow":["GET"]}}],"collection":[{"href":"https:\/\/kastelmeble.radom.pl\/bisparkiet\/wp-json\/wp\/v2\/product"}],"about":[{"href":"https:\/\/kastelmeble.radom.pl\/bisparkiet\/wp-json\/wp\/v2\/types\/product"}],"replies":[{"embeddable":true,"href":"https:\/\/kastelmeble.radom.pl\/bisparkiet\/wp-json\/wp\/v2\/comments?post=2831"}],"wp:featuredmedia":[{"embeddable":true,"href":"https:\/\/kastelmeble.radom.pl\/bisparkiet\/wp-json\/wp\/v2\/media\/2856"}],"wp:attachment":[{"href":"https:\/\/kastelmeble.radom.pl\/bisparkiet\/wp-json\/wp\/v2\/media?parent=2831"}],"wp:term":[{"taxonomy":"product_brand","embeddable":true,"href":"https:\/\/kastelmeble.radom.pl\/bisparkiet\/wp-json\/wp\/v2\/product_brand?post=2831"},{"taxonomy":"product_cat","embeddable":true,"href":"https:\/\/kastelmeble.radom.pl\/bisparkiet\/wp-json\/wp\/v2\/product_cat?post=2831"},{"taxonomy":"product_tag","embeddable":true,"href":"https:\/\/kastelmeble.radom.pl\/bisparkiet\/wp-json\/wp\/v2\/product_tag?post=2831"}],"curies":[{"name":"wp","href":"https:\/\/api.w.org\/{rel}","templated":true}]}}