{"id":2828,"date":"2025-05-13T10:08:03","date_gmt":"2025-05-13T08:08:03","guid":{"rendered":"https:\/\/kastelmeble.radom.pl\/bisparkiet\/?post_type=product&#038;p=2828"},"modified":"2025-05-13T10:08:21","modified_gmt":"2025-05-13T08:08:21","slug":"soudal-kit-do-parkietu-dab","status":"publish","type":"product","link":"https:\/\/kastelmeble.radom.pl\/bisparkiet\/produkt\/soudal-kit-do-parkietu-dab\/","title":{"rendered":"SOUDAL Kit do parkietu -D\u0104B"},"content":{"rendered":"<h2>W\u0142a\u015bciwo\u015bci kitu do parkietu:<\/h2>\n<ul>\n<li>po utwardzeniu daje si\u0119 malowa\u0107 i\u00a0lakierowa\u0107<\/li>\n<li>nie zawiera rozpuszczalnik\u00f3w<\/li>\n<li>nie przebarwia drewna ani brzeg\u00f3w paneli laminowanych<\/li>\n<li>po utwardzeniu niewra\u017cliwy na przypadkowe zalanie wod\u0105<\/li>\n<li>nie p\u0119ka i\u00a0nie kruszy si\u0119<\/li>\n<\/ul>\n<h2>Zastosowanie kitu do parkietu:<\/h2>\n<ul>\n<li>wype\u0142nianie szczelin i\u00a0szpar w\u00a0pod\u0142ogach drewnianych i\u00a0laminowanych<\/li>\n<li>spoinowanie listew przypod\u0142ogowych i o\u015bcie\u017cnicowych<\/li>\n<li>maskowanie szczelin po\u0142\u0105czeniowych w\u00a0boazeriach, \u015bciankach dzia\u0142owych, przepierzeniach itp.<\/li>\n<\/ul>\n<p>Dost\u0119pne pojemno\u015bci<b>: 280 ml (kartusz)<\/b><\/p>\n<p>Kolor<b>:<\/b> D\u0104B<\/p>\n","protected":false},"excerpt":{"rendered":"<p><b>Uszczelniacz na bazie<\/b>\u00a0dyspersji akrylowych &#8211; w\u00a0kolorach dopasowanych do najpopularniejszych gatunk\u00f3w parkietu.<\/p>\n<p>&nbsp;<\/p>\n","protected":false},"featured_media":0,"comment_status":"closed","ping_status":"closed","template":"","meta":[],"product_brand":[],"product_cat":[38,75],"product_tag":[],"class_list":{"0":"post-2828","1":"product","2":"type-product","3":"status-publish","5":"product_cat-akcesoria","6":"product_cat-piany-kleje-kity","8":"first","9":"instock","10":"shipping-taxable","11":"purchasable","12":"product-type-simple"},"_links":{"self":[{"href":"https:\/\/kastelmeble.radom.pl\/bisparkiet\/wp-json\/wp\/v2\/product\/2828","targetHints":{"allow":["GET"]}}],"collection":[{"href":"https:\/\/kastelmeble.radom.pl\/bisparkiet\/wp-json\/wp\/v2\/product"}],"about":[{"href":"https:\/\/kastelmeble.radom.pl\/bisparkiet\/wp-json\/wp\/v2\/types\/product"}],"replies":[{"embeddable":true,"href":"https:\/\/kastelmeble.radom.pl\/bisparkiet\/wp-json\/wp\/v2\/comments?post=2828"}],"wp:attachment":[{"href":"https:\/\/kastelmeble.radom.pl\/bisparkiet\/wp-json\/wp\/v2\/media?parent=2828"}],"wp:term":[{"taxonomy":"product_brand","embeddable":true,"href":"https:\/\/kastelmeble.radom.pl\/bisparkiet\/wp-json\/wp\/v2\/product_brand?post=2828"},{"taxonomy":"product_cat","embeddable":true,"href":"https:\/\/kastelmeble.radom.pl\/bisparkiet\/wp-json\/wp\/v2\/product_cat?post=2828"},{"taxonomy":"product_tag","embeddable":true,"href":"https:\/\/kastelmeble.radom.pl\/bisparkiet\/wp-json\/wp\/v2\/product_tag?post=2828"}],"curies":[{"name":"wp","href":"https:\/\/api.w.org\/{rel}","templated":true}]}}