{"id":2822,"date":"2025-05-13T10:08:03","date_gmt":"2025-05-13T08:08:03","guid":{"rendered":"https:\/\/kastelmeble.radom.pl\/bisparkiet\/?post_type=product&#038;p=2822"},"modified":"2025-05-13T10:08:15","modified_gmt":"2025-05-13T08:08:15","slug":"system-ruchomych-deseczek-brazowy","status":"publish","type":"product","link":"https:\/\/kastelmeble.radom.pl\/bisparkiet\/produkt\/system-ruchomych-deseczek-brazowy\/","title":{"rendered":"System ruchomych deseczek &#8211; br\u0105zowy"},"content":{"rendered":"<p>Zestaw sk\u0142ada si\u0119 z dw\u00f3ch mechanizm\u00f3w (lewy i prawy), odpowiadaj\u0105cy za mo\u017cliwo\u015b\u0107 zmiany pozycji desek (otw\u00f3rz-zamknij).<\/p>\n<p>Odpowiedni do deseczek o szer. 10,6 cm<\/p>\n<div>Wymiary systemu\u00a0 \u2013 1,5cm x 4,5cm x 51,5cm<\/div>\n<div>Po z\u0142\u0105czeniu system\u00f3w, tylko pierwszy system kryje 51,5cm, ka\u017cdy nast\u0119pny 50cm.<br \/>\nSystemy mo\u017cna dowolnie docina\u0107 w zale\u017cno\u015bci od wymiar\u00f3w.<\/div>\n<div>Prawid\u0142owe ci\u0119cie systemu powinno odbywa\u0107 si\u0119 przy zamkni\u0119tej pozycji systemu,\u00a0 co 10 cm w miejscu \u0142\u0105czenia si\u0119 desek.<\/div>\n<p>Kolor:<\/p>\n<ul>\n<li>br\u0105zowy &#8211; RAL 8011<\/li>\n<\/ul>\n<div><\/div>\n","protected":false},"excerpt":{"rendered":"<p>Zestaw sk\u0142ada si\u0119 z dw\u00f3ch mechanizm\u00f3w (lewy i prawy), odpowiadaj\u0105cy za mo\u017cliwo\u015b\u0107 zmiany pozycji desek (otw\u00f3rz-zamknij). Odpowiedni do deseczek o szer. 10,6 cm Wymiary systemu\u00a0 \u2013 1,5cm x 4,5cm x 51,5cm Po z\u0142\u0105czeniu system\u00f3w, tylko pierwszy system kryje 51,5cm, ka\u017cdy nast\u0119pny 50cm. Systemy mo\u017cna dowolnie docina\u0107 w zale\u017cno\u015bci od wymiar\u00f3w. Prawid\u0142owe ci\u0119cie systemu powinno odbywa\u0107 [&hellip;]<\/p>\n","protected":false},"featured_media":2852,"comment_status":"closed","ping_status":"closed","template":"","meta":[],"product_brand":[],"product_cat":[76,78],"product_tag":[317,312,318,319,320,321],"class_list":{"0":"post-2822","1":"product","2":"type-product","3":"status-publish","4":"has-post-thumbnail","6":"product_cat-ruchome-deseczki","7":"product_cat-systemy-do-zaluzji","8":"product_tag-deseczki","9":"product_tag-ogrodowe-zaluzje","10":"product_tag-ruchome","11":"product_tag-ruchomedeseczki","12":"product_tag-shuterssy","13":"product_tag-system-ogrodowych-zaluzji","14":"product_shipping_class-ruchome-deseczki","16":"first","17":"instock","18":"shipping-taxable","19":"purchasable","20":"product-type-simple"},"_links":{"self":[{"href":"https:\/\/kastelmeble.radom.pl\/bisparkiet\/wp-json\/wp\/v2\/product\/2822","targetHints":{"allow":["GET"]}}],"collection":[{"href":"https:\/\/kastelmeble.radom.pl\/bisparkiet\/wp-json\/wp\/v2\/product"}],"about":[{"href":"https:\/\/kastelmeble.radom.pl\/bisparkiet\/wp-json\/wp\/v2\/types\/product"}],"replies":[{"embeddable":true,"href":"https:\/\/kastelmeble.radom.pl\/bisparkiet\/wp-json\/wp\/v2\/comments?post=2822"}],"wp:featuredmedia":[{"embeddable":true,"href":"https:\/\/kastelmeble.radom.pl\/bisparkiet\/wp-json\/wp\/v2\/media\/2852"}],"wp:attachment":[{"href":"https:\/\/kastelmeble.radom.pl\/bisparkiet\/wp-json\/wp\/v2\/media?parent=2822"}],"wp:term":[{"taxonomy":"product_brand","embeddable":true,"href":"https:\/\/kastelmeble.radom.pl\/bisparkiet\/wp-json\/wp\/v2\/product_brand?post=2822"},{"taxonomy":"product_cat","embeddable":true,"href":"https:\/\/kastelmeble.radom.pl\/bisparkiet\/wp-json\/wp\/v2\/product_cat?post=2822"},{"taxonomy":"product_tag","embeddable":true,"href":"https:\/\/kastelmeble.radom.pl\/bisparkiet\/wp-json\/wp\/v2\/product_tag?post=2822"}],"curies":[{"name":"wp","href":"https:\/\/api.w.org\/{rel}","templated":true}]}}