{"id":2820,"date":"2025-05-13T10:08:03","date_gmt":"2025-05-13T08:08:03","guid":{"rendered":"https:\/\/kastelmeble.radom.pl\/bisparkiet\/?post_type=product&#038;p=2820"},"modified":"2025-05-13T10:08:08","modified_gmt":"2025-05-13T08:08:08","slug":"ruchome-deseczki-shuttersy-19-cm-x106-cmx124cm","status":"publish","type":"product","link":"https:\/\/kastelmeble.radom.pl\/bisparkiet\/produkt\/ruchome-deseczki-shuttersy-19-cm-x106-cmx124cm\/","title":{"rendered":"Ruchome deseczki\/Shuttersy 1,9 cm x10,6 cmx124cm"},"content":{"rendered":"<div class=\"mp4t_16_s mryx_16_s mr3m_1 mli2_1 mh85_56 mh85_0_l\">\n<div class=\"mgn2_16 _0d3bd_am0a-\">\n<p>Deski \u015bwierkowe klasa AB w stanie surowym (nieimpregnowane), wysuszone.<\/p>\n<p>Cena dotyczy 1 sztuki deski w wybranej d\u0142ugo\u015bci.<\/p>\n<p>Wyst\u0119puj\u0105 w d\u0142ugo\u015bciach 124 cm oraz 100 cm.<\/p>\n<p>wymiar ca\u0142kowity 1 deski<\/p>\n<p>szeroko\u015b\u0107 &#8211; 10,6 cm +\/- 1mm<\/p>\n<p>grubo\u015b\u0107 &#8211; 1,9 cm +\/- 1 mm<\/p>\n<p>d\u0142ugo\u015b\u0107 &#8211; 124 cm +\/- 2 mm<\/p>\n<p>&nbsp;<\/p>\n<\/div>\n<\/div>\n","protected":false},"excerpt":{"rendered":"<p>Cena dotyczy 1 sztuki deseczki w wybranym rozmiarze.<\/p>\n<p>Deski \u015bwierkowe klasa AB w stanie surowym (nieimpregnowane), wysuszone.<\/p>\n<p>&nbsp;<\/p>\n","protected":false},"featured_media":2849,"comment_status":"closed","ping_status":"closed","template":"","meta":[],"product_brand":[],"product_cat":[76],"product_tag":[311,312,313,314,315,316],"class_list":{"0":"post-2820","1":"product","2":"type-product","3":"status-publish","4":"has-post-thumbnail","6":"product_cat-ruchome-deseczki","7":"product_tag-deseczki-do-altany","8":"product_tag-ogrodowe-zaluzje","9":"product_tag-ruchome-deseczki","10":"product_tag-zabudowa-altany","11":"product_tag-zabudowa-tarasow","12":"product_tag-zaluzje-tarasowe","13":"product_shipping_class-ruchome-deseczki","15":"first","16":"instock","17":"shipping-taxable","18":"purchasable","19":"product-type-simple"},"_links":{"self":[{"href":"https:\/\/kastelmeble.radom.pl\/bisparkiet\/wp-json\/wp\/v2\/product\/2820","targetHints":{"allow":["GET"]}}],"collection":[{"href":"https:\/\/kastelmeble.radom.pl\/bisparkiet\/wp-json\/wp\/v2\/product"}],"about":[{"href":"https:\/\/kastelmeble.radom.pl\/bisparkiet\/wp-json\/wp\/v2\/types\/product"}],"replies":[{"embeddable":true,"href":"https:\/\/kastelmeble.radom.pl\/bisparkiet\/wp-json\/wp\/v2\/comments?post=2820"}],"wp:featuredmedia":[{"embeddable":true,"href":"https:\/\/kastelmeble.radom.pl\/bisparkiet\/wp-json\/wp\/v2\/media\/2849"}],"wp:attachment":[{"href":"https:\/\/kastelmeble.radom.pl\/bisparkiet\/wp-json\/wp\/v2\/media?parent=2820"}],"wp:term":[{"taxonomy":"product_brand","embeddable":true,"href":"https:\/\/kastelmeble.radom.pl\/bisparkiet\/wp-json\/wp\/v2\/product_brand?post=2820"},{"taxonomy":"product_cat","embeddable":true,"href":"https:\/\/kastelmeble.radom.pl\/bisparkiet\/wp-json\/wp\/v2\/product_cat?post=2820"},{"taxonomy":"product_tag","embeddable":true,"href":"https:\/\/kastelmeble.radom.pl\/bisparkiet\/wp-json\/wp\/v2\/product_tag?post=2820"}],"curies":[{"name":"wp","href":"https:\/\/api.w.org\/{rel}","templated":true}]}}