{"id":2815,"date":"2025-05-13T10:07:55","date_gmt":"2025-05-13T08:07:55","guid":{"rendered":"https:\/\/kastelmeble.radom.pl\/bisparkiet\/?post_type=product&#038;p=2815"},"modified":"2025-05-13T10:07:58","modified_gmt":"2025-05-13T08:07:58","slug":"remmers-aqua-ig-15-impregnujaca-powloka-gruntujaca-5l","status":"publish","type":"product","link":"https:\/\/kastelmeble.radom.pl\/bisparkiet\/produkt\/remmers-aqua-ig-15-impregnujaca-powloka-gruntujaca-5l\/","title":{"rendered":"Remmers Aqua IG-15 Impregnuj\u0105ca pow\u0142oka gruntuj\u0105ca 5l"},"content":{"rendered":"<p><strong>\u015arodek na bazie wodnej,\u00a0 do ochrony drewna, zabezpieczaj\u0105cy przed sinizn\u0105, zgnilizn\u0105 i owadami, w tym termitami.<\/strong><\/p>\n<p><strong>Zastosowanie<\/strong><\/p>\n<ul>\n<li>Do zewn\u0119trznych konstrukcji drewnianych tj. altany ogrodowe, wiaty samochodowe, p\u0142oty,<\/li>\n<li>Jako warstwa gruntuj\u0105ca pod pow\u0142oki lazuruj\u0105ce i kryj\u0105ce<\/li>\n<\/ul>\n<p><strong>W\u0142a\u015bciwo\u015bci<\/strong><\/p>\n<ul>\n<li>Chroni drewno przed sinizn\u0105, zgnilizn\u0105 i owadami (w tym termitami)<\/li>\n<li>Reguluje wilgotno\u015b\u0107 drewna, odporny na p\u0119cznienie<\/li>\n<\/ul>\n<p><strong>Zu\u017cycie<\/strong>\u00a0 \u00a0Stosowanie przeciwko grzybom, owadom i termitom:\u00a0 100 ml\/m\u00b2<\/p>\n","protected":false},"excerpt":{"rendered":"<p><strong>\u015arodek na bazie wodnej,\u00a0 do ochrony drewna, zabezpieczaj\u0105cy przed sinizn\u0105, zgnilizn\u0105 i owadami, w tym termitami.<\/strong><\/p>\n","protected":false},"featured_media":2817,"comment_status":"closed","ping_status":"closed","template":"","meta":[],"product_brand":[],"product_cat":[74],"product_tag":[306,307,308],"class_list":{"0":"post-2815","1":"product","2":"type-product","3":"status-publish","4":"has-post-thumbnail","6":"product_cat-grunty","7":"product_tag-grunt-do-drewna","8":"product_tag-ochrona-drewna","9":"product_tag-powloka-gruntujaca","10":"product_shipping_class-ciezkie-paczki-kurier-5-25kg","12":"first","13":"instock","14":"shipping-taxable","15":"purchasable","16":"product-type-simple"},"_links":{"self":[{"href":"https:\/\/kastelmeble.radom.pl\/bisparkiet\/wp-json\/wp\/v2\/product\/2815","targetHints":{"allow":["GET"]}}],"collection":[{"href":"https:\/\/kastelmeble.radom.pl\/bisparkiet\/wp-json\/wp\/v2\/product"}],"about":[{"href":"https:\/\/kastelmeble.radom.pl\/bisparkiet\/wp-json\/wp\/v2\/types\/product"}],"replies":[{"embeddable":true,"href":"https:\/\/kastelmeble.radom.pl\/bisparkiet\/wp-json\/wp\/v2\/comments?post=2815"}],"wp:featuredmedia":[{"embeddable":true,"href":"https:\/\/kastelmeble.radom.pl\/bisparkiet\/wp-json\/wp\/v2\/media\/2817"}],"wp:attachment":[{"href":"https:\/\/kastelmeble.radom.pl\/bisparkiet\/wp-json\/wp\/v2\/media?parent=2815"}],"wp:term":[{"taxonomy":"product_brand","embeddable":true,"href":"https:\/\/kastelmeble.radom.pl\/bisparkiet\/wp-json\/wp\/v2\/product_brand?post=2815"},{"taxonomy":"product_cat","embeddable":true,"href":"https:\/\/kastelmeble.radom.pl\/bisparkiet\/wp-json\/wp\/v2\/product_cat?post=2815"},{"taxonomy":"product_tag","embeddable":true,"href":"https:\/\/kastelmeble.radom.pl\/bisparkiet\/wp-json\/wp\/v2\/product_tag?post=2815"}],"curies":[{"name":"wp","href":"https:\/\/api.w.org\/{rel}","templated":true}]}}