{"id":2710,"date":"2025-05-13T10:07:24","date_gmt":"2025-05-13T08:07:24","guid":{"rendered":"https:\/\/kastelmeble.radom.pl\/bisparkiet\/?post_type=product&#038;p=2710"},"modified":"2025-05-13T10:07:48","modified_gmt":"2025-05-13T08:07:48","slug":"remmers-impregnat-lazurujacy-hk-lazura-3w1-5l","status":"publish","type":"product","link":"https:\/\/kastelmeble.radom.pl\/bisparkiet\/produkt\/remmers-impregnat-lazurujacy-hk-lazura-3w1-5l\/","title":{"rendered":"Remmers Impregnat lazuruj\u0105cy HK-Lazura 3w1 5L"},"content":{"rendered":"<h3 class=\"f--bold\">W\u0142a\u015bciwo\u015bci<\/h3>\n<ul>\n<li>3 w 1: impregnat, pow\u0142oka gruntuj\u0105ca i lazura<\/li>\n<li>Ochrona drewna przed wilgoci\u0105 i promieniowaniem UV<\/li>\n<li>Efekt impregnuj\u0105cy: wysycenie drewna, zabezpieczaj\u0105ce przed wilgoci\u0105<\/li>\n<li>Pow\u0142oka przepuszczaj\u0105ca par\u0119 wodn\u0105: wilgo\u0107 mo\u017ce si\u0119 ulatnia\u0107<\/li>\n<li>Dzia\u0142a hydrofobizuj\u0105co: mokre powierzchnie szybko wysychaj\u0105<\/li>\n<li>W po\u0142\u0105czeniu z ochron\u0105 konstrukcyjn\u0105 ogranicza niebezpiecze\u0144stwo powstania zgnilizny<\/li>\n<li>Podwy\u017cszona zawarto\u015b\u0107 fazy sta\u0142ej zabezpiecza przed \u017cerowaniem os<\/li>\n<li>Pow\u0142oka zabezpieczona przed ple\u015bni\u0105, glonami i sinizn\u0105<\/li>\n<li>Ewentualne poprawki nie wymagaj\u0105 uprzedniego szlifowania pow\u0142oki<\/li>\n<\/ul>\n<h3 class=\"f--bold\">Zakres zastosowania<\/h3>\n<ul>\n<li>Do drewna stosowanego na zewn\u0105trz<\/li>\n<li>Drewno bez kontaktu z gruntem<\/li>\n<li>Do niestabilnych wymiarowo drewnianych element\u00f3w budowlanych, jak np. p\u0142oty, konstrukcje szachulcowe, wiaty samochodowe, deskowania<\/li>\n<li>Do drewnianych element\u00f3w budowlanych stabilnych wymiarowo w ograniczonym zakresie, takich jak okiennice, profile drewniane, altany ogrodowe<\/li>\n<li>Do drewnianych element\u00f3w budowlanych stabilnych wymiarowo (tylko jako podk\u0142ad): np. do okien i drzwi.<\/li>\n<li>Jako pow\u0142oka gruntuj\u0105ca, mi\u0119dzywarstwa i pow\u0142oka ko\u0144cowa<\/li>\n<\/ul>\n","protected":false},"excerpt":{"rendered":"<ul>\n<li>3 w 1: impregnat, pow\u0142oka gruntuj\u0105ca i lazura<\/li>\n<li>Ochrona drewna przed wilgoci\u0105 i promieniowaniem UV<\/li>\n<li>Efekt impregnuj\u0105cy: wysycenie drewna, zabezpieczaj\u0105ce przed wilgoci\u0105<\/li>\n<li>Pow\u0142oka przepuszczaj\u0105ca par\u0119 wodn\u0105: wilgo\u0107 mo\u017ce si\u0119 ulatnia\u0107<\/li>\n<\/ul>\n","protected":false},"featured_media":2122,"comment_status":"open","ping_status":"closed","template":"","meta":[],"product_brand":[],"product_cat":[43,63],"product_tag":[],"class_list":{"0":"post-2710","1":"product","2":"type-product","3":"status-publish","4":"has-post-thumbnail","6":"product_cat-impregnaty-do-drewna","7":"product_cat-lazury-do-drewna","8":"product_shipping_class-lekkie-produkty","10":"first","11":"instock","12":"shipping-taxable","13":"purchasable","14":"product-type-variable","15":"has-default-attributes"},"_links":{"self":[{"href":"https:\/\/kastelmeble.radom.pl\/bisparkiet\/wp-json\/wp\/v2\/product\/2710","targetHints":{"allow":["GET"]}}],"collection":[{"href":"https:\/\/kastelmeble.radom.pl\/bisparkiet\/wp-json\/wp\/v2\/product"}],"about":[{"href":"https:\/\/kastelmeble.radom.pl\/bisparkiet\/wp-json\/wp\/v2\/types\/product"}],"replies":[{"embeddable":true,"href":"https:\/\/kastelmeble.radom.pl\/bisparkiet\/wp-json\/wp\/v2\/comments?post=2710"}],"wp:featuredmedia":[{"embeddable":true,"href":"https:\/\/kastelmeble.radom.pl\/bisparkiet\/wp-json\/wp\/v2\/media\/2122"}],"wp:attachment":[{"href":"https:\/\/kastelmeble.radom.pl\/bisparkiet\/wp-json\/wp\/v2\/media?parent=2710"}],"wp:term":[{"taxonomy":"product_brand","embeddable":true,"href":"https:\/\/kastelmeble.radom.pl\/bisparkiet\/wp-json\/wp\/v2\/product_brand?post=2710"},{"taxonomy":"product_cat","embeddable":true,"href":"https:\/\/kastelmeble.radom.pl\/bisparkiet\/wp-json\/wp\/v2\/product_cat?post=2710"},{"taxonomy":"product_tag","embeddable":true,"href":"https:\/\/kastelmeble.radom.pl\/bisparkiet\/wp-json\/wp\/v2\/product_tag?post=2710"}],"curies":[{"name":"wp","href":"https:\/\/api.w.org\/{rel}","templated":true}]}}