{"id":2708,"date":"2025-05-13T10:07:24","date_gmt":"2025-05-13T08:07:24","guid":{"rendered":"https:\/\/kastelmeble.radom.pl\/bisparkiet\/?post_type=product&#038;p=2708"},"modified":"2025-05-13T10:07:45","modified_gmt":"2025-05-13T08:07:45","slug":"deska-tarasowa-thermo-sosna-26x140mm","status":"publish","type":"product","link":"https:\/\/kastelmeble.radom.pl\/bisparkiet\/produkt\/deska-tarasowa-thermo-sosna-26x140mm\/","title":{"rendered":"Deska tarasowa Thermo sosna 26x140mm"},"content":{"rendered":"<p><strong>Deska tarasowa\u00a0 Thermo sosna 26&#215;140 mm<\/strong><\/p>\n<p>Profil: g\u0142adka\/ryflowana<\/p>\n<p>Grubo\u015b\u0107: 26 mm<\/p>\n<p>Szeroko\u015b\u0107: 140 mm<\/p>\n<p>Dost\u0119pne d\u0142ugo\u015bci: 4500mm<\/p>\n<p>System monta\u017cu: widoczny<\/p>\n<p>Deska tarasowa thermo sosna poddana obr\u00f3bce termicznej jest odporna na warunki atmosferyczne, dzi\u0119ki czemu materia\u0142 jest trwa\u0142y i stabilny, zaliczany do 2 klasy odporno\u015bci.<\/p>\n<p>Nie wymaga zabezpieczania ani impregnowania. W celu zachowania oryginalnego koloru b\u0105d\u017a wybarwieniu deski na inny kolor mo\u017cna zastosowa\u0107 olejowanie. Bez olejowania drewno pod wp\u0142ywem promieni UV i deszczu spatynuje na szaro. Proces patynowania nie wp\u0142ywa na trwa\u0142o\u015b\u0107 i stabilno\u015b\u0107 drewna.<br \/>\n<strong>Profil:\u00a0 <\/strong>g\u0142adka\/ryflowana<\/p>\n<p><strong>Grubo\u015b\u0107:<\/strong> 26 mm<\/p>\n<p><strong>Szeroko\u015b\u0107:<\/strong> 140 mm<\/p>\n<p><strong>Dost\u0119pne d\u0142ugo\u015bci:<\/strong> 4500mm<\/p>\n<p><strong>System monta\u017cu:<\/strong> widoczny<\/p>\n<p>Deska tarasowa thermo sosna poddana obr\u00f3bce termicznej\u00a0 jest odporna na warunki atmosferyczne, dzi\u0119ki czemu materia\u0142 jest trwa\u0142y i stabilny, zaliczany do 2 klasy odporno\u015bci.<\/p>\n<p>Nie wymaga zabezpieczania ani impregnowania. W celu zachowania oryginalnego koloru b\u0105d\u017a wybarwieniu deski na inny kolor mo\u017cna zastosowa\u0107 olejghowanie. Bez olejowania drewno pod wp\u0142ywem promieni UV i deszczu spatynuje na szaro. Proces patynowania nie wp\u0142ywa na trwa\u0142o\u015b\u0107 i stabilno\u015b\u0107 drewna.<\/p>\n<p>&nbsp;<\/p>\n","protected":false},"excerpt":{"rendered":"<p><strong>Cena dotyczy 1 szt deski tarasowej\u00a0 thermo sosna 26&#215;140 mm w d\u0142. 4,5m<\/strong><\/p>\n<p><strong>Profil:\u00a0 <\/strong>g\u0142adka\/ryflowana<\/p>\n<p><strong>Grubo\u015b\u0107:<\/strong> 26 mm<\/p>\n<p><strong>Szeroko\u015b\u0107:<\/strong> 140 mm<\/p>\n<p><strong>Klasa:<\/strong> Natur<\/p>\n","protected":false},"featured_media":2726,"comment_status":"open","ping_status":"closed","template":"","meta":[],"product_brand":[],"product_cat":[33,32],"product_tag":[298,299,300,301,302],"class_list":{"0":"post-2708","1":"product","2":"type-product","3":"status-publish","4":"has-post-thumbnail","6":"product_cat-deski-tarasowe-thermo","7":"product_cat-tarasy","8":"product_tag-niska-cena-termo","9":"product_tag-taras-termo-sosna","10":"product_tag-taras-z-deski-termo","11":"product_tag-termo-sosna-taras","12":"product_tag-thermo-sosna","13":"product_shipping_class-ponadgabarytowe","15":"first","16":"instock","17":"shipping-taxable","18":"purchasable","19":"product-type-variable","20":"has-default-attributes"},"_links":{"self":[{"href":"https:\/\/kastelmeble.radom.pl\/bisparkiet\/wp-json\/wp\/v2\/product\/2708","targetHints":{"allow":["GET"]}}],"collection":[{"href":"https:\/\/kastelmeble.radom.pl\/bisparkiet\/wp-json\/wp\/v2\/product"}],"about":[{"href":"https:\/\/kastelmeble.radom.pl\/bisparkiet\/wp-json\/wp\/v2\/types\/product"}],"replies":[{"embeddable":true,"href":"https:\/\/kastelmeble.radom.pl\/bisparkiet\/wp-json\/wp\/v2\/comments?post=2708"}],"wp:featuredmedia":[{"embeddable":true,"href":"https:\/\/kastelmeble.radom.pl\/bisparkiet\/wp-json\/wp\/v2\/media\/2726"}],"wp:attachment":[{"href":"https:\/\/kastelmeble.radom.pl\/bisparkiet\/wp-json\/wp\/v2\/media?parent=2708"}],"wp:term":[{"taxonomy":"product_brand","embeddable":true,"href":"https:\/\/kastelmeble.radom.pl\/bisparkiet\/wp-json\/wp\/v2\/product_brand?post=2708"},{"taxonomy":"product_cat","embeddable":true,"href":"https:\/\/kastelmeble.radom.pl\/bisparkiet\/wp-json\/wp\/v2\/product_cat?post=2708"},{"taxonomy":"product_tag","embeddable":true,"href":"https:\/\/kastelmeble.radom.pl\/bisparkiet\/wp-json\/wp\/v2\/product_tag?post=2708"}],"curies":[{"name":"wp","href":"https:\/\/api.w.org\/{rel}","templated":true}]}}