{"id":2705,"date":"2025-05-13T10:07:24","date_gmt":"2025-05-13T08:07:24","guid":{"rendered":"https:\/\/kastelmeble.radom.pl\/bisparkiet\/?post_type=product&#038;p=2705"},"modified":"2025-05-13T10:07:45","modified_gmt":"2025-05-13T08:07:45","slug":"deska-elewacyjna-thermo-sosna-19x142-mm-faza","status":"publish","type":"product","link":"https:\/\/kastelmeble.radom.pl\/bisparkiet\/produkt\/deska-elewacyjna-thermo-sosna-19x142-mm-faza\/","title":{"rendered":"Deska elewacyjna Thermo sosna 19&#215;142 mm faza"},"content":{"rendered":"<div id=\"description\" class=\"tab-pane fade in active\">\n<div class=\"product-description\">\n<p><b>Deska elewacyjna Thermo sosna<\/b>\u00a0 <strong>19&#215;142<\/strong><b>\u00a0mm<\/b><\/p>\n<p><b>Profil<\/b>:Faza<\/p>\n<p><b>Grubo\u015b\u0107:<\/b> 19 mm<\/p>\n<p><b>Szeroko\u015b\u0107:<\/b> 142 mm<\/p>\n<p><b>Dost\u0119pne d\u0142ugo\u015bci:<\/b> 3900 mm, 4500mm<\/p>\n<p>&nbsp;<\/p>\n<p>Deska\u00a0 z sosny termowanej zachowuje \u017cywy, kontrastowy rysunek surowego drewna sosnowego z charakterystycznie zaznaczonymi s\u0119kami. Owalne s\u0119ki niczym skrzyd\u0142a przerywaj\u0105 formy s\u0142oi rocznych, tworz\u0105c doskona\u0142\u0105 nieregularno\u015b\u0107. Dzi\u0119ki uszlachetnieniu termicznemu sosna przybiera cieplejsz\u0105 barw\u0119 karmelu. Elewacja z sosny termowanej pozwala uzyska\u0107 nowoczesn\u0105 naturalno\u015b\u0107 i przytulny, b\u0142ogi nastr\u00f3j.<\/p>\n<p>Modyfikacje termiczne sosny zapewniaj\u0105 stabilno\u015b\u0107 kszta\u0142tu i trwa\u0142o\u015b\u0107 przy d\u0142ugotrwa\u0142ym stosowaniu na \u015bwie\u017cym powietrzu.Usuni\u0119ta zosta\u0142a \u017cywica, dlatego nie ma ryzyka jej wyp\u0142ywania. Wyeliminowane zosta\u0142y zwi\u0105zki emituj\u0105ce formaldehyd, co czyni drewno termowane bezpiecznym do stosowania wewn\u0105trz i na zewn\u0105trz domu. Bakterie zosta\u0142y zabite, co skutkuje tym, \u017ce drewno jest bardziej higieniczne.<\/p>\n<p>Deska elewacyjna z sosny termowanej pod wp\u0142ywem \u015bwiat\u0142a i pogody nabiera atrakcyjnego srebrnoszarego po\u0142ysku.<\/p>\n<p>Przy regularnej piel\u0119gnacji olejem zachowuje swoj\u0105 cudown\u0105 barw\u0119 \u015bredniego br\u0105zu.<\/p>\n<p>&nbsp;<\/p>\n<p><strong>Przed zakupem prosimy o kontakt w celu sprawdzenia dost\u0119pno\u015bci oraz ustalenia szczeg\u00f3\u0142\u00f3w transportu.<\/strong><\/p>\n<p><b>Oferujemy r\u00f3wnie\u017c monta\u017c taras\u00f3w i elewacji.<\/b><\/p>\n<p><b>Zadzwo\u0144 lub napisz a my przygotujemy ofert\u0119.<\/b><\/p>\n<\/div>\n<\/div>\n","protected":false},"excerpt":{"rendered":"<p>Cena dotyczy 1 szt deski\u00a0 elewacjyjnej Thermo sosna wybranej d\u0142ugo\u015bci<\/p>\n<p>Profil:Faza<\/p>\n<p>Grubo\u015b\u0107: 19 mm<\/p>\n<p>Szeroko\u015b\u0107: 142 mm<\/p>\n<p>&nbsp;<\/p>\n","protected":false},"featured_media":2725,"comment_status":"open","ping_status":"closed","template":"","meta":[],"product_brand":[],"product_cat":[60,55],"product_tag":[],"class_list":{"0":"post-2705","1":"product","2":"type-product","3":"status-publish","4":"has-post-thumbnail","6":"product_cat-deski-elewacyjne-thermo-sosna","7":"product_cat-elewacje","8":"product_shipping_class-ponadgabarytowe","10":"first","11":"instock","12":"shipping-taxable","13":"purchasable","14":"product-type-variable"},"_links":{"self":[{"href":"https:\/\/kastelmeble.radom.pl\/bisparkiet\/wp-json\/wp\/v2\/product\/2705","targetHints":{"allow":["GET"]}}],"collection":[{"href":"https:\/\/kastelmeble.radom.pl\/bisparkiet\/wp-json\/wp\/v2\/product"}],"about":[{"href":"https:\/\/kastelmeble.radom.pl\/bisparkiet\/wp-json\/wp\/v2\/types\/product"}],"replies":[{"embeddable":true,"href":"https:\/\/kastelmeble.radom.pl\/bisparkiet\/wp-json\/wp\/v2\/comments?post=2705"}],"wp:featuredmedia":[{"embeddable":true,"href":"https:\/\/kastelmeble.radom.pl\/bisparkiet\/wp-json\/wp\/v2\/media\/2725"}],"wp:attachment":[{"href":"https:\/\/kastelmeble.radom.pl\/bisparkiet\/wp-json\/wp\/v2\/media?parent=2705"}],"wp:term":[{"taxonomy":"product_brand","embeddable":true,"href":"https:\/\/kastelmeble.radom.pl\/bisparkiet\/wp-json\/wp\/v2\/product_brand?post=2705"},{"taxonomy":"product_cat","embeddable":true,"href":"https:\/\/kastelmeble.radom.pl\/bisparkiet\/wp-json\/wp\/v2\/product_cat?post=2705"},{"taxonomy":"product_tag","embeddable":true,"href":"https:\/\/kastelmeble.radom.pl\/bisparkiet\/wp-json\/wp\/v2\/product_tag?post=2705"}],"curies":[{"name":"wp","href":"https:\/\/api.w.org\/{rel}","templated":true}]}}