{"id":2702,"date":"2025-05-13T10:07:24","date_gmt":"2025-05-13T08:07:24","guid":{"rendered":"https:\/\/kastelmeble.radom.pl\/bisparkiet\/?post_type=product&#038;p=2702"},"modified":"2025-05-13T10:07:37","modified_gmt":"2025-05-13T08:07:37","slug":"deska-tarasowa-modrzew-europejski-28x145-klasa-ab-ryfel","status":"publish","type":"product","link":"https:\/\/kastelmeble.radom.pl\/bisparkiet\/produkt\/deska-tarasowa-modrzew-europejski-28x145-klasa-ab-ryfel\/","title":{"rendered":"Deska tarasowa Modrzew Europejski 28&#215;145 klasa AB ryfel"},"content":{"rendered":"<div id=\"description\" class=\"tab-pane fade in active\">\n<div class=\"product-description\">\n<div id=\"description\" class=\"tab-pane fade in active\">\n<div class=\"product-description\">\n<p>Cena dotyczy 1mb deski\u00a0<strong>tarasowej Modrzew Europejski 28&#215;145 klasa AB\u00a0<\/strong><\/p>\n<p>Profil: ryfel<\/p>\n<p>Grubo\u015b\u0107: 28 mm<\/p>\n<p>Szeroko\u015b\u0107: 145 mm<\/p>\n<p><strong>Klasa:<\/strong> AB<\/p>\n<p><strong>Dost\u0119pna w d\u0142ugo\u015bciach:<\/strong>3-5m<\/p>\n<p>Deska tarasowa z modrzewia syberyjskiego jest twardsza oraz trwalsza od modrzewia europejskiego. Dodatkowo ryflowanie deski modrzewiowej sprawia, \u017ce woda b\u0119dzie odprowadzana naturalnie z tarasu. Ryfle, to nie tylko element dekoracyjny, ale przede wszystkim bezpiecze\u0144stwo u\u017cytkowania tarasu.<br \/>\nBardzo charakterystyczny dla modrzewia jest r\u00f3wnie\u017c uk\u0142ad s\u0119k\u00f3w, a g\u0119sto u\u0142o\u017cone s\u0142oje tworz\u0105 dekoracyjny rysunek. Drewno z modrzewia syberyjskiego posiada s\u0119ki, kt\u00f3re na tarasie tworz\u0105 interesuj\u0105c\u0105 palet\u0119 kolorystyczn\u0105 oraz nadaj\u0105 poszczeg\u00f3lnym desk\u0105 oryginalnego i niepowtarzalnego charakteru. Aktualnie ogromnym zainteresowanie cieszy si\u0119 styl skandynawski, kt\u00f3ry panuj\u0119 nie tylko wewn\u0105trz domu, ale r\u00f3wnie\u017c na zewn\u0105trz.<\/p>\n<p>Taras z modrzewia syberyjskiego, doskonale wpisuje si\u0119 w ten styl. Ponadto Modrzew Syberyjski jest gatunkiem wyra\u017anie l\u017cejszym ni\u017c wi\u0119kszo\u015b\u0107 gatunk\u00f3w drewna egzotycznego, kt\u00f3re stosuje si\u0119 na zewn\u0105trz. Dzi\u0119ki swoim unikalnym w\u0142a\u015bciwo\u015bciom, modrzew syberyjski mo\u017cemy stosowa\u0107 bez dodatkowej konserwacji.<\/p>\n<p>Taras z modrzewia syberyjskiego, dzi\u0119ki jasnej, naturalnej kolorystyce, stanowi idealn\u0105 baz\u0119 do barwienia desek olejami w r\u00f3\u017cnych odcieniach br\u0105zu, czerwieni, szaro\u015bci lub bieli. Deski z modrzewia syberyjskiego, kt\u00f3re nie zosta\u0142y poddane konserwacji z biegiem czasu zaczynaj\u0105 patynowa\u0107, w naturalny spos\u00f3b starze\u0107 si\u0119 i przyjmuj\u0105 jak\u017ce mocno oczekiwan\u0105 ostatnimi czasu barw\u0119 srebrno-szar\u0105.<\/p>\n<\/div>\n<\/div>\n<\/div>\n<\/div>\n","protected":false},"excerpt":{"rendered":"<div id=\"product-description-short-4\" class=\"product-desc\">\n<p>Cena dotyczy 1mb deski\u00a0<strong>tarasowej Modrzew Europejski 28x145mm<\/strong><\/p>\n<p>Profil: ryfel<\/p>\n<p>Grubo\u015b\u0107: 28 mm<\/p>\n<p>Szeroko\u015b\u0107: 145 mm<\/p>\n<p><strong>w d\u0142ugo\u015bciach:<\/strong> od 2000 mm do 5000mm<\/p>\n<p><strong>Klasa:<\/strong> AB<\/p>\n<p><strong>\u00a0<\/strong><\/p>\n<\/div>\n","protected":false},"featured_media":2722,"comment_status":"open","ping_status":"closed","template":"","meta":[],"product_brand":[],"product_cat":[65,32],"product_tag":[],"class_list":{"0":"post-2702","1":"product","2":"type-product","3":"status-publish","4":"has-post-thumbnail","6":"product_cat-deski-tarasowe-iglaste","7":"product_cat-tarasy","8":"product_shipping_class-ponadgabarytowe","10":"first","11":"instock","12":"shipping-taxable","13":"purchasable","14":"product-type-simple"},"_links":{"self":[{"href":"https:\/\/kastelmeble.radom.pl\/bisparkiet\/wp-json\/wp\/v2\/product\/2702","targetHints":{"allow":["GET"]}}],"collection":[{"href":"https:\/\/kastelmeble.radom.pl\/bisparkiet\/wp-json\/wp\/v2\/product"}],"about":[{"href":"https:\/\/kastelmeble.radom.pl\/bisparkiet\/wp-json\/wp\/v2\/types\/product"}],"replies":[{"embeddable":true,"href":"https:\/\/kastelmeble.radom.pl\/bisparkiet\/wp-json\/wp\/v2\/comments?post=2702"}],"wp:featuredmedia":[{"embeddable":true,"href":"https:\/\/kastelmeble.radom.pl\/bisparkiet\/wp-json\/wp\/v2\/media\/2722"}],"wp:attachment":[{"href":"https:\/\/kastelmeble.radom.pl\/bisparkiet\/wp-json\/wp\/v2\/media?parent=2702"}],"wp:term":[{"taxonomy":"product_brand","embeddable":true,"href":"https:\/\/kastelmeble.radom.pl\/bisparkiet\/wp-json\/wp\/v2\/product_brand?post=2702"},{"taxonomy":"product_cat","embeddable":true,"href":"https:\/\/kastelmeble.radom.pl\/bisparkiet\/wp-json\/wp\/v2\/product_cat?post=2702"},{"taxonomy":"product_tag","embeddable":true,"href":"https:\/\/kastelmeble.radom.pl\/bisparkiet\/wp-json\/wp\/v2\/product_tag?post=2702"}],"curies":[{"name":"wp","href":"https:\/\/api.w.org\/{rel}","templated":true}]}}