{"id":2674,"date":"2025-05-13T10:06:55","date_gmt":"2025-05-13T08:06:55","guid":{"rendered":"https:\/\/kastelmeble.radom.pl\/bisparkiet\/?post_type=product&#038;p=2674"},"modified":"2025-05-13T10:07:45","modified_gmt":"2025-05-13T08:07:45","slug":"deska-tarasowa-thermo-sosna-26x115mm-d4-sg","status":"publish","type":"product","link":"https:\/\/kastelmeble.radom.pl\/bisparkiet\/produkt\/deska-tarasowa-thermo-sosna-26x115mm-d4-sg\/","title":{"rendered":"Deska tarasowa Thermo sosna 26x115mm D4 SG"},"content":{"rendered":"<p><strong>Deska tarasowa\u00a0 Thermo sosna 26&#215;140 mm<\/strong><\/p>\n<p><strong>Profil:\u00a0 (D4SG) <\/strong>g\u0142adka<\/p>\n<p><strong>Grubo\u015b\u0107:<\/strong> 26 mm<\/p>\n<p><strong>Szeroko\u015b\u0107:<\/strong> 115 mm<\/p>\n<p><strong>Dost\u0119pne d\u0142ugo\u015bci:<\/strong> od 4200 do 5100<\/p>\n<p><strong>System monta\u017cu:<\/strong>\u00a0niewidoczny<\/p>\n<p>Deska tarasowa thermo sosna poddana obr\u00f3bce termicznej\u00a0 jest odporna na warunki atmosferyczne, dzi\u0119ki czemu materia\u0142 jest trwa\u0142y i stabilny, zaliczany do 2 klasy odporno\u015bci.<\/p>\n<p>Nie wymaga zabezpieczania ani impregnowania. W celu zachowania oryginalnego koloru b\u0105d\u017a wybarwieniu deski na inny kolor mo\u017cna zastosowa\u0107 olejowanie. Bez olejowania drewno pod wp\u0142ywem promieni UV i deszczu spatynuje na szaro. Proces patynowania nie wp\u0142ywa na trwa\u0142o\u015b\u0107 i stabilno\u015b\u0107 drewna.<\/p>\n<p>&nbsp;<\/p>\n","protected":false},"excerpt":{"rendered":"<p><strong>Cena dotyczy 1<b>m\u00b2\u00a0<\/b> deski tarasowej\u00a0 thermo sosna 26&#215;140 mm\u00a0<\/strong><\/p>\n<p><strong>Profil: (D4 SG) <\/strong>g\u0142adka<\/p>\n<p><strong>Grubo\u015b\u0107:<\/strong> 26 mm<\/p>\n<p><strong>Szeroko\u015b\u0107:<\/strong> 115 mm<\/p>\n<p><strong>Klasa:<\/strong> Natur<\/p>\n","protected":false},"featured_media":2721,"comment_status":"open","ping_status":"closed","template":"","meta":[],"product_brand":[],"product_cat":[33,32],"product_tag":[],"class_list":{"0":"post-2674","1":"product","2":"type-product","3":"status-publish","4":"has-post-thumbnail","6":"product_cat-deski-tarasowe-thermo","7":"product_cat-tarasy","8":"product_shipping_class-ponadgabarytowe","10":"first","11":"instock","12":"sale","13":"shipping-taxable","14":"purchasable","15":"product-type-variable"},"_links":{"self":[{"href":"https:\/\/kastelmeble.radom.pl\/bisparkiet\/wp-json\/wp\/v2\/product\/2674","targetHints":{"allow":["GET"]}}],"collection":[{"href":"https:\/\/kastelmeble.radom.pl\/bisparkiet\/wp-json\/wp\/v2\/product"}],"about":[{"href":"https:\/\/kastelmeble.radom.pl\/bisparkiet\/wp-json\/wp\/v2\/types\/product"}],"replies":[{"embeddable":true,"href":"https:\/\/kastelmeble.radom.pl\/bisparkiet\/wp-json\/wp\/v2\/comments?post=2674"}],"wp:featuredmedia":[{"embeddable":true,"href":"https:\/\/kastelmeble.radom.pl\/bisparkiet\/wp-json\/wp\/v2\/media\/2721"}],"wp:attachment":[{"href":"https:\/\/kastelmeble.radom.pl\/bisparkiet\/wp-json\/wp\/v2\/media?parent=2674"}],"wp:term":[{"taxonomy":"product_brand","embeddable":true,"href":"https:\/\/kastelmeble.radom.pl\/bisparkiet\/wp-json\/wp\/v2\/product_brand?post=2674"},{"taxonomy":"product_cat","embeddable":true,"href":"https:\/\/kastelmeble.radom.pl\/bisparkiet\/wp-json\/wp\/v2\/product_cat?post=2674"},{"taxonomy":"product_tag","embeddable":true,"href":"https:\/\/kastelmeble.radom.pl\/bisparkiet\/wp-json\/wp\/v2\/product_tag?post=2674"}],"curies":[{"name":"wp","href":"https:\/\/api.w.org\/{rel}","templated":true}]}}