{"id":2669,"date":"2025-05-13T10:06:55","date_gmt":"2025-05-13T08:06:55","guid":{"rendered":"https:\/\/kastelmeble.radom.pl\/bisparkiet\/?post_type=product&#038;p=2669"},"modified":"2025-05-13T10:07:34","modified_gmt":"2025-05-13T08:07:34","slug":"deska-elewacyjna-thermo-sosna-c47-20x92mm","status":"publish","type":"product","link":"https:\/\/kastelmeble.radom.pl\/bisparkiet\/produkt\/deska-elewacyjna-thermo-sosna-c47-20x92mm\/","title":{"rendered":"Deska elewacyjna thermo sosna C47 20x92mm"},"content":{"rendered":"<div class=\"mpof_ki myre_zn myre_8v_l _0d3bd_YrWCD\">\n<div class=\"mp4t_16_s mryx_16_s mr3m_1 mli2_1 mh85_56 mh85_0_l\">\n<div class=\"mgn2_16 _0d3bd_5pK0q\">\n<h2>Deska elewacyjna\u00a0 thermo sosna C47\u00a0 20x92mm<\/h2>\n<p>Grubo\u015b\u0107:\u00a0 20 mm<\/p>\n<p>Szeroko\u015b\u0107:\u00a0 92 mm<\/p>\n<p>Powierzchnia krycia:\u00a0 82 mm<\/p>\n<p>Materia\u0142:\u00a0Thermo Sosna<\/p>\n<\/div>\n<\/div>\n<div class=\"mp4t_16_s mryx_16_s mr3m_1 mli2_1 mh85_56 mh85_0_l\">\n<div class=\"mg9e_8 mg9e_0_s mvrt_0_s mj7a_8 mj7a_0_s mh36_0_s mzmg_6m munh_16_l m3h2_16_l\">\n<div class=\"mp4t_0 mryx_0 munh_56 m3h2_56\">\n<div class=\"mp7g_oh\"><\/div>\n<\/div>\n<\/div>\n<\/div>\n<\/div>\n<div class=\"mpof_ki myre_zn myre_8v_l _0d3bd_YrWCD\">\n<div class=\"mp4t_16_s mryx_16_s mr3m_1 mli2_1 mh85_56 mh85_0_l\">\n<div class=\"mgn2_16 _0d3bd_5pK0q\">\n<p>Sosna Thermory charakteryzuje si\u0119 widocznym us\u0142ojeniem i\u00a0pod\u0142u\u017cnymi s\u0119kami, kt\u00f3re dodaj\u0105 naturalnego charakteru ka\u017cdej konstrukcji.<\/p>\n<p>Modyfikacja termiczna Thermory sprawia, i\u017c deski osi\u0105gaj\u0105 nieprzeci\u0119tne parametry wytrzyma\u0142o\u015bciowe i\u00a0odporno\u015bciowe. Zmianie ulega tak\u017ce kolor desek w\u00a0ca\u0142ym przekroju &#8211; w\u00a0przypadku sosny skandynawskiej osi\u0105ga si\u0119 ciep\u0142\u0105 miodow\u0105 barw\u0119 drewna.<\/p>\n<p>Deski elewacyjne Thermory charakteryzuj\u0105 si\u0119 :<\/p>\n<p>odporno\u015bci\u0105 na warunki atmosferyczne i nie wymagaj\u0105 impregnacji. Ewentualne malowanie stosuje si\u0119 w celu zachowania pi\u0119knej barwy drewna (deski pozostawione bez malowania spatynuj\u0105 na pi\u0119kny szary kolor)<\/p>\n<ul>\n<li>nie kr\u0119c\u0105 si\u0119 i nie wypaczaj\u0105<\/li>\n<li>odporne na ple\u015bnie, grzyby<\/li>\n<li>zaliczane do 2 klasy odporno\u015bci tj. 20-25 lat \u017cywotno\u015bci bez zabezpieczania<\/li>\n<li>doskona\u0142ym izolatorem ciep\u0142a<\/li>\n<li>ca\u0142kowicie od\u017cywiczone dzi\u0119ki czemu nie\u00a0ma mowy o\u00a0\u017cadnych wyp\u0142ywach \u017cywicznych etc.<\/li>\n<li>przyjazne \u015brodowisku, do ich produkcji nie\u00a0s\u0105 stosowane \u017cadne chemikalia<\/li>\n<li>odpowiednie dla\u00a0alergik\u00f3w (nie wydzielaj\u0105 \u017cadnych substancji alergizuj\u0105cych)<\/li>\n<\/ul>\n<\/div>\n<\/div>\n<\/div>\n","protected":false},"excerpt":{"rendered":"<p>Cena dotyczy 1m2 elewacji thermo sosny<\/p>\n<p>Profil: C47<\/p>\n<p>Grubo\u015b\u0107: 20 mm<\/p>\n<div class=\"mp4t_16_s mryx_16_s mr3m_1 mli2_1 mh85_56 mh85_0_l\">\n<div class=\"mgn2_16 _0d3bd_5pK0q\">\n<p>Szeroko\u015b\u0107:\u00a0 92 mm<\/p>\n<p>&nbsp;<\/p>\n<\/div>\n<\/div>\n","protected":false},"featured_media":2719,"comment_status":"open","ping_status":"closed","template":"","meta":[],"product_brand":[],"product_cat":[56,60,55],"product_tag":[],"class_list":{"0":"post-2669","1":"product","2":"type-product","3":"status-publish","4":"has-post-thumbnail","6":"product_cat-deska-thermo","7":"product_cat-deski-elewacyjne-thermo-sosna","8":"product_cat-elewacje","9":"product_shipping_class-ponadgabarytowe","11":"first","12":"onbackorder","13":"shipping-taxable","14":"purchasable","15":"product-type-simple"},"_links":{"self":[{"href":"https:\/\/kastelmeble.radom.pl\/bisparkiet\/wp-json\/wp\/v2\/product\/2669","targetHints":{"allow":["GET"]}}],"collection":[{"href":"https:\/\/kastelmeble.radom.pl\/bisparkiet\/wp-json\/wp\/v2\/product"}],"about":[{"href":"https:\/\/kastelmeble.radom.pl\/bisparkiet\/wp-json\/wp\/v2\/types\/product"}],"replies":[{"embeddable":true,"href":"https:\/\/kastelmeble.radom.pl\/bisparkiet\/wp-json\/wp\/v2\/comments?post=2669"}],"wp:featuredmedia":[{"embeddable":true,"href":"https:\/\/kastelmeble.radom.pl\/bisparkiet\/wp-json\/wp\/v2\/media\/2719"}],"wp:attachment":[{"href":"https:\/\/kastelmeble.radom.pl\/bisparkiet\/wp-json\/wp\/v2\/media?parent=2669"}],"wp:term":[{"taxonomy":"product_brand","embeddable":true,"href":"https:\/\/kastelmeble.radom.pl\/bisparkiet\/wp-json\/wp\/v2\/product_brand?post=2669"},{"taxonomy":"product_cat","embeddable":true,"href":"https:\/\/kastelmeble.radom.pl\/bisparkiet\/wp-json\/wp\/v2\/product_cat?post=2669"},{"taxonomy":"product_tag","embeddable":true,"href":"https:\/\/kastelmeble.radom.pl\/bisparkiet\/wp-json\/wp\/v2\/product_tag?post=2669"}],"curies":[{"name":"wp","href":"https:\/\/api.w.org\/{rel}","templated":true}]}}