{"id":2661,"date":"2025-05-13T10:06:54","date_gmt":"2025-05-13T08:06:54","guid":{"rendered":"https:\/\/kastelmeble.radom.pl\/bisparkiet\/?post_type=product&#038;p=2661"},"modified":"2025-05-13T10:07:44","modified_gmt":"2025-05-13T08:07:44","slug":"deska-tarasowa-kompozytowa-gardin-deco-x","status":"publish","type":"product","link":"https:\/\/kastelmeble.radom.pl\/bisparkiet\/produkt\/deska-tarasowa-kompozytowa-gardin-deco-x\/","title":{"rendered":"Deska tarasowa kompozytowa Gardin Deco X"},"content":{"rendered":"<p>Kompozyt trzeciej generacji. Z po\u0142\u0105czenia zaawansowanej technologii i elitarnej jako\u015bci powsta\u0142y deski Gardin DECO ze znakiem X.<\/p>\n<p>Deski wykonano w innowacyjnej technologii Co-extrusion. Uzyskany kolor jest bardziej odporny na wszelkie odbarwienia m.in. spowodowane promieniowaniem UV. Powierzchni\u0119 desek zdobi realistyczne us\u0142ojenie 3D, kt\u00f3re robi wra\u017cenie autentycznego drewna, lecz nie wymaga sezonowej renowacji. Z jednej strony struktura drewna, z drugiej struktura linearna.<\/p>\n<p>Koekstrudowana budowa oznacza, \u017ce rdze\u0144 desek zosta\u0142 otoczony mieszank\u0105 polimer\u00f3w o najlepszych parametrach wytrzyma\u0142o\u015bciowych, wizualnych i u\u017cytkowych. Dzi\u0119ki temu s\u0105 bardziej wytrzyma\u0142e na zmienne warunki pogodowe od desek jednowarstwowych.<\/p>\n<ul>\n<li>\n<h6>Zdj\u0119cia produktu maj\u0105 charakter pogl\u0105dowy i prezentuj\u0105 tylko wycinek ca\u0142ego produktu, nie prezentuj\u0105 wzoru i struktury ca\u0142ego produktu. W zwi\u0105zku z naturalnymi cechami drewna, zawartego w sk\u0142adzie produktu, nie ma dw\u00f3ch identycznych produkt\u00f3w (np. w zakresie koloru, struktury i wzoru), r\u00f3\u017cnice wyst\u0119puj\u0105 r\u00f3wnie\u017c w obr\u0119bie tego samego produktu.<\/h6>\n<\/li>\n<\/ul>\n","protected":false},"excerpt":{"rendered":"<p>36z\u0142- cena metra bie\u017c\u0105cego<\/p>\n","protected":false},"featured_media":2685,"comment_status":"open","ping_status":"closed","template":"","meta":[],"product_brand":[],"product_cat":[37,32],"product_tag":[],"class_list":{"0":"post-2661","1":"product","2":"type-product","3":"status-publish","4":"has-post-thumbnail","6":"product_cat-deski-tarasowe-kompozytowe","7":"product_cat-tarasy","8":"product_shipping_class-ponadgabarytowe","10":"first","11":"instock","12":"shipping-taxable","13":"purchasable","14":"product-type-variable","15":"has-default-attributes"},"_links":{"self":[{"href":"https:\/\/kastelmeble.radom.pl\/bisparkiet\/wp-json\/wp\/v2\/product\/2661","targetHints":{"allow":["GET"]}}],"collection":[{"href":"https:\/\/kastelmeble.radom.pl\/bisparkiet\/wp-json\/wp\/v2\/product"}],"about":[{"href":"https:\/\/kastelmeble.radom.pl\/bisparkiet\/wp-json\/wp\/v2\/types\/product"}],"replies":[{"embeddable":true,"href":"https:\/\/kastelmeble.radom.pl\/bisparkiet\/wp-json\/wp\/v2\/comments?post=2661"}],"wp:featuredmedia":[{"embeddable":true,"href":"https:\/\/kastelmeble.radom.pl\/bisparkiet\/wp-json\/wp\/v2\/media\/2685"}],"wp:attachment":[{"href":"https:\/\/kastelmeble.radom.pl\/bisparkiet\/wp-json\/wp\/v2\/media?parent=2661"}],"wp:term":[{"taxonomy":"product_brand","embeddable":true,"href":"https:\/\/kastelmeble.radom.pl\/bisparkiet\/wp-json\/wp\/v2\/product_brand?post=2661"},{"taxonomy":"product_cat","embeddable":true,"href":"https:\/\/kastelmeble.radom.pl\/bisparkiet\/wp-json\/wp\/v2\/product_cat?post=2661"},{"taxonomy":"product_tag","embeddable":true,"href":"https:\/\/kastelmeble.radom.pl\/bisparkiet\/wp-json\/wp\/v2\/product_tag?post=2661"}],"curies":[{"name":"wp","href":"https:\/\/api.w.org\/{rel}","templated":true}]}}