{"id":2650,"date":"2025-05-13T10:06:32","date_gmt":"2025-05-13T08:06:32","guid":{"rendered":"https:\/\/kastelmeble.radom.pl\/bisparkiet\/?post_type=product&#038;p=2650"},"modified":"2025-05-13T10:07:14","modified_gmt":"2025-05-13T08:07:14","slug":"deska-elewacyjna-swierk-faza-14x121mm","status":"publish","type":"product","link":"https:\/\/kastelmeble.radom.pl\/bisparkiet\/produkt\/deska-elewacyjna-swierk-faza-14x121mm\/","title":{"rendered":"Deska elewacyjna \u015awierk FAZA 14x121mm"},"content":{"rendered":"<div id=\"product-description-short-213\" class=\"product-desc\">\n<div id=\"description\" class=\"tab-pane fade in active\">\n<div class=\"product-description\">\n<p><strong>Cena dotyczy<\/strong> 1m2<strong> deski elewacyjnej \u015awierk 14x121mm<\/strong><\/p>\n<p><strong>Profil:<\/strong>\u00a0Faza<\/p>\n<p><strong>Grubo\u015b\u0107:\u00a0<\/strong>14 mm<\/p>\n<p><strong>Szeroko\u015b\u0107:\u00a0<\/strong>121mm<\/p>\n<h6><strong>Powierzchnia krycia:<\/strong> 113 mm<\/h6>\n<p>Elewacja \u015bwierkowa z\u00a0wysokiej klasy drewna \u015bwierkowego.<br \/>\nDzi\u0119ki wysokiej jako\u015bci obr\u00f3bki elewacja ma bardzo dobre walory techniczne i estetyczne.<\/p>\n<h4><strong>Przed zakupem prosimy o kontakt w celu sprawdzenia dost\u0119pno\u015bci oraz ustalenia szczeg\u00f3\u0142\u00f3w transportu.<\/strong><\/h4>\n<h4><strong>Oferujemy r\u00f3wnie\u017c monta\u017c taras\u00f3w i elewacji.<\/strong><\/h4>\n<h4><strong>Zadzwo\u0144 lub napisz a my przygotujemy ofert\u0119.<\/strong><\/h4>\n<\/div>\n<\/div>\n<\/div>\n","protected":false},"excerpt":{"rendered":"<p><strong>Cena dotyczy<\/strong> 1m2<strong> deski elewacyjnej \u015awierk 14&#215;121 mm<\/strong><\/p>\n<p><strong>Profil:<\/strong>\u00a0Faza<\/p>\n<p><strong>Grubo\u015b\u0107:\u00a0<\/strong>14 mm<\/p>\n<p><strong>Szeroko\u015b\u0107:\u00a0<\/strong>121 mm<\/p>\n<p><strong>Powierzchnia krycia:<\/strong> 113 mm<\/p>\n","protected":false},"featured_media":2682,"comment_status":"open","ping_status":"closed","template":"","meta":[],"product_brand":[],"product_cat":[57,58,55],"product_tag":[],"class_list":{"0":"post-2650","1":"product","2":"type-product","3":"status-publish","4":"has-post-thumbnail","6":"product_cat-deska-iglasta","7":"product_cat-deski-elewacyjne-swierk","8":"product_cat-elewacje","9":"product_shipping_class-ponadgabarytowe","11":"first","12":"instock","13":"featured","14":"shipping-taxable","15":"purchasable","16":"product-type-simple"},"_links":{"self":[{"href":"https:\/\/kastelmeble.radom.pl\/bisparkiet\/wp-json\/wp\/v2\/product\/2650","targetHints":{"allow":["GET"]}}],"collection":[{"href":"https:\/\/kastelmeble.radom.pl\/bisparkiet\/wp-json\/wp\/v2\/product"}],"about":[{"href":"https:\/\/kastelmeble.radom.pl\/bisparkiet\/wp-json\/wp\/v2\/types\/product"}],"replies":[{"embeddable":true,"href":"https:\/\/kastelmeble.radom.pl\/bisparkiet\/wp-json\/wp\/v2\/comments?post=2650"}],"wp:featuredmedia":[{"embeddable":true,"href":"https:\/\/kastelmeble.radom.pl\/bisparkiet\/wp-json\/wp\/v2\/media\/2682"}],"wp:attachment":[{"href":"https:\/\/kastelmeble.radom.pl\/bisparkiet\/wp-json\/wp\/v2\/media?parent=2650"}],"wp:term":[{"taxonomy":"product_brand","embeddable":true,"href":"https:\/\/kastelmeble.radom.pl\/bisparkiet\/wp-json\/wp\/v2\/product_brand?post=2650"},{"taxonomy":"product_cat","embeddable":true,"href":"https:\/\/kastelmeble.radom.pl\/bisparkiet\/wp-json\/wp\/v2\/product_cat?post=2650"},{"taxonomy":"product_tag","embeddable":true,"href":"https:\/\/kastelmeble.radom.pl\/bisparkiet\/wp-json\/wp\/v2\/product_tag?post=2650"}],"curies":[{"name":"wp","href":"https:\/\/api.w.org\/{rel}","templated":true}]}}