{"id":2608,"date":"2025-05-13T10:06:06","date_gmt":"2025-05-13T08:06:06","guid":{"rendered":"https:\/\/kastelmeble.radom.pl\/bisparkiet\/?post_type=product&#038;p=2608"},"modified":"2025-05-13T10:06:53","modified_gmt":"2025-05-13T08:06:53","slug":"listwa-narozna-3d-lenta","status":"publish","type":"product","link":"https:\/\/kastelmeble.radom.pl\/bisparkiet\/produkt\/listwa-narozna-3d-lenta\/","title":{"rendered":"Listwa naro\u017cna 3D Lenta"},"content":{"rendered":"<p>Listwa kompozytowa naro\u017cna Lenta 3D dedykowana do wyko\u0144czenia miejsc naro\u017cnych przy monta\u017cu deski elewacyjnej Lenta.<\/p>\n<ul class=\"pricing-table \">\n<li class=\"\">D\u0142ugo\u015b\u0107:\u00a0\u00a02800 mm<\/li>\n<li class=\"\">Szeroko\u015b\u0107:\u00a0\u00a043 mm<\/li>\n<li class=\"\">Grubo\u015b\u0107: 43 mm\u00a0 \u00a0 \u00a0 \u00a0 \u00a0 \u00a0 \u00a0 \u00a0 \u00a0 \u00a0 \u00a0 \u00a0 \u00a0 \u00a0 \u00a0 \u00a0 \u00a0 \u00a0 \u00a0 \u00a0 \u00a0 \u00a0 \u00a0 \u00a0 \u00a0 \u00a0 \u00a0 \u00a0 \u00a0 \u00a0 \u00a0 \u00a0 \u00a0 \u00a0 \u00a0 \u00a0 \u00a0 \u00a0 \u00a0 \u00a0 \u00a0 \u00a0 \u00a0 \u00a0 \u00a0 \u00a0 \u00a0 \u00a0 \u00a0 \u00a0 \u00a0 \u00a0 \u00a0 \u00a0 \u00a0 \u00a0 \u00a0 \u00a0 \u00a0 \u00a0 \u00a0 \u00a0 \u00a0 \u00a0 \u00a0 \u00a0 \u00a0 \u00a0 \u00a0 \u00a0 \u00a0 \u00a0 \u00a0 \u00a0 \u00a0 \u00a0 \u00a0 \u00a0 \u00a0 \u00a0 \u00a0 \u00a0 \u00a0 \u00a0 \u00a0 \u00a0 \u00a0 \u00a0 \u00a0 \u00a0 \u00a0 \u00a0 \u00a0 Zawsze nale\u017cy nawierci\u0107 \u00a0listw\u0119 naro\u017cn\u0105 przed wkr\u0119ceniem wkr\u0119t\u00f3w stosuj\u0105c wiert\u0142o \u00d8 5 mm.<\/li>\n<\/ul>\n","protected":false},"excerpt":{"rendered":"<ul class=\"pricing-table \">\n<li class=\"\">D\u0142ugo\u015b\u0107:\u00a0\u00a02800 mm<\/li>\n<li class=\"\">Szeroko\u015b\u0107:\u00a0\u00a043 mm<\/li>\n<li class=\"\">Grubo\u015b\u0107: 43 mm<\/li>\n<\/ul>\n","protected":false},"featured_media":2652,"comment_status":"open","ping_status":"closed","template":"","meta":[],"product_brand":[],"product_cat":[61],"product_tag":[],"class_list":{"0":"post-2608","1":"product","2":"type-product","3":"status-publish","4":"has-post-thumbnail","6":"product_cat-deska-kompozytowa","7":"product_shipping_class-ponadgabarytowe","9":"first","10":"instock","11":"shipping-taxable","12":"purchasable","13":"product-type-variable"},"_links":{"self":[{"href":"https:\/\/kastelmeble.radom.pl\/bisparkiet\/wp-json\/wp\/v2\/product\/2608","targetHints":{"allow":["GET"]}}],"collection":[{"href":"https:\/\/kastelmeble.radom.pl\/bisparkiet\/wp-json\/wp\/v2\/product"}],"about":[{"href":"https:\/\/kastelmeble.radom.pl\/bisparkiet\/wp-json\/wp\/v2\/types\/product"}],"replies":[{"embeddable":true,"href":"https:\/\/kastelmeble.radom.pl\/bisparkiet\/wp-json\/wp\/v2\/comments?post=2608"}],"wp:featuredmedia":[{"embeddable":true,"href":"https:\/\/kastelmeble.radom.pl\/bisparkiet\/wp-json\/wp\/v2\/media\/2652"}],"wp:attachment":[{"href":"https:\/\/kastelmeble.radom.pl\/bisparkiet\/wp-json\/wp\/v2\/media?parent=2608"}],"wp:term":[{"taxonomy":"product_brand","embeddable":true,"href":"https:\/\/kastelmeble.radom.pl\/bisparkiet\/wp-json\/wp\/v2\/product_brand?post=2608"},{"taxonomy":"product_cat","embeddable":true,"href":"https:\/\/kastelmeble.radom.pl\/bisparkiet\/wp-json\/wp\/v2\/product_cat?post=2608"},{"taxonomy":"product_tag","embeddable":true,"href":"https:\/\/kastelmeble.radom.pl\/bisparkiet\/wp-json\/wp\/v2\/product_tag?post=2608"}],"curies":[{"name":"wp","href":"https:\/\/api.w.org\/{rel}","templated":true}]}}