{"id":2596,"date":"2025-05-13T10:06:05","date_gmt":"2025-05-13T08:06:05","guid":{"rendered":"https:\/\/kastelmeble.radom.pl\/bisparkiet\/?post_type=product&#038;p=2596"},"modified":"2025-05-13T10:06:30","modified_gmt":"2025-05-13T08:06:30","slug":"impregneer-xt-koopmans-lakierobejca-25l","status":"publish","type":"product","link":"https:\/\/kastelmeble.radom.pl\/bisparkiet\/produkt\/impregneer-xt-koopmans-lakierobejca-25l\/","title":{"rendered":"Impregneer XT Koopmans Lakierobejca 2,5L"},"content":{"rendered":"<p><strong>IMPREGNEER XT<\/strong>\u00a0 lakierobejca z funkcj\u0105 impregnacji przeznaczona do zabezpieczenia drewna na<br \/>\nzewn\u0105trz.<br \/>\nTworzy bardzo trwa\u0142e, po\u0142yskowe pow\u0142oki, wysoce odporne na dzia\u0142anie wszystkich czynnik\u00f3w atmosferycznych.<br \/>\nZmodyfikowane \u017cywice alkidowe g\u0142\u0119boko zabezpieczaj\u0105 drewno.<br \/>\nZ uwagi na nietypow\u0105 konsystencj\u0119 IMPREGNEER XT doskonale wnika w g\u0142\u0105b drewna a na jego powierzchni tworzy<br \/>\ndelikatn\u0105 i elastyczn\u0105 pow\u0142ok\u0119. Dzi\u0119ki temu drewno swobodnie oddycha a pow\u0142oka nie ulega procesowi \u0142uszczenia<br \/>\nsi\u0119 czy p\u0119kania.<br \/>\n<strong>Cechy<\/strong><br \/>\n&#8211; ochrona drewna do 6 lat<br \/>\n&#8211; zmodyfikowane \u017cywice alkidowo-uretanowe<br \/>\n&#8211; nie \u0142uszczy si\u0119<br \/>\n&#8211; \u0142atwa aplikacja<br \/>\n&#8211; wysoka przyczepno\u015b\u0107 do drewna<br \/>\n&#8211; wysoka elastyczno\u015b\u0107 i trwa\u0142o\u015b\u0107 pow\u0142oki<br \/>\n&#8211; reguluje wilgotno\u015b\u0107 drewna<br \/>\n&#8211; odporny na dzia\u0142anie czynnik\u00f3w atmosferycznych<br \/>\n&#8211; podkre\u015bla naturalne pi\u0119kno drewna<br \/>\n&#8211; zapewnia wysok\u0105 ochron\u0119 przed biodegradacj\u0105 w systemie z impregnatem technicznym<br \/>\n<strong>Zastosowanie<\/strong><br \/>\n&#8211; architektura ogrodowa (p\u0142oty, pergole, altanki, mostki itp.)<br \/>\n&#8211; meble ogrodowe<br \/>\n&#8211; drewniane elementy fasadowe<br \/>\n&#8211; okna, drzwi<\/p>\n<p><strong>Opakowania<\/strong><br \/>\n1 l \/ 2,5 l \/ 5 l<br \/>\n<strong>Wydajno\u015b\u0107<\/strong><br \/>\n15-20 m\u00b2 \/ 1 l, silnie uzale\u017cniona od gatunku i rodzaju drewna oraz sposobu aplikacji<\/p>\n","protected":false},"excerpt":{"rendered":"<p>IMPREGNEER XT\u00a0 lakierobejca z funkcj\u0105 impregnacji przeznaczona do zabezpieczenia drewna na zewn\u0105trz. Tworzy bardzo trwa\u0142e, po\u0142yskowe pow\u0142oki, wysoce odporne na dzia\u0142anie wszystkich czynnik\u00f3w atmosferycznych. Zmodyfikowane \u017cywice alkidowe g\u0142\u0119boko zabezpieczaj\u0105 drewno. Z uwagi na nietypow\u0105 konsystencj\u0119 IMPREGNEER XT doskonale wnika w g\u0142\u0105b drewna a na jego powierzchni tworzy delikatn\u0105 i elastyczn\u0105 pow\u0142ok\u0119. Dzi\u0119ki temu drewno swobodnie [&hellip;]<\/p>\n","protected":false},"featured_media":2503,"comment_status":"open","ping_status":"closed","template":"","meta":[],"product_brand":[],"product_cat":[43,63],"product_tag":[],"class_list":{"0":"post-2596","1":"product","2":"type-product","3":"status-publish","4":"has-post-thumbnail","6":"product_cat-impregnaty-do-drewna","7":"product_cat-lazury-do-drewna","8":"product_shipping_class-lekkie-produkty","10":"first","11":"instock","12":"shipping-taxable","13":"purchasable","14":"product-type-variable"},"_links":{"self":[{"href":"https:\/\/kastelmeble.radom.pl\/bisparkiet\/wp-json\/wp\/v2\/product\/2596","targetHints":{"allow":["GET"]}}],"collection":[{"href":"https:\/\/kastelmeble.radom.pl\/bisparkiet\/wp-json\/wp\/v2\/product"}],"about":[{"href":"https:\/\/kastelmeble.radom.pl\/bisparkiet\/wp-json\/wp\/v2\/types\/product"}],"replies":[{"embeddable":true,"href":"https:\/\/kastelmeble.radom.pl\/bisparkiet\/wp-json\/wp\/v2\/comments?post=2596"}],"wp:featuredmedia":[{"embeddable":true,"href":"https:\/\/kastelmeble.radom.pl\/bisparkiet\/wp-json\/wp\/v2\/media\/2503"}],"wp:attachment":[{"href":"https:\/\/kastelmeble.radom.pl\/bisparkiet\/wp-json\/wp\/v2\/media?parent=2596"}],"wp:term":[{"taxonomy":"product_brand","embeddable":true,"href":"https:\/\/kastelmeble.radom.pl\/bisparkiet\/wp-json\/wp\/v2\/product_brand?post=2596"},{"taxonomy":"product_cat","embeddable":true,"href":"https:\/\/kastelmeble.radom.pl\/bisparkiet\/wp-json\/wp\/v2\/product_cat?post=2596"},{"taxonomy":"product_tag","embeddable":true,"href":"https:\/\/kastelmeble.radom.pl\/bisparkiet\/wp-json\/wp\/v2\/product_tag?post=2596"}],"curies":[{"name":"wp","href":"https:\/\/api.w.org\/{rel}","templated":true}]}}