{"id":2561,"date":"2025-05-13T10:05:44","date_gmt":"2025-05-13T08:05:44","guid":{"rendered":"https:\/\/kastelmeble.radom.pl\/bisparkiet\/?post_type=product&#038;p=2561"},"modified":"2025-05-13T10:05:59","modified_gmt":"2025-05-13T08:05:59","slug":"grunt-deva-primer-pa-35","status":"publish","type":"product","link":"https:\/\/kastelmeble.radom.pl\/bisparkiet\/produkt\/grunt-deva-primer-pa-35\/","title":{"rendered":"Grunt Deva Primer PA-35"},"content":{"rendered":"<p>Grunt Primer PA -35 sklejaj\u0105cy grunt konsoliduj\u0105cy &#8211; klej do mocowania reperacji\u00a0 element\u00f3w drewnianych o niedok\u0142adnie przyklejonych do pod\u0142o\u017ca o zwi\u0119kszonej ulewno\u015bci produktu co powoduje lepsz\u0105 penetracj\u0119 szczelin. Klej mo\u017ce by\u0107 stosowany zar\u00f3wno\u00a0 przed jak i po szlifowaniu parkietu.<\/p>\n<p>Stosowany r\u00f3wnie\u017c jako \u017cywica konsoliduj\u0105ca przeciw wilgotno\u015bci.<\/p>\n","protected":false},"excerpt":{"rendered":"<p>Grunt Primer PA -35 sklejaj\u0105cy grunt konsoliduj\u0105cy<\/p>\n","protected":false},"featured_media":2578,"comment_status":"open","ping_status":"closed","template":"","meta":[],"product_brand":[],"product_cat":[45,47],"product_tag":[],"class_list":{"0":"post-2561","1":"product","2":"type-product","3":"status-publish","4":"has-post-thumbnail","6":"product_cat-chemia-parkieciarska","7":"product_cat-grunty-i-rozpuszczalniki","8":"product_shipping_class-lekkie-produkty","10":"first","11":"instock","12":"shipping-taxable","13":"purchasable","14":"product-type-simple"},"_links":{"self":[{"href":"https:\/\/kastelmeble.radom.pl\/bisparkiet\/wp-json\/wp\/v2\/product\/2561","targetHints":{"allow":["GET"]}}],"collection":[{"href":"https:\/\/kastelmeble.radom.pl\/bisparkiet\/wp-json\/wp\/v2\/product"}],"about":[{"href":"https:\/\/kastelmeble.radom.pl\/bisparkiet\/wp-json\/wp\/v2\/types\/product"}],"replies":[{"embeddable":true,"href":"https:\/\/kastelmeble.radom.pl\/bisparkiet\/wp-json\/wp\/v2\/comments?post=2561"}],"wp:featuredmedia":[{"embeddable":true,"href":"https:\/\/kastelmeble.radom.pl\/bisparkiet\/wp-json\/wp\/v2\/media\/2578"}],"wp:attachment":[{"href":"https:\/\/kastelmeble.radom.pl\/bisparkiet\/wp-json\/wp\/v2\/media?parent=2561"}],"wp:term":[{"taxonomy":"product_brand","embeddable":true,"href":"https:\/\/kastelmeble.radom.pl\/bisparkiet\/wp-json\/wp\/v2\/product_brand?post=2561"},{"taxonomy":"product_cat","embeddable":true,"href":"https:\/\/kastelmeble.radom.pl\/bisparkiet\/wp-json\/wp\/v2\/product_cat?post=2561"},{"taxonomy":"product_tag","embeddable":true,"href":"https:\/\/kastelmeble.radom.pl\/bisparkiet\/wp-json\/wp\/v2\/product_tag?post=2561"}],"curies":[{"name":"wp","href":"https:\/\/api.w.org\/{rel}","templated":true}]}}