{"id":2556,"date":"2025-05-13T10:05:44","date_gmt":"2025-05-13T08:05:44","guid":{"rendered":"https:\/\/kastelmeble.radom.pl\/bisparkiet\/?post_type=product&#038;p=2556"},"modified":"2025-05-13T10:05:53","modified_gmt":"2025-05-13T08:05:53","slug":"deska-tarasowa-moso-bamboo-x-treme-20x155x1850mm","status":"publish","type":"product","link":"https:\/\/kastelmeble.radom.pl\/bisparkiet\/produkt\/deska-tarasowa-moso-bamboo-x-treme-20x155x1850mm\/","title":{"rendered":"Deska tarasowa MOSO Bamboo  X-treme 20x155x1850mm"},"content":{"rendered":"<p data-start=\"0\" data-end=\"387\"><strong data-start=\"0\" data-end=\"48\">Deska tarasowa Moso Bamboo X-treme 20\u00d7155 mm<\/strong> to produkt o wyj\u0105tkowej trwa\u0142o\u015bci, stabilno\u015bci i twardo\u015bci, uzyskanej dzi\u0119ki obr\u00f3bce termicznej. Deska ma system <strong data-start=\"162\" data-end=\"178\">end-matching<\/strong>, kt\u00f3ry umo\u017cliwia \u0142atwe \u0142\u0105czenie desek po d\u0142ugo\u015bci bez potrzeby dylatacji. Charakteryzuje si\u0119 pi\u0119knym czekoladowo-br\u0105zowym kolorem, a dzi\u0119ki naturalnym w\u0142a\u015bciwo\u015bciom drewna jest odporna na grzyby i wypaczanie.<\/p>\n<h3 data-start=\"389\" data-end=\"400\">Monta\u017c:<\/h3>\n<ul data-start=\"401\" data-end=\"779\">\n<li data-start=\"401\" data-end=\"505\">Przed instalacj\u0105 nale\u017cy zapewni\u0107 odpowiedni\u0105 wentylacj\u0119 oraz przygotowa\u0107 pod\u0142o\u017ce przepuszczaj\u0105ce wod\u0119.<\/li>\n<li data-start=\"506\" data-end=\"558\">Legary powinny mie\u0107 przekr\u00f3j co najmniej 40&#215;60 mm.<\/li>\n<li data-start=\"559\" data-end=\"671\">Monta\u017c przy u\u017cyciu <strong data-start=\"580\" data-end=\"622\">klip\u00f3w monta\u017cowych MOSO Bamboo X-treme<\/strong> zapewnia estetyczny, niewidoczny spos\u00f3b monta\u017cu.<\/li>\n<li data-start=\"672\" data-end=\"779\">W przypadku monta\u017cu na <strong data-start=\"697\" data-end=\"716\">wkr\u0119ty widoczne<\/strong>, nale\u017cy nawierci\u0107 otwory w odleg\u0142o\u015bci 20 mm od kraw\u0119dzi deski.<\/li>\n<\/ul>\n<h3 data-start=\"781\" data-end=\"797\">Piel\u0119gnacja:<\/h3>\n<ul data-start=\"798\" data-end=\"1122\">\n<li data-start=\"798\" data-end=\"912\">Deski s\u0105 fabrycznie zaolejowane, ale zaleca si\u0119 ich olejowanie 1-2 razy do roku, aby utrzyma\u0107 kolor i struktur\u0119.<\/li>\n<li data-start=\"913\" data-end=\"1041\">Regularne czyszczenie oraz usuwanie brudu za pomoc\u0105 szczotki lub dysku krzemowo-w\u0119glikowego pomo\u017ce zachowa\u0107 estetyczny wygl\u0105d.<\/li>\n<li data-start=\"1042\" data-end=\"1122\">Brak olejowania nie wp\u0142ynie na trwa\u0142o\u015b\u0107 desek, lecz spowoduje ich patynowanie.<\/li>\n<\/ul>\n<h3 data-start=\"1124\" data-end=\"1148\">Dodatkowe wskaz\u00f3wki:<\/h3>\n<ul data-start=\"1149\" data-end=\"1402\">\n<li data-start=\"1149\" data-end=\"1232\">Deski mog\u0105 r\u00f3\u017cni\u0107 si\u0119 odcieniem i struktur\u0105 ze wzgl\u0119du na naturalne cechy drewna.<\/li>\n<li data-start=\"1233\" data-end=\"1319\">Zmiany w rozmiarze desek po instalacji s\u0105 normalne i nie wp\u0142ywaj\u0105 na ich stabilno\u015b\u0107.<\/li>\n<li data-start=\"1320\" data-end=\"1402\">Drewno nale\u017cy przechowywa\u0107 w suchym miejscu, chronione przed s\u0142o\u0144cem i wilgoci\u0105.<\/li>\n<\/ul>\n<p data-start=\"1404\" data-end=\"1514\" data-is-last-node=\"\" data-is-only-node=\"\">Deska MOSO Bamboo X-treme to materia\u0142 odporny na trudne warunki atmosferyczne, idealny do u\u017cytku zewn\u0119trznego.<\/p>\n","protected":false},"excerpt":{"rendered":"<p>Cena dotyczy 1szt deski tarasowej Moso Bamboo<\/p>\n<p>Profil: G\u0142adki\/Ryfel<br \/>\nGrubo\u015b\u0107: 20 mm<br \/>\nSzeroko\u015b\u0107: 155 mm<\/p>\n<p>&nbsp;<\/p>\n","protected":false},"featured_media":2576,"comment_status":"open","ping_status":"closed","template":"","meta":[],"product_brand":[],"product_cat":[36,32],"product_tag":[],"class_list":{"0":"post-2556","1":"product","2":"type-product","3":"status-publish","4":"has-post-thumbnail","6":"product_cat-deski-tarasowe-egzotyczne","7":"product_cat-tarasy","8":"product_shipping_class-ponadgabarytowe","10":"first","11":"instock","12":"shipping-taxable","13":"purchasable","14":"product-type-simple"},"_links":{"self":[{"href":"https:\/\/kastelmeble.radom.pl\/bisparkiet\/wp-json\/wp\/v2\/product\/2556","targetHints":{"allow":["GET"]}}],"collection":[{"href":"https:\/\/kastelmeble.radom.pl\/bisparkiet\/wp-json\/wp\/v2\/product"}],"about":[{"href":"https:\/\/kastelmeble.radom.pl\/bisparkiet\/wp-json\/wp\/v2\/types\/product"}],"replies":[{"embeddable":true,"href":"https:\/\/kastelmeble.radom.pl\/bisparkiet\/wp-json\/wp\/v2\/comments?post=2556"}],"wp:featuredmedia":[{"embeddable":true,"href":"https:\/\/kastelmeble.radom.pl\/bisparkiet\/wp-json\/wp\/v2\/media\/2576"}],"wp:attachment":[{"href":"https:\/\/kastelmeble.radom.pl\/bisparkiet\/wp-json\/wp\/v2\/media?parent=2556"}],"wp:term":[{"taxonomy":"product_brand","embeddable":true,"href":"https:\/\/kastelmeble.radom.pl\/bisparkiet\/wp-json\/wp\/v2\/product_brand?post=2556"},{"taxonomy":"product_cat","embeddable":true,"href":"https:\/\/kastelmeble.radom.pl\/bisparkiet\/wp-json\/wp\/v2\/product_cat?post=2556"},{"taxonomy":"product_tag","embeddable":true,"href":"https:\/\/kastelmeble.radom.pl\/bisparkiet\/wp-json\/wp\/v2\/product_tag?post=2556"}],"curies":[{"name":"wp","href":"https:\/\/api.w.org\/{rel}","templated":true}]}}