{"id":2555,"date":"2025-05-13T10:05:44","date_gmt":"2025-05-13T08:05:44","guid":{"rendered":"https:\/\/kastelmeble.radom.pl\/bisparkiet\/?post_type=product&#038;p=2555"},"modified":"2025-05-13T10:08:49","modified_gmt":"2025-05-13T08:08:49","slug":"legar-moso-bamboo-x-treme-end-matching-40x60x2440-mm","status":"publish","type":"product","link":"https:\/\/kastelmeble.radom.pl\/bisparkiet\/produkt\/legar-moso-bamboo-x-treme-end-matching-40x60x2440-mm\/","title":{"rendered":"Legar MOSO Bamboo X-treme end-matching 40x60x2440 mm"},"content":{"rendered":"<p data-start=\"0\" data-end=\"296\">Kant\u00f3wka <strong data-start=\"9\" data-end=\"32\">MOSO Bamboo X-treme<\/strong> to wszechstronny materia\u0142 o wyj\u0105tkowej odporno\u015bci, trwa\u0142o\u015bci i stabilno\u015bci wymiarowej, idealny do r\u00f3\u017cnych zastosowa\u0144. Mo\u017ce by\u0107 u\u017cywana jako legar tarasowy, element dekoracyjny (np. pergole, przepierzenia, obudowy), deska elewacyjna, a tak\u017ce do konstrukcji \u0142awek.<\/p>\n<p data-start=\"298\" data-end=\"457\">Kant\u00f3wka posiada zaoblone kraw\u0119dzie i system <strong data-start=\"343\" data-end=\"359\">end-matching<\/strong>, co umo\u017cliwia jej niesko\u0144czone \u0142\u0105czenie po d\u0142ugo\u015bci, zapewniaj\u0105c du\u017c\u0105 elastyczno\u015b\u0107 w projektach.<\/p>\n<p data-start=\"459\" data-end=\"741\" data-is-last-node=\"\" data-is-only-node=\"\">Nie wymaga impregnacji \u2013 pozostawiona bez malowania, z czasem nabiera szarego odcienia, co nie wp\u0142ywa na jej trwa\u0142o\u015b\u0107 ani stabilno\u015b\u0107. Aby zachowa\u0107 pierwotny kolor uzyskany dzi\u0119ki procesowi <strong data-start=\"648\" data-end=\"666\">Thermo-Density<\/strong>, wystarczy stosowa\u0107 lazury lub oleje z filtrem UV (najlepiej z pigmentem).<\/p>\n","protected":false},"excerpt":{"rendered":"<p>Kant\u00f3wka MOSO Bamboo X-treme to wszechstronny materia\u0142 o wyj\u0105tkowej odporno\u015bci, trwa\u0142o\u015bci i stabilno\u015bci wymiarowej, idealny do r\u00f3\u017cnych zastosowa\u0144. Mo\u017ce by\u0107 u\u017cywana jako legar tarasowy, element dekoracyjny (np. pergole, przepierzenia, obudowy), deska elewacyjna, a tak\u017ce do konstrukcji \u0142awek. Kant\u00f3wka posiada zaoblone kraw\u0119dzie i system end-matching, co umo\u017cliwia jej niesko\u0144czone \u0142\u0105czenie po d\u0142ugo\u015bci, zapewniaj\u0105c du\u017c\u0105 elastyczno\u015b\u0107 w [&hellip;]<\/p>\n","protected":false},"featured_media":2949,"comment_status":"closed","ping_status":"closed","template":"","meta":[],"product_brand":[],"product_cat":[40,32],"product_tag":[],"class_list":{"0":"post-2555","1":"product","2":"type-product","3":"status-publish","4":"has-post-thumbnail","6":"product_cat-legary","7":"product_cat-tarasy","8":"product_shipping_class-ponadgabarytowe","10":"first","11":"instock","12":"shipping-taxable","13":"purchasable","14":"product-type-simple"},"_links":{"self":[{"href":"https:\/\/kastelmeble.radom.pl\/bisparkiet\/wp-json\/wp\/v2\/product\/2555","targetHints":{"allow":["GET"]}}],"collection":[{"href":"https:\/\/kastelmeble.radom.pl\/bisparkiet\/wp-json\/wp\/v2\/product"}],"about":[{"href":"https:\/\/kastelmeble.radom.pl\/bisparkiet\/wp-json\/wp\/v2\/types\/product"}],"replies":[{"embeddable":true,"href":"https:\/\/kastelmeble.radom.pl\/bisparkiet\/wp-json\/wp\/v2\/comments?post=2555"}],"wp:featuredmedia":[{"embeddable":true,"href":"https:\/\/kastelmeble.radom.pl\/bisparkiet\/wp-json\/wp\/v2\/media\/2949"}],"wp:attachment":[{"href":"https:\/\/kastelmeble.radom.pl\/bisparkiet\/wp-json\/wp\/v2\/media?parent=2555"}],"wp:term":[{"taxonomy":"product_brand","embeddable":true,"href":"https:\/\/kastelmeble.radom.pl\/bisparkiet\/wp-json\/wp\/v2\/product_brand?post=2555"},{"taxonomy":"product_cat","embeddable":true,"href":"https:\/\/kastelmeble.radom.pl\/bisparkiet\/wp-json\/wp\/v2\/product_cat?post=2555"},{"taxonomy":"product_tag","embeddable":true,"href":"https:\/\/kastelmeble.radom.pl\/bisparkiet\/wp-json\/wp\/v2\/product_tag?post=2555"}],"curies":[{"name":"wp","href":"https:\/\/api.w.org\/{rel}","templated":true}]}}