{"id":2553,"date":"2025-05-13T10:05:44","date_gmt":"2025-05-13T08:05:44","guid":{"rendered":"https:\/\/kastelmeble.radom.pl\/bisparkiet\/?post_type=product&#038;p=2553"},"modified":"2025-05-13T10:08:50","modified_gmt":"2025-05-13T08:08:50","slug":"klip-montazowy-do-desek-tarasowych-moso-bamboo-klipwkret","status":"publish","type":"product","link":"https:\/\/kastelmeble.radom.pl\/bisparkiet\/produkt\/klip-montazowy-do-desek-tarasowych-moso-bamboo-klipwkret\/","title":{"rendered":"Klip monta\u017cowy do desek tarasowych MOSO Bamboo, klip+wkr\u0119t"},"content":{"rendered":"<p data-start=\"0\" data-end=\"250\">Klipy do monta\u017cu desek tarasowych <strong data-start=\"34\" data-end=\"57\">MOSO Bamboo X-treme<\/strong> to zestaw, kt\u00f3ry u\u0142atwia instalacj\u0119 tarasu. W sk\u0142ad ka\u017cdego zestawu wchodzi klip i wkr\u0119t, oba wykonane ze stali nierdzewnej, powlekane br\u0105zow\u0105 farb\u0105, co zapewnia estetyczny wygl\u0105d i trwa\u0142o\u015b\u0107.<\/p>\n<p data-start=\"252\" data-end=\"400\">Klipy s\u0105 pakowane po 90 komplet\u00f3w, a ka\u017cde opakowanie zawiera tak\u017ce dedykowany BIT do wkr\u0119tarki, kt\u00f3ry do\u0142\u0105czany jest przy zakupie pe\u0142nych opakowa\u0144.<\/p>\n<p data-start=\"402\" data-end=\"588\" data-is-last-node=\"\" data-is-only-node=\"\">Standardowe zu\u017cycie klip\u00f3w to 17 sztuk na 1 m\u00b2 tarasu, co pozwala na precyzyjne oszacowanie potrzebnej ilo\u015bci w zale\u017cno\u015bci od powierzchni. Cena dotyczy jednej sztuki \u2013 klipu z wkr\u0119tem<\/p>\n","protected":false},"excerpt":{"rendered":"<p>Klipy do monta\u017cu desek tarasowych MOSO Bamboo X-treme to zestaw, kt\u00f3ry u\u0142atwia instalacj\u0119 tarasu. W sk\u0142ad ka\u017cdego zestawu wchodzi klip i wkr\u0119t, oba wykonane ze stali nierdzewnej, powlekane br\u0105zow\u0105 farb\u0105, co zapewnia estetyczny wygl\u0105d i trwa\u0142o\u015b\u0107. Klipy s\u0105 pakowane po 90 komplet\u00f3w, a ka\u017cde opakowanie zawiera tak\u017ce dedykowany BIT do wkr\u0119tarki, kt\u00f3ry do\u0142\u0105czany jest przy [&hellip;]<\/p>\n","protected":false},"featured_media":2950,"comment_status":"closed","ping_status":"closed","template":"","meta":[],"product_brand":[],"product_cat":[38,42],"product_tag":[],"class_list":{"0":"post-2553","1":"product","2":"type-product","3":"status-publish","4":"has-post-thumbnail","6":"product_cat-akcesoria","7":"product_cat-klipsy-ukryty-montaz","8":"product_shipping_class-lekkie-produkty","10":"first","11":"instock","12":"shipping-taxable","13":"purchasable","14":"product-type-simple"},"_links":{"self":[{"href":"https:\/\/kastelmeble.radom.pl\/bisparkiet\/wp-json\/wp\/v2\/product\/2553","targetHints":{"allow":["GET"]}}],"collection":[{"href":"https:\/\/kastelmeble.radom.pl\/bisparkiet\/wp-json\/wp\/v2\/product"}],"about":[{"href":"https:\/\/kastelmeble.radom.pl\/bisparkiet\/wp-json\/wp\/v2\/types\/product"}],"replies":[{"embeddable":true,"href":"https:\/\/kastelmeble.radom.pl\/bisparkiet\/wp-json\/wp\/v2\/comments?post=2553"}],"wp:featuredmedia":[{"embeddable":true,"href":"https:\/\/kastelmeble.radom.pl\/bisparkiet\/wp-json\/wp\/v2\/media\/2950"}],"wp:attachment":[{"href":"https:\/\/kastelmeble.radom.pl\/bisparkiet\/wp-json\/wp\/v2\/media?parent=2553"}],"wp:term":[{"taxonomy":"product_brand","embeddable":true,"href":"https:\/\/kastelmeble.radom.pl\/bisparkiet\/wp-json\/wp\/v2\/product_brand?post=2553"},{"taxonomy":"product_cat","embeddable":true,"href":"https:\/\/kastelmeble.radom.pl\/bisparkiet\/wp-json\/wp\/v2\/product_cat?post=2553"},{"taxonomy":"product_tag","embeddable":true,"href":"https:\/\/kastelmeble.radom.pl\/bisparkiet\/wp-json\/wp\/v2\/product_tag?post=2553"}],"curies":[{"name":"wp","href":"https:\/\/api.w.org\/{rel}","templated":true}]}}