{"id":2530,"date":"2025-05-13T10:05:22","date_gmt":"2025-05-13T08:05:22","guid":{"rendered":"https:\/\/kastelmeble.radom.pl\/bisparkiet\/?post_type=product&#038;p=2530"},"modified":"2025-05-13T10:05:48","modified_gmt":"2025-05-13T08:05:48","slug":"deska-elewacyjna-thermo-sosna-bezseczna-car3","status":"publish","type":"product","link":"https:\/\/kastelmeble.radom.pl\/bisparkiet\/produkt\/deska-elewacyjna-thermo-sosna-bezseczna-car3\/","title":{"rendered":"Deska elewacyjna thermo sosna bezs\u0119czna &#8211; CAR3"},"content":{"rendered":"<div class=\"mpof_ki myre_zn myre_8v_l _0d3bd_YrWCD\">\n<div class=\"mp4t_16_s mryx_16_s mr3m_1 mli2_1 mh85_56 mh85_0_l\">\n<div class=\"mgn2_16 _0d3bd_5pK0q\">\n<h3>Deska elewacyjna thermo sosna bezs\u0119czna &#8211; CAR3<\/h3>\n<ul>\n<li><b>Grubo\u015b\u0107:<\/b>\u00a020 mm<\/li>\n<li><b>Szeroko\u015b\u0107:<\/b>\u00a0138 mm<\/li>\n<li><b>Materia\u0142:<\/b>\u00a0Thermory<\/li>\n<\/ul>\n<\/div>\n<\/div>\n<div class=\"mp4t_16_s mryx_16_s mr3m_1 mli2_1 mh85_56 mh85_0_l\">\n<div class=\"mg9e_8 mg9e_0_s mvrt_0_s mj7a_8 mj7a_0_s mh36_0_s mzmg_6m munh_16_l m3h2_16_l\">\n<div class=\"mp4t_0 mryx_0 munh_56 m3h2_56\">\n<div class=\"mp7g_oh\"><\/div>\n<\/div>\n<\/div>\n<\/div>\n<\/div>\n<div class=\"mpof_ki myre_zn myre_8v_l _0d3bd_YrWCD\">\n<div class=\"mp4t_16_s mryx_16_s mr3m_1 mli2_1 mh85_56 mh85_0_l\">\n<div class=\"mgn2_16 _0d3bd_5pK0q\">\n<p>Profil CAR3 wyposa\u017cony jest w pi\u00f3ro i wpust. Monta\u017cu mo\u017cliwy zar\u00f3wno w pionie jak i w poziomie.<\/p>\n<p>Sosna bezs\u0119czna Thermory charakteryzuje si\u0119 pi\u0119knym oryginalnym us\u0142ojeniem i ciep\u0142\u0105 miodowo-br\u0105zow\u0105 barw\u0105. Modyfikacja termiczna Thermory sprawia, i\u017c deski osi\u0105gaj\u0105 nieprzeci\u0119tne parametry wytrzyma\u0142o\u015bciowe i\u00a0odporno\u015bciowe.<\/p>\n<p>Deski elewacyjne Thermory charakteryzuj\u0105 si\u0119 :<\/p>\n<p>odporno\u015bci\u0105 na warunki atmosferyczne i nie wymagaj\u0105 impregnacji. Ewentualne malowanie stosuje si\u0119 w celu zachowania pi\u0119knej barwy drewna (deski pozostawione bez malowania spatynuj\u0105 na pi\u0119kny szary kolor)<\/p>\n<p>nie kr\u0119c\u0105 si\u0119 i nie wypaczaj\u0105<\/p>\n<p>odporne na ple\u015bnie, grzyby<\/p>\n<p>zaliczane do 2 klasy odporno\u015bci tj. 20-25 lat \u017cywotno\u015bci bez zabezpieczania<\/p>\n<p>doskona\u0142ym izolatorem ciep\u0142a<\/p>\n<p>ca\u0142kowicie od\u017cywiczone dzi\u0119ki czemu nie\u00a0ma mowy o\u00a0\u017cadnych wyp\u0142ywach \u017cywicznych etc.<\/p>\n<p>przyjazne \u015brodowisku, do ich produkcji nie\u00a0s\u0105 stosowane \u017cadne chemikalia<\/p>\n<p>odpowiednie dla\u00a0alergik\u00f3w (nie wydzielaj\u0105 \u017cadnych substancji alergizuj\u0105cych)<\/p>\n<\/div>\n<\/div>\n<\/div>\n","protected":false},"excerpt":{"rendered":"<p>Cena dotyczy 1m2 elewacji thermo sosny bezs\u0119cznej<\/p>\n<p>Profil: CAR 3<\/p>\n<p>Grubo\u015b\u0107: 20mm<\/p>\n<div class=\"mp4t_16_s mryx_16_s mr3m_1 mli2_1 mh85_56 mh85_0_l\">\n<div class=\"mgn2_16 _0d3bd_5pK0q\">\n<p>Szeroko\u015b\u0107:\u00a0138 mm<\/p>\n<p>&nbsp;<\/p>\n<\/div>\n<\/div>\n<div class=\"mp4t_16_s mryx_16_s mr3m_1 mli2_1 mh85_56 mh85_0_l\">\n<div class=\"mg9e_8 mg9e_0_s mvrt_0_s mj7a_8 mj7a_0_s mh36_0_s mzmg_6m munh_16_l m3h2_16_l\">\n<div class=\"mp4t_0 mryx_0 munh_56 m3h2_56\">\n<div class=\"mp7g_oh\"><\/div>\n<\/div>\n<\/div>\n<\/div>\n","protected":false},"featured_media":2574,"comment_status":"open","ping_status":"closed","template":"","meta":[],"product_brand":[],"product_cat":[60,55],"product_tag":[],"class_list":{"0":"post-2530","1":"product","2":"type-product","3":"status-publish","4":"has-post-thumbnail","6":"product_cat-deski-elewacyjne-thermo-sosna","7":"product_cat-elewacje","8":"product_shipping_class-ponadgabarytowe","10":"first","11":"onbackorder","12":"shipping-taxable","13":"purchasable","14":"product-type-simple"},"_links":{"self":[{"href":"https:\/\/kastelmeble.radom.pl\/bisparkiet\/wp-json\/wp\/v2\/product\/2530","targetHints":{"allow":["GET"]}}],"collection":[{"href":"https:\/\/kastelmeble.radom.pl\/bisparkiet\/wp-json\/wp\/v2\/product"}],"about":[{"href":"https:\/\/kastelmeble.radom.pl\/bisparkiet\/wp-json\/wp\/v2\/types\/product"}],"replies":[{"embeddable":true,"href":"https:\/\/kastelmeble.radom.pl\/bisparkiet\/wp-json\/wp\/v2\/comments?post=2530"}],"wp:featuredmedia":[{"embeddable":true,"href":"https:\/\/kastelmeble.radom.pl\/bisparkiet\/wp-json\/wp\/v2\/media\/2574"}],"wp:attachment":[{"href":"https:\/\/kastelmeble.radom.pl\/bisparkiet\/wp-json\/wp\/v2\/media?parent=2530"}],"wp:term":[{"taxonomy":"product_brand","embeddable":true,"href":"https:\/\/kastelmeble.radom.pl\/bisparkiet\/wp-json\/wp\/v2\/product_brand?post=2530"},{"taxonomy":"product_cat","embeddable":true,"href":"https:\/\/kastelmeble.radom.pl\/bisparkiet\/wp-json\/wp\/v2\/product_cat?post=2530"},{"taxonomy":"product_tag","embeddable":true,"href":"https:\/\/kastelmeble.radom.pl\/bisparkiet\/wp-json\/wp\/v2\/product_tag?post=2530"}],"curies":[{"name":"wp","href":"https:\/\/api.w.org\/{rel}","templated":true}]}}