{"id":2528,"date":"2025-05-13T10:05:21","date_gmt":"2025-05-13T08:05:21","guid":{"rendered":"https:\/\/kastelmeble.radom.pl\/bisparkiet\/?post_type=product&#038;p=2528"},"modified":"2025-05-13T10:05:40","modified_gmt":"2025-05-13T08:05:40","slug":"deska-tarasowa-cumaru-21x145mm","status":"publish","type":"product","link":"https:\/\/kastelmeble.radom.pl\/bisparkiet\/produkt\/deska-tarasowa-cumaru-21x145mm\/","title":{"rendered":"Deska tarasowa Cumaru 21x145mm"},"content":{"rendered":"<p>Deska tarasowa Cumaru Classic\u00a0 21x145mm<\/p>\n<p>Profil: Ryflowana<br \/>\nGrubo\u015b\u0107: 21 mm<br \/>\nSzeroko\u015b\u0107:\u00a0145 mm<br \/>\nDost\u0119pna w d\u0142ugo\u015bciach: 2,15 m- 4,88 m<\/p>\n<p>Drewno mocne, w\u0142\u00f3kniste, twarde, o \u015bci\u015ble u\u0142o\u017conych w\u0142\u00f3knach\u00a0 w znacznym stopniu pozbawionego s\u0119k\u00f3w,\u00a0 czekoladowym lub czerwonobr\u0105zowym zabarwieniu, pokryte g\u0119stym falistym rysunkiem w zr\u00f3\u017cnicowanych odcieniach.<\/p>\n<p>Cumaru wykazuje bardzo wysoka naturalna odporno\u015b\u0107 na biodegradacj\u0119 i obejmuje najwy\u017csz\u0105 5 klas\u0119 u\u017cytkowania (drewno stale nara\u017cone na dzia\u0142anie wody morskiej). Trwa\u0142o\u015b\u0107 tego drewna okre\u015bla si\u0119 na 30-50 lat.<\/p>\n<p>&nbsp;<\/p>\n","protected":false},"excerpt":{"rendered":"<p>( 476z\u0142\/m2)Brutto<br \/>\nCena dotyczy 1mb deski tarasowej Cumaru<\/p>\n<p>Profil: Ryflowana<br \/>\nGrubo\u015b\u0107: 21 mm<br \/>\nSzeroko\u015b\u0107:\u00a0145 mm<\/p>\n","protected":false},"featured_media":2547,"comment_status":"open","ping_status":"closed","template":"","meta":[],"product_brand":[],"product_cat":[36,32],"product_tag":[],"class_list":{"0":"post-2528","1":"product","2":"type-product","3":"status-publish","4":"has-post-thumbnail","6":"product_cat-deski-tarasowe-egzotyczne","7":"product_cat-tarasy","9":"first","10":"instock","11":"shipping-taxable","12":"purchasable","13":"product-type-simple"},"_links":{"self":[{"href":"https:\/\/kastelmeble.radom.pl\/bisparkiet\/wp-json\/wp\/v2\/product\/2528","targetHints":{"allow":["GET"]}}],"collection":[{"href":"https:\/\/kastelmeble.radom.pl\/bisparkiet\/wp-json\/wp\/v2\/product"}],"about":[{"href":"https:\/\/kastelmeble.radom.pl\/bisparkiet\/wp-json\/wp\/v2\/types\/product"}],"replies":[{"embeddable":true,"href":"https:\/\/kastelmeble.radom.pl\/bisparkiet\/wp-json\/wp\/v2\/comments?post=2528"}],"wp:featuredmedia":[{"embeddable":true,"href":"https:\/\/kastelmeble.radom.pl\/bisparkiet\/wp-json\/wp\/v2\/media\/2547"}],"wp:attachment":[{"href":"https:\/\/kastelmeble.radom.pl\/bisparkiet\/wp-json\/wp\/v2\/media?parent=2528"}],"wp:term":[{"taxonomy":"product_brand","embeddable":true,"href":"https:\/\/kastelmeble.radom.pl\/bisparkiet\/wp-json\/wp\/v2\/product_brand?post=2528"},{"taxonomy":"product_cat","embeddable":true,"href":"https:\/\/kastelmeble.radom.pl\/bisparkiet\/wp-json\/wp\/v2\/product_cat?post=2528"},{"taxonomy":"product_tag","embeddable":true,"href":"https:\/\/kastelmeble.radom.pl\/bisparkiet\/wp-json\/wp\/v2\/product_tag?post=2528"}],"curies":[{"name":"wp","href":"https:\/\/api.w.org\/{rel}","templated":true}]}}