{"id":2512,"date":"2025-05-13T10:05:20","date_gmt":"2025-05-13T08:05:20","guid":{"rendered":"https:\/\/kastelmeble.radom.pl\/bisparkiet\/?post_type=product&#038;p=2512"},"modified":"2025-05-13T10:05:43","modified_gmt":"2025-05-13T08:05:43","slug":"deska-kompozytowa-luna","status":"publish","type":"product","link":"https:\/\/kastelmeble.radom.pl\/bisparkiet\/produkt\/deska-kompozytowa-luna\/","title":{"rendered":"Deska kompozytowa Luna"},"content":{"rendered":"<p>Deska kompozytowa Luna<\/p>\n<p>Profil: ryfel<\/p>\n<p>Grubo\u015b\u0107: 25 mm<\/p>\n<p>Szeroko\u015b\u0107: 150 mm<\/p>\n<p>Dost\u0119pne d\u0142ugo\u015bci: 2400mm; 3000mm; 4000mm<\/p>\n<p>Kolor: grafit, szary, ciemny br\u0105z, jasny br\u0105z, teak<\/p>\n<p>Deska tarasowa LUNA wyprodukowana zosta\u0142a z w\u0142\u00f3kien bambusowych, tworzyw sztucznych oraz substancji uszczelniaj\u0105cych. Tak uzyskany materia\u0142 czyni j\u0105 produktem wysokiej jako\u015bci.<\/p>\n<p>LUNA jest wyprodukowana z w\u0142\u00f3kien bambusowych, tworzyw sztucznych oraz substancji uszlachetniaj\u0105cych, \u0142\u0105cz\u0105c najlepsze w\u0142a\u015bciwo\u015bci ka\u017cdego z tych komponent\u00f3w i uzyskuj\u0105c optymalne parametry u\u017cytkowania. W efekcie powstaje wytrzyma\u0142a, odporna na dzia\u0142anie czynnik\u00f3w atmosferycznych deska tarasowa, kt\u00f3ra nie ulega biodegradacji<\/p>\n","protected":false},"excerpt":{"rendered":"<p>Deska kompozytowa Luna Profil: ryfel Grubo\u015b\u0107: 25 mm Szeroko\u015b\u0107: 150 mm Dost\u0119pne d\u0142ugo\u015bci: 2400mm; 3000mm; 4000mm Kolor: grafit, szary, ciemny br\u0105z, jasny br\u0105z, teak Deska tarasowa LUNA wyprodukowana zosta\u0142a z w\u0142\u00f3kien bambusowych, tworzyw sztucznych oraz substancji uszczelniaj\u0105cych. Tak uzyskany materia\u0142 czyni j\u0105 produktem wysokiej jako\u015bci. LUNA jest wyprodukowana z w\u0142\u00f3kien bambusowych, tworzyw sztucznych oraz substancji [&hellip;]<\/p>\n","protected":false},"featured_media":2542,"comment_status":"open","ping_status":"closed","template":"","meta":[],"product_brand":[],"product_cat":[37,32],"product_tag":[],"class_list":{"0":"post-2512","1":"product","2":"type-product","3":"status-publish","4":"has-post-thumbnail","6":"product_cat-deski-tarasowe-kompozytowe","7":"product_cat-tarasy","9":"first","10":"outofstock","11":"shipping-taxable","12":"purchasable","13":"product-type-variable","14":"has-default-attributes"},"_links":{"self":[{"href":"https:\/\/kastelmeble.radom.pl\/bisparkiet\/wp-json\/wp\/v2\/product\/2512","targetHints":{"allow":["GET"]}}],"collection":[{"href":"https:\/\/kastelmeble.radom.pl\/bisparkiet\/wp-json\/wp\/v2\/product"}],"about":[{"href":"https:\/\/kastelmeble.radom.pl\/bisparkiet\/wp-json\/wp\/v2\/types\/product"}],"replies":[{"embeddable":true,"href":"https:\/\/kastelmeble.radom.pl\/bisparkiet\/wp-json\/wp\/v2\/comments?post=2512"}],"wp:featuredmedia":[{"embeddable":true,"href":"https:\/\/kastelmeble.radom.pl\/bisparkiet\/wp-json\/wp\/v2\/media\/2542"}],"wp:attachment":[{"href":"https:\/\/kastelmeble.radom.pl\/bisparkiet\/wp-json\/wp\/v2\/media?parent=2512"}],"wp:term":[{"taxonomy":"product_brand","embeddable":true,"href":"https:\/\/kastelmeble.radom.pl\/bisparkiet\/wp-json\/wp\/v2\/product_brand?post=2512"},{"taxonomy":"product_cat","embeddable":true,"href":"https:\/\/kastelmeble.radom.pl\/bisparkiet\/wp-json\/wp\/v2\/product_cat?post=2512"},{"taxonomy":"product_tag","embeddable":true,"href":"https:\/\/kastelmeble.radom.pl\/bisparkiet\/wp-json\/wp\/v2\/product_tag?post=2512"}],"curies":[{"name":"wp","href":"https:\/\/api.w.org\/{rel}","templated":true}]}}