{"id":2511,"date":"2025-05-13T10:05:20","date_gmt":"2025-05-13T08:05:20","guid":{"rendered":"https:\/\/kastelmeble.radom.pl\/bisparkiet\/?post_type=product&#038;p=2511"},"modified":"2025-05-13T10:05:29","modified_gmt":"2025-05-13T08:05:29","slug":"deska-tarasowa-z-drewna-egzotycznego-angelim-amargoso-21x145mm","status":"publish","type":"product","link":"https:\/\/kastelmeble.radom.pl\/bisparkiet\/produkt\/deska-tarasowa-z-drewna-egzotycznego-angelim-amargoso-21x145mm\/","title":{"rendered":"Deska tarasowa z drewna egzotycznego Angelim Amargoso 21x145mm"},"content":{"rendered":"<p>Deska tarasowa Angelim Amargoso 21x145mm<\/p>\n<p>Profil: drobny ryfel \/g\u0142adka<br \/>\nGrubo\u015b\u0107: 21 mm<br \/>\nSzeroko\u015b\u0107:\u00a0145 mm<br \/>\nDost\u0119pna w d\u0142ugo\u015bciach: 2,15 m<\/p>\n<p>Drewno egzotyczne\u00a0 jest bardzo g\u0119ste, twarde i wytrzymale oraz wyr\u00f3\u017cnia si\u0119 naturaln\u0105 odporno\u015bci\u0105 na biodegradacj\u0119 i dzia\u0142anie szkodnik\u00f3w .<\/p>\n<p>W znacznym stopniu pozbawionego s\u0119k\u00f3w o zabarwieniu \u00a0 \u017c\u00f3\u0142tobr\u0105zowym do ciemnobr\u0105zowego.<\/p>\n<ul>\n<li>G\u0119sto\u015b\u0107:\u00a0750 kg\/m3<\/li>\n<li>Klasa odporno\u015bci na biodegradacj\u0119:\u00a0Klasa 3<\/li>\n<\/ul>\n","protected":false},"excerpt":{"rendered":"<p>Cena dotyczy 1mb deski tarasowej Angelim Amargoso<\/p>\n<p>(235z\u0142\/m2) Brutto<\/p>\n<p>Profil: drobny ryfel \/g\u0142adka<br \/>\nGrubo\u015b\u0107: 21 mm<br \/>\nSzeroko\u015b\u0107:\u00a0145 mm<\/p>\n","protected":false},"featured_media":2541,"comment_status":"open","ping_status":"closed","template":"","meta":[],"product_brand":[],"product_cat":[36,32],"product_tag":[],"class_list":{"0":"post-2511","1":"product","2":"type-product","3":"status-publish","4":"has-post-thumbnail","6":"product_cat-deski-tarasowe-egzotyczne","7":"product_cat-tarasy","9":"first","10":"instock","11":"shipping-taxable","12":"purchasable","13":"product-type-simple"},"_links":{"self":[{"href":"https:\/\/kastelmeble.radom.pl\/bisparkiet\/wp-json\/wp\/v2\/product\/2511","targetHints":{"allow":["GET"]}}],"collection":[{"href":"https:\/\/kastelmeble.radom.pl\/bisparkiet\/wp-json\/wp\/v2\/product"}],"about":[{"href":"https:\/\/kastelmeble.radom.pl\/bisparkiet\/wp-json\/wp\/v2\/types\/product"}],"replies":[{"embeddable":true,"href":"https:\/\/kastelmeble.radom.pl\/bisparkiet\/wp-json\/wp\/v2\/comments?post=2511"}],"wp:featuredmedia":[{"embeddable":true,"href":"https:\/\/kastelmeble.radom.pl\/bisparkiet\/wp-json\/wp\/v2\/media\/2541"}],"wp:attachment":[{"href":"https:\/\/kastelmeble.radom.pl\/bisparkiet\/wp-json\/wp\/v2\/media?parent=2511"}],"wp:term":[{"taxonomy":"product_brand","embeddable":true,"href":"https:\/\/kastelmeble.radom.pl\/bisparkiet\/wp-json\/wp\/v2\/product_brand?post=2511"},{"taxonomy":"product_cat","embeddable":true,"href":"https:\/\/kastelmeble.radom.pl\/bisparkiet\/wp-json\/wp\/v2\/product_cat?post=2511"},{"taxonomy":"product_tag","embeddable":true,"href":"https:\/\/kastelmeble.radom.pl\/bisparkiet\/wp-json\/wp\/v2\/product_tag?post=2511"}],"curies":[{"name":"wp","href":"https:\/\/api.w.org\/{rel}","templated":true}]}}