{"id":2469,"date":"2025-05-13T10:03:54","date_gmt":"2025-05-13T08:03:54","guid":{"rendered":"https:\/\/kastelmeble.radom.pl\/bisparkiet\/?post_type=product&#038;p=2469"},"modified":"2025-05-13T10:05:11","modified_gmt":"2025-05-13T08:05:11","slug":"deska-tarasowa-swierk-24x145-ryflowana","status":"publish","type":"product","link":"https:\/\/kastelmeble.radom.pl\/bisparkiet\/produkt\/deska-tarasowa-swierk-24x145-ryflowana\/","title":{"rendered":"Deska tarasowa \u015awierk 24&#215;145 ryflowana"},"content":{"rendered":"<p><strong>Cena dotyczy 1mb deski<\/strong> <strong>tarasowej \u015awierk 24&#215;145 mm<\/strong><\/p>\n<p><strong>Profil:<\/strong> ryflowana<\/p>\n<p><strong>Grubo\u015b\u0107:\u00a0<\/strong>24 mm<\/p>\n<p><strong>Szeroko\u015b\u0107:\u00a0<\/strong>145 mm<\/p>\n<p><strong>Klasa:<\/strong>\u00a0AB<\/p>\n<p>Deska tarasowa z wysokiej klasy drewna \u015bwierkowego.<br \/>\nDzi\u0119ki wysokiej jako\u015bci obr\u00f3bki deska tarasowa ma bardzo dobre walory techniczne i estetyczne.<\/p>\n<p><strong>Przed zakupem prosimy o kontakt w celu sprawdzenia dost\u0119pno\u015bci oraz ustalenia szczeg\u00f3\u0142\u00f3w transportu.<\/strong><\/p>\n<p><b>Oferujemy r\u00f3wnie\u017c monta\u017c taras\u00f3w i elewacji.<\/b><\/p>\n<p><b>Zadzwo\u0144 lub napisz a my przygotujemy ofert\u0119.<\/b><\/p>\n","protected":false},"excerpt":{"rendered":"<p><strong>Cena dotyczy 1mb deski<\/strong> <strong>tarasowej \u015awierk 24&#215;145 mm<\/strong><\/p>\n<p><strong>Profil:<\/strong> ryflowana<\/p>\n<p><strong>Grubo\u015b\u0107:\u00a0<\/strong>24 mm<\/p>\n<p><strong>Szeroko\u015b\u0107:\u00a0<\/strong>145 mm<\/p>\n<p><strong>Klasa:<\/strong>\u00a0AB<\/p>\n","protected":false},"featured_media":2001,"comment_status":"open","ping_status":"closed","template":"","meta":[],"product_brand":[],"product_cat":[65,66,32],"product_tag":[],"class_list":{"0":"post-2469","1":"product","2":"type-product","3":"status-publish","4":"has-post-thumbnail","6":"product_cat-deski-tarasowe-iglaste","7":"product_cat-deski-tarasowe-swierkowe","8":"product_cat-tarasy","10":"first","11":"instock","12":"shipping-taxable","13":"purchasable","14":"product-type-simple"},"_links":{"self":[{"href":"https:\/\/kastelmeble.radom.pl\/bisparkiet\/wp-json\/wp\/v2\/product\/2469","targetHints":{"allow":["GET"]}}],"collection":[{"href":"https:\/\/kastelmeble.radom.pl\/bisparkiet\/wp-json\/wp\/v2\/product"}],"about":[{"href":"https:\/\/kastelmeble.radom.pl\/bisparkiet\/wp-json\/wp\/v2\/types\/product"}],"replies":[{"embeddable":true,"href":"https:\/\/kastelmeble.radom.pl\/bisparkiet\/wp-json\/wp\/v2\/comments?post=2469"}],"wp:featuredmedia":[{"embeddable":true,"href":"https:\/\/kastelmeble.radom.pl\/bisparkiet\/wp-json\/wp\/v2\/media\/2001"}],"wp:attachment":[{"href":"https:\/\/kastelmeble.radom.pl\/bisparkiet\/wp-json\/wp\/v2\/media?parent=2469"}],"wp:term":[{"taxonomy":"product_brand","embeddable":true,"href":"https:\/\/kastelmeble.radom.pl\/bisparkiet\/wp-json\/wp\/v2\/product_brand?post=2469"},{"taxonomy":"product_cat","embeddable":true,"href":"https:\/\/kastelmeble.radom.pl\/bisparkiet\/wp-json\/wp\/v2\/product_cat?post=2469"},{"taxonomy":"product_tag","embeddable":true,"href":"https:\/\/kastelmeble.radom.pl\/bisparkiet\/wp-json\/wp\/v2\/product_tag?post=2469"}],"curies":[{"name":"wp","href":"https:\/\/api.w.org\/{rel}","templated":true}]}}