{"id":2432,"date":"2025-05-13T10:03:32","date_gmt":"2025-05-13T08:03:32","guid":{"rendered":"https:\/\/kastelmeble.radom.pl\/bisparkiet\/?post_type=product&#038;p=2432"},"modified":"2025-05-13T10:08:41","modified_gmt":"2025-05-13T08:08:41","slug":"deska-elewacyjna-ultrashield-uh62","status":"publish","type":"product","link":"https:\/\/kastelmeble.radom.pl\/bisparkiet\/produkt\/deska-elewacyjna-ultrashield-uh62\/","title":{"rendered":"Deska elewacyjna Ultrashield UH62"},"content":{"rendered":"<p><b>Deska elewacyjna kompozytowa UH62\u00a0 209,5 x 18 x 2800mm<\/b><\/p>\n<p>Wyprofilowana deska elewacyjna UH62 drugiej generacji, zbudowana jest dok\u0142adnie na tej samej bazie co deski tarasowe. Odpowiednia sprawdzona mieszanka m\u0105czki drzewnej 60% ,polietylenu HDPE 40 % oraz os\u0142onka polimerowa \u2013 nadaje trwa\u0142o\u015b\u0107 deski oraz odporno\u015b\u0107 na zabrudzenia ,promieniowanie UV, a tak\u017ce zachowuje kolor na lata \u2013 bez \u017cadnej dodatkowej impregnacji. Os\u0142onka polimerowa obni\u017ca r\u00f3wnie\u017c wch\u0142anialno\u015b\u0107 wody do poziomu 0,1%. W przypadku zabrudze\u0144 wystarczy skorzysta\u0107 z myjki ci\u015bnieniowej.<\/p>\n","protected":false},"excerpt":{"rendered":"<p>cena dotyczy 1 metra bie\u017c\u0105cego deski<\/p>\n","protected":false},"featured_media":2459,"comment_status":"open","ping_status":"closed","template":"","meta":[],"product_brand":[],"product_cat":[61,55],"product_tag":[],"class_list":{"0":"post-2432","1":"product","2":"type-product","3":"status-publish","4":"has-post-thumbnail","6":"product_cat-deska-kompozytowa","7":"product_cat-elewacje","9":"first","10":"instock","11":"shipping-taxable","12":"purchasable","13":"product-type-variable"},"_links":{"self":[{"href":"https:\/\/kastelmeble.radom.pl\/bisparkiet\/wp-json\/wp\/v2\/product\/2432","targetHints":{"allow":["GET"]}}],"collection":[{"href":"https:\/\/kastelmeble.radom.pl\/bisparkiet\/wp-json\/wp\/v2\/product"}],"about":[{"href":"https:\/\/kastelmeble.radom.pl\/bisparkiet\/wp-json\/wp\/v2\/types\/product"}],"replies":[{"embeddable":true,"href":"https:\/\/kastelmeble.radom.pl\/bisparkiet\/wp-json\/wp\/v2\/comments?post=2432"}],"wp:featuredmedia":[{"embeddable":true,"href":"https:\/\/kastelmeble.radom.pl\/bisparkiet\/wp-json\/wp\/v2\/media\/2459"}],"wp:attachment":[{"href":"https:\/\/kastelmeble.radom.pl\/bisparkiet\/wp-json\/wp\/v2\/media?parent=2432"}],"wp:term":[{"taxonomy":"product_brand","embeddable":true,"href":"https:\/\/kastelmeble.radom.pl\/bisparkiet\/wp-json\/wp\/v2\/product_brand?post=2432"},{"taxonomy":"product_cat","embeddable":true,"href":"https:\/\/kastelmeble.radom.pl\/bisparkiet\/wp-json\/wp\/v2\/product_cat?post=2432"},{"taxonomy":"product_tag","embeddable":true,"href":"https:\/\/kastelmeble.radom.pl\/bisparkiet\/wp-json\/wp\/v2\/product_tag?post=2432"}],"curies":[{"name":"wp","href":"https:\/\/api.w.org\/{rel}","templated":true}]}}