{"id":2402,"date":"2025-05-13T10:03:09","date_gmt":"2025-05-13T08:03:09","guid":{"rendered":"https:\/\/kastelmeble.radom.pl\/bisparkiet\/?post_type=product&#038;p=2402"},"modified":"2025-05-13T10:03:31","modified_gmt":"2025-05-13T08:03:31","slug":"listwa-plaska-gardin-natur","status":"publish","type":"product","link":"https:\/\/kastelmeble.radom.pl\/bisparkiet\/produkt\/listwa-plaska-gardin-natur\/","title":{"rendered":"Listwa p\u0142aska Gardin Natur"},"content":{"rendered":"<p>Listwa wyko\u0144czeniowa p\u0142aska do sytemu tarasowego Gardin Natur.<br \/>\nWytwarzana z mieszanki polimer\u00f3w wysokiej g\u0119sto\u015bci i w\u0142\u00f3kien drzewnych. Charakteryzuje si\u0119 wysok\u0105 trwa\u0142o\u015bci\u0105 i odporno\u015bci\u0105 na promienie UV oraz destrukcj\u0119 biologiczn\u0105. Nie wymaga olejowania ani impregnacji.<\/p>\n<p>Wymiary:<\/p>\n<p>Grubo\u015b\u0107; 11mm<\/p>\n<p>Szeroko\u015b\u0107; 57mm<\/p>\n<p>D\u0142ugo\u015b\u0107; 3000mm<\/p>\n<p>&nbsp;<\/p>\n<p>&nbsp;<\/p>\n","protected":false},"excerpt":{"rendered":"<p>Listwa wyko\u0144czeniowa p\u0142aska do sytemu tarasowego Gardin Natur. Wytwarzana z mieszanki polimer\u00f3w wysokiej g\u0119sto\u015bci i w\u0142\u00f3kien drzewnych. Charakteryzuje si\u0119 wysok\u0105 trwa\u0142o\u015bci\u0105 i odporno\u015bci\u0105 na promienie UV oraz destrukcj\u0119 biologiczn\u0105. Nie wymaga olejowania ani impregnacji. Wymiary: Grubo\u015b\u0107; 11mm Szeroko\u015b\u0107; 57mm D\u0142ugo\u015b\u0107; 3000mm &nbsp; &nbsp;<\/p>\n","protected":false},"featured_media":2418,"comment_status":"open","ping_status":"closed","template":"","meta":[],"product_brand":[],"product_cat":[69,32],"product_tag":[],"class_list":{"0":"post-2402","1":"product","2":"type-product","3":"status-publish","4":"has-post-thumbnail","6":"product_cat-listwy-wykonczeniowe","7":"product_cat-tarasy","8":"product_shipping_class-lekkie-produkty","10":"first","11":"instock","12":"shipping-taxable","13":"purchasable","14":"product-type-variable"},"_links":{"self":[{"href":"https:\/\/kastelmeble.radom.pl\/bisparkiet\/wp-json\/wp\/v2\/product\/2402","targetHints":{"allow":["GET"]}}],"collection":[{"href":"https:\/\/kastelmeble.radom.pl\/bisparkiet\/wp-json\/wp\/v2\/product"}],"about":[{"href":"https:\/\/kastelmeble.radom.pl\/bisparkiet\/wp-json\/wp\/v2\/types\/product"}],"replies":[{"embeddable":true,"href":"https:\/\/kastelmeble.radom.pl\/bisparkiet\/wp-json\/wp\/v2\/comments?post=2402"}],"wp:featuredmedia":[{"embeddable":true,"href":"https:\/\/kastelmeble.radom.pl\/bisparkiet\/wp-json\/wp\/v2\/media\/2418"}],"wp:attachment":[{"href":"https:\/\/kastelmeble.radom.pl\/bisparkiet\/wp-json\/wp\/v2\/media?parent=2402"}],"wp:term":[{"taxonomy":"product_brand","embeddable":true,"href":"https:\/\/kastelmeble.radom.pl\/bisparkiet\/wp-json\/wp\/v2\/product_brand?post=2402"},{"taxonomy":"product_cat","embeddable":true,"href":"https:\/\/kastelmeble.radom.pl\/bisparkiet\/wp-json\/wp\/v2\/product_cat?post=2402"},{"taxonomy":"product_tag","embeddable":true,"href":"https:\/\/kastelmeble.radom.pl\/bisparkiet\/wp-json\/wp\/v2\/product_tag?post=2402"}],"curies":[{"name":"wp","href":"https:\/\/api.w.org\/{rel}","templated":true}]}}