{"id":2398,"date":"2025-05-13T10:03:09","date_gmt":"2025-05-13T08:03:09","guid":{"rendered":"https:\/\/kastelmeble.radom.pl\/bisparkiet\/?post_type=product&#038;p=2398"},"modified":"2025-05-13T10:03:15","modified_gmt":"2025-05-13T08:03:15","slug":"klips-montazowy-ze-sruba-ze-stali-nierdzewnej-akm-3-seqo-standard","status":"publish","type":"product","link":"https:\/\/kastelmeble.radom.pl\/bisparkiet\/produkt\/klips-montazowy-ze-sruba-ze-stali-nierdzewnej-akm-3-seqo-standard\/","title":{"rendered":"KLIPS MONTA\u017bOWY ZE \u015aRUB\u0104 ZE STALI NIERDZEWNEJ AKM-3 SEQO STANDARD"},"content":{"rendered":"<p>KLIPS MONTA\u017bOWY ZE \u015aRUB\u0104 ZE STALI NIERDZEWNEJ AKM-3 SEQO STANDARD<\/p>\n<p>&nbsp;<\/p>\n<p>Orientacyjny rozstaw mi\u0119dzy deskami\u00a0 3mm.<\/p>\n","protected":false},"excerpt":{"rendered":"<p>cena za sztuk\u0119<\/p>\n","protected":false},"featured_media":2416,"comment_status":"open","ping_status":"closed","template":"","meta":[],"product_brand":[],"product_cat":[38,42],"product_tag":[],"class_list":{"0":"post-2398","1":"product","2":"type-product","3":"status-publish","4":"has-post-thumbnail","6":"product_cat-akcesoria","7":"product_cat-klipsy-ukryty-montaz","8":"product_shipping_class-lekkie-produkty","10":"first","11":"instock","12":"shipping-taxable","13":"purchasable","14":"product-type-simple"},"_links":{"self":[{"href":"https:\/\/kastelmeble.radom.pl\/bisparkiet\/wp-json\/wp\/v2\/product\/2398","targetHints":{"allow":["GET"]}}],"collection":[{"href":"https:\/\/kastelmeble.radom.pl\/bisparkiet\/wp-json\/wp\/v2\/product"}],"about":[{"href":"https:\/\/kastelmeble.radom.pl\/bisparkiet\/wp-json\/wp\/v2\/types\/product"}],"replies":[{"embeddable":true,"href":"https:\/\/kastelmeble.radom.pl\/bisparkiet\/wp-json\/wp\/v2\/comments?post=2398"}],"wp:featuredmedia":[{"embeddable":true,"href":"https:\/\/kastelmeble.radom.pl\/bisparkiet\/wp-json\/wp\/v2\/media\/2416"}],"wp:attachment":[{"href":"https:\/\/kastelmeble.radom.pl\/bisparkiet\/wp-json\/wp\/v2\/media?parent=2398"}],"wp:term":[{"taxonomy":"product_brand","embeddable":true,"href":"https:\/\/kastelmeble.radom.pl\/bisparkiet\/wp-json\/wp\/v2\/product_brand?post=2398"},{"taxonomy":"product_cat","embeddable":true,"href":"https:\/\/kastelmeble.radom.pl\/bisparkiet\/wp-json\/wp\/v2\/product_cat?post=2398"},{"taxonomy":"product_tag","embeddable":true,"href":"https:\/\/kastelmeble.radom.pl\/bisparkiet\/wp-json\/wp\/v2\/product_tag?post=2398"}],"curies":[{"name":"wp","href":"https:\/\/api.w.org\/{rel}","templated":true}]}}