{"id":2362,"date":"2025-05-13T10:02:59","date_gmt":"2025-05-13T08:02:59","guid":{"rendered":"https:\/\/kastelmeble.radom.pl\/bisparkiet\/?post_type=product&#038;p=2362"},"modified":"2025-05-13T10:03:31","modified_gmt":"2025-05-13T08:03:31","slug":"listwa-wykonczeniowa-plaska-bb-85h13-seqo-standard","status":"publish","type":"product","link":"https:\/\/kastelmeble.radom.pl\/bisparkiet\/produkt\/listwa-wykonczeniowa-plaska-bb-85h13-seqo-standard\/","title":{"rendered":"Listwa wyko\u0144czeniowa p\u0142aska BB-85H13 SEQO STANDARD"},"content":{"rendered":"<h5 class=\"_1s2v1 _1djie _4lbi0\">Listwa wyko\u0144czeniowa p\u0142aska BB-85H13 SEQO STANDARD<\/h5>\n<p>Deski kompozytowe powstaj\u0105 z po\u0142\u0105czenia tworzyw sztucznych z drewnem. Dzi\u0119ki temu \u0142\u0105cz\u0105 najlepsze cechy obu<br \/>\nmateria\u0142\u00f3w \u2013 trwa\u0142o\u015b\u0107 i odporno\u015b\u0107 zbli\u017con\u0105 do tworzyw oraz walory estetyczne drewna.<\/p>\n<p>Listwa dost\u0119pna w d\u0142ugo\u015bciach;\u00a0 2900mm,<\/p>\n","protected":false},"excerpt":{"rendered":"<p>17,20z\u0142\/mb<\/p>\n","protected":false},"featured_media":2199,"comment_status":"open","ping_status":"closed","template":"","meta":[],"product_brand":[],"product_cat":[69,32],"product_tag":[],"class_list":{"0":"post-2362","1":"product","2":"type-product","3":"status-publish","4":"has-post-thumbnail","6":"product_cat-listwy-wykonczeniowe","7":"product_cat-tarasy","9":"first","10":"instock","11":"shipping-taxable","12":"purchasable","13":"product-type-variable","14":"has-default-attributes"},"_links":{"self":[{"href":"https:\/\/kastelmeble.radom.pl\/bisparkiet\/wp-json\/wp\/v2\/product\/2362","targetHints":{"allow":["GET"]}}],"collection":[{"href":"https:\/\/kastelmeble.radom.pl\/bisparkiet\/wp-json\/wp\/v2\/product"}],"about":[{"href":"https:\/\/kastelmeble.radom.pl\/bisparkiet\/wp-json\/wp\/v2\/types\/product"}],"replies":[{"embeddable":true,"href":"https:\/\/kastelmeble.radom.pl\/bisparkiet\/wp-json\/wp\/v2\/comments?post=2362"}],"wp:featuredmedia":[{"embeddable":true,"href":"https:\/\/kastelmeble.radom.pl\/bisparkiet\/wp-json\/wp\/v2\/media\/2199"}],"wp:attachment":[{"href":"https:\/\/kastelmeble.radom.pl\/bisparkiet\/wp-json\/wp\/v2\/media?parent=2362"}],"wp:term":[{"taxonomy":"product_brand","embeddable":true,"href":"https:\/\/kastelmeble.radom.pl\/bisparkiet\/wp-json\/wp\/v2\/product_brand?post=2362"},{"taxonomy":"product_cat","embeddable":true,"href":"https:\/\/kastelmeble.radom.pl\/bisparkiet\/wp-json\/wp\/v2\/product_cat?post=2362"},{"taxonomy":"product_tag","embeddable":true,"href":"https:\/\/kastelmeble.radom.pl\/bisparkiet\/wp-json\/wp\/v2\/product_tag?post=2362"}],"curies":[{"name":"wp","href":"https:\/\/api.w.org\/{rel}","templated":true}]}}