{"id":2348,"date":"2025-05-13T10:02:58","date_gmt":"2025-05-13T08:02:58","guid":{"rendered":"https:\/\/kastelmeble.radom.pl\/bisparkiet\/?post_type=product&#038;p=2348"},"modified":"2025-05-13T10:03:07","modified_gmt":"2025-05-13T08:03:07","slug":"listwa-wykonczeniowa-plaska-seqo-pl-150h12","status":"publish","type":"product","link":"https:\/\/kastelmeble.radom.pl\/bisparkiet\/produkt\/listwa-wykonczeniowa-plaska-seqo-pl-150h12\/","title":{"rendered":"Listwa wyko\u0144czeniowa p\u0142aska SEQO PL-150H12"},"content":{"rendered":"<p><b>Cena dotyczy jednej sztuki<\/b><\/p>\n<p><b>LISTWA K\u0104TOWA PL &#8211; 150H12<\/b><\/p>\n<p>Wymiary: 150mm x 12mm x 2900mm<\/p>\n<p>dost\u0119pne kolory poni\u017cej<\/p>\n","protected":false},"excerpt":{"rendered":"<p>Cena dotyczy jednej sztuki LISTWA K\u0104TOWA PL &#8211; 150H12 Wymiary: 150mm x 12mm x 2900mm dost\u0119pne kolory poni\u017cej<\/p>\n","protected":false},"featured_media":2368,"comment_status":"open","ping_status":"closed","template":"","meta":[],"product_brand":[],"product_cat":[69,32],"product_tag":[],"class_list":{"0":"post-2348","1":"product","2":"type-product","3":"status-publish","4":"has-post-thumbnail","6":"product_cat-listwy-wykonczeniowe","7":"product_cat-tarasy","9":"first","10":"instock","11":"shipping-taxable","12":"purchasable","13":"product-type-variable"},"_links":{"self":[{"href":"https:\/\/kastelmeble.radom.pl\/bisparkiet\/wp-json\/wp\/v2\/product\/2348","targetHints":{"allow":["GET"]}}],"collection":[{"href":"https:\/\/kastelmeble.radom.pl\/bisparkiet\/wp-json\/wp\/v2\/product"}],"about":[{"href":"https:\/\/kastelmeble.radom.pl\/bisparkiet\/wp-json\/wp\/v2\/types\/product"}],"replies":[{"embeddable":true,"href":"https:\/\/kastelmeble.radom.pl\/bisparkiet\/wp-json\/wp\/v2\/comments?post=2348"}],"wp:featuredmedia":[{"embeddable":true,"href":"https:\/\/kastelmeble.radom.pl\/bisparkiet\/wp-json\/wp\/v2\/media\/2368"}],"wp:attachment":[{"href":"https:\/\/kastelmeble.radom.pl\/bisparkiet\/wp-json\/wp\/v2\/media?parent=2348"}],"wp:term":[{"taxonomy":"product_brand","embeddable":true,"href":"https:\/\/kastelmeble.radom.pl\/bisparkiet\/wp-json\/wp\/v2\/product_brand?post=2348"},{"taxonomy":"product_cat","embeddable":true,"href":"https:\/\/kastelmeble.radom.pl\/bisparkiet\/wp-json\/wp\/v2\/product_cat?post=2348"},{"taxonomy":"product_tag","embeddable":true,"href":"https:\/\/kastelmeble.radom.pl\/bisparkiet\/wp-json\/wp\/v2\/product_tag?post=2348"}],"curies":[{"name":"wp","href":"https:\/\/api.w.org\/{rel}","templated":true}]}}