{"id":2317,"date":"2025-05-13T10:02:42","date_gmt":"2025-05-13T08:02:42","guid":{"rendered":"https:\/\/kastelmeble.radom.pl\/bisparkiet\/?post_type=product&#038;p=2317"},"modified":"2025-05-13T10:03:07","modified_gmt":"2025-05-13T08:03:07","slug":"sztacheta-kompozytowa-seqo-standard-90x20","status":"publish","type":"product","link":"https:\/\/kastelmeble.radom.pl\/bisparkiet\/produkt\/sztacheta-kompozytowa-seqo-standard-90x20\/","title":{"rendered":"Sztacheta kompozytowa SEQO Standard 90&#215;20"},"content":{"rendered":"<p>Sztacheta kompozytowa SEQO STANDARD<\/p>\n<p>o wymiarach:<\/p>\n<p>szeroko\u015b\u0107: 90 mm<\/p>\n<p>grubo\u015b\u0107:\u00a0 20mm<\/p>\n<p>wyko\u0144czenie: g\u0142adka<\/p>\n<p>Deski kompozytowe powstaj\u0105 z po\u0142\u0105czenia tworzyw sztucznych z drewnem. Dzi\u0119ki temu \u0142\u0105cz\u0105 najlepsze cechy obu materia\u0142\u00f3w<\/p>\n<p>\u2013 trwa\u0142o\u015b\u0107 i odporno\u015b\u0107 zbli\u017con\u0105 do tworzyw oraz walory estetyczne drewna.<\/p>\n<p>Sztacheta dost\u0119pna w d\u0142ugo\u015bciach; 950mm, 1450mm, 2900mm, 5800mm,<\/p>\n","protected":false},"excerpt":{"rendered":"<p>15,90z\u0142\/mb<\/p>\n","protected":false},"featured_media":2332,"comment_status":"open","ping_status":"closed","template":"","meta":[],"product_brand":[],"product_cat":[68],"product_tag":[],"class_list":{"0":"post-2317","1":"product","2":"type-product","3":"status-publish","4":"has-post-thumbnail","6":"product_cat-deski-ogrodzeniowe","8":"first","9":"outofstock","10":"shipping-taxable","11":"purchasable","12":"product-type-variable","13":"has-default-attributes"},"_links":{"self":[{"href":"https:\/\/kastelmeble.radom.pl\/bisparkiet\/wp-json\/wp\/v2\/product\/2317","targetHints":{"allow":["GET"]}}],"collection":[{"href":"https:\/\/kastelmeble.radom.pl\/bisparkiet\/wp-json\/wp\/v2\/product"}],"about":[{"href":"https:\/\/kastelmeble.radom.pl\/bisparkiet\/wp-json\/wp\/v2\/types\/product"}],"replies":[{"embeddable":true,"href":"https:\/\/kastelmeble.radom.pl\/bisparkiet\/wp-json\/wp\/v2\/comments?post=2317"}],"wp:featuredmedia":[{"embeddable":true,"href":"https:\/\/kastelmeble.radom.pl\/bisparkiet\/wp-json\/wp\/v2\/media\/2332"}],"wp:attachment":[{"href":"https:\/\/kastelmeble.radom.pl\/bisparkiet\/wp-json\/wp\/v2\/media?parent=2317"}],"wp:term":[{"taxonomy":"product_brand","embeddable":true,"href":"https:\/\/kastelmeble.radom.pl\/bisparkiet\/wp-json\/wp\/v2\/product_brand?post=2317"},{"taxonomy":"product_cat","embeddable":true,"href":"https:\/\/kastelmeble.radom.pl\/bisparkiet\/wp-json\/wp\/v2\/product_cat?post=2317"},{"taxonomy":"product_tag","embeddable":true,"href":"https:\/\/kastelmeble.radom.pl\/bisparkiet\/wp-json\/wp\/v2\/product_tag?post=2317"}],"curies":[{"name":"wp","href":"https:\/\/api.w.org\/{rel}","templated":true}]}}