{"id":2236,"date":"2025-05-13T10:02:12","date_gmt":"2025-05-13T08:02:12","guid":{"rendered":"https:\/\/kastelmeble.radom.pl\/bisparkiet\/?post_type=product&#038;p=2236"},"modified":"2025-05-13T10:02:34","modified_gmt":"2025-05-13T08:02:34","slug":"deska-elewacyjna-3d-seqo-premium","status":"publish","type":"product","link":"https:\/\/kastelmeble.radom.pl\/bisparkiet\/produkt\/deska-elewacyjna-3d-seqo-premium\/","title":{"rendered":"DESKA ELEWACYJNA 3D SEQO PREMIUM"},"content":{"rendered":"<div class=\"_1voj4 _z9prt _1xzdi _ai5yc _5d6n2 _15lj1\">\n<div class=\"_2d49e_5pK0q\">\n<p>Cena dotyczy 1mb deski tarasowej kompozytowej<\/p>\n<p>SEQO PREMIUM 3D<\/p>\n<p>szeroko\u015b\u0107:160 mm<\/p>\n<p>grubo\u015b\u0107: 25,5 mm<\/p>\n<p>Dost\u0119pne d\u0142ugo\u015bci 2900mm<\/p>\n<p>Deski elewacyjne SEQO Premium 3D to kompozyty, na kt\u00f3re sk\u0142ada si\u0119 mieszanina sk\u0142adnik\u00f3w takich jak:<\/p>\n<p>m\u0105czka drzewna (60%), polietylen HDPE (30%) oraz dodatki, kt\u00f3re gwarantuj\u0105 trwa\u0142o\u015b\u0107 i kolor.<\/p>\n<p>Dzi\u0119ki zawarto\u015bci drewna naturalnego w takiej ilo\u015bci deski maj\u0105 powierzchni\u0119 oraz struktur\u0119 przypominaj\u0105c\u0105 z wygl\u0105du oraz w dotyku tradycyjne drewno. W\u0142a\u015bciwy sk\u0142ad mieszanki odpowiada za odporno\u015b\u0107 na warunki\u00a0atmosferyczne, trwa\u0142o\u015b\u0107 oraz kolor, dzi\u0119ki temu oszcz\u0119dza si\u0119 na dodatkowej konserwacji.<\/p>\n<p>Deski kompozytowe w przeciwie\u0144stwie do drewna tradycyjnego s\u0105 pozbawione s\u0119k\u00f3w, drzazg czy sp\u0119ka\u0144.<\/p>\n<\/div>\n<\/div>\n<div class=\"_1voj4 _z9prt _1xzdi _ai5yc _5d6n2 _15lj1\">\n<div class=\"_4lbi0 _6kfrx _ur8qq _u5o1q _1xm8p _1agsg\">\n<div class=\"_18vat _10a7o _1yhvf _7ccvy\"><\/div>\n<\/div>\n<\/div>\n","protected":false},"excerpt":{"rendered":"<p>61,50z\u0142\/mb<\/p>\n","protected":false},"featured_media":2266,"comment_status":"open","ping_status":"closed","template":"","meta":[],"product_brand":[],"product_cat":[61,55],"product_tag":[],"class_list":{"0":"post-2236","1":"product","2":"type-product","3":"status-publish","4":"has-post-thumbnail","6":"product_cat-deska-kompozytowa","7":"product_cat-elewacje","9":"first","10":"instock","11":"shipping-taxable","12":"purchasable","13":"product-type-variable","14":"has-default-attributes"},"_links":{"self":[{"href":"https:\/\/kastelmeble.radom.pl\/bisparkiet\/wp-json\/wp\/v2\/product\/2236","targetHints":{"allow":["GET"]}}],"collection":[{"href":"https:\/\/kastelmeble.radom.pl\/bisparkiet\/wp-json\/wp\/v2\/product"}],"about":[{"href":"https:\/\/kastelmeble.radom.pl\/bisparkiet\/wp-json\/wp\/v2\/types\/product"}],"replies":[{"embeddable":true,"href":"https:\/\/kastelmeble.radom.pl\/bisparkiet\/wp-json\/wp\/v2\/comments?post=2236"}],"wp:featuredmedia":[{"embeddable":true,"href":"https:\/\/kastelmeble.radom.pl\/bisparkiet\/wp-json\/wp\/v2\/media\/2266"}],"wp:attachment":[{"href":"https:\/\/kastelmeble.radom.pl\/bisparkiet\/wp-json\/wp\/v2\/media?parent=2236"}],"wp:term":[{"taxonomy":"product_brand","embeddable":true,"href":"https:\/\/kastelmeble.radom.pl\/bisparkiet\/wp-json\/wp\/v2\/product_brand?post=2236"},{"taxonomy":"product_cat","embeddable":true,"href":"https:\/\/kastelmeble.radom.pl\/bisparkiet\/wp-json\/wp\/v2\/product_cat?post=2236"},{"taxonomy":"product_tag","embeddable":true,"href":"https:\/\/kastelmeble.radom.pl\/bisparkiet\/wp-json\/wp\/v2\/product_tag?post=2236"}],"curies":[{"name":"wp","href":"https:\/\/api.w.org\/{rel}","templated":true}]}}