{"id":2224,"date":"2025-05-13T10:02:05","date_gmt":"2025-05-13T08:02:05","guid":{"rendered":"https:\/\/kastelmeble.radom.pl\/bisparkiet\/?post_type=product&#038;p=2224"},"modified":"2025-05-13T10:02:34","modified_gmt":"2025-05-13T08:02:34","slug":"deska-tarasowa-kompozytowa-seqo-premium","status":"publish","type":"product","link":"https:\/\/kastelmeble.radom.pl\/bisparkiet\/produkt\/deska-tarasowa-kompozytowa-seqo-premium\/","title":{"rendered":"Deska tarasowa kompozytowa SEQO PREMIUM"},"content":{"rendered":"<p>SEQO PREMIEMUM to deski kompozytowe II generacji powsta\u0142y dzi\u0119ki innowacyjnej technologii wsp\u00f3\u0142wyt\u0142aczania- koekstruzji.<\/p>\n<p>Deska pokryta jest specjaln\u0105 warstw\u0105 polimer\u00f3w.<\/p>\n<p>Deski kompozytowe SEQO PREMIUM\u00a0 s\u0105 dost\u0119pne s\u0105 w 7 kolorach i\u00a0 w nast\u0119puj\u0105cym\u00a0 wyko\u0144czeniu:<\/p>\n<p>DWUSTRONNY ODMIENNY WZ\u00d3R DREWNA<\/p>\n<p>wymiary ;<\/p>\n<p>szeroko\u015b\u0107: 140mm<\/p>\n<p>grubo\u015b\u0107: 20mm<\/p>\n<p>Dost\u0119pny w d\u0142ugo\u015bciach\u00a0 5m<\/p>\n","protected":false},"excerpt":{"rendered":"<p>55,30z\u0142\/mb<\/p>\n","protected":false},"featured_media":2230,"comment_status":"open","ping_status":"closed","template":"","meta":[],"product_brand":[],"product_cat":[37,32],"product_tag":[],"class_list":{"0":"post-2224","1":"product","2":"type-product","3":"status-publish","4":"has-post-thumbnail","6":"product_cat-deski-tarasowe-kompozytowe","7":"product_cat-tarasy","9":"first","10":"instock","11":"shipping-taxable","12":"purchasable","13":"product-type-variable","14":"has-default-attributes"},"_links":{"self":[{"href":"https:\/\/kastelmeble.radom.pl\/bisparkiet\/wp-json\/wp\/v2\/product\/2224","targetHints":{"allow":["GET"]}}],"collection":[{"href":"https:\/\/kastelmeble.radom.pl\/bisparkiet\/wp-json\/wp\/v2\/product"}],"about":[{"href":"https:\/\/kastelmeble.radom.pl\/bisparkiet\/wp-json\/wp\/v2\/types\/product"}],"replies":[{"embeddable":true,"href":"https:\/\/kastelmeble.radom.pl\/bisparkiet\/wp-json\/wp\/v2\/comments?post=2224"}],"wp:featuredmedia":[{"embeddable":true,"href":"https:\/\/kastelmeble.radom.pl\/bisparkiet\/wp-json\/wp\/v2\/media\/2230"}],"wp:attachment":[{"href":"https:\/\/kastelmeble.radom.pl\/bisparkiet\/wp-json\/wp\/v2\/media?parent=2224"}],"wp:term":[{"taxonomy":"product_brand","embeddable":true,"href":"https:\/\/kastelmeble.radom.pl\/bisparkiet\/wp-json\/wp\/v2\/product_brand?post=2224"},{"taxonomy":"product_cat","embeddable":true,"href":"https:\/\/kastelmeble.radom.pl\/bisparkiet\/wp-json\/wp\/v2\/product_cat?post=2224"},{"taxonomy":"product_tag","embeddable":true,"href":"https:\/\/kastelmeble.radom.pl\/bisparkiet\/wp-json\/wp\/v2\/product_tag?post=2224"}],"curies":[{"name":"wp","href":"https:\/\/api.w.org\/{rel}","templated":true}]}}