{"id":2147,"date":"2025-05-13T10:00:13","date_gmt":"2025-05-13T08:00:13","guid":{"rendered":"https:\/\/kastelmeble.radom.pl\/bisparkiet\/?post_type=product&#038;p=2147"},"modified":"2025-05-13T10:01:41","modified_gmt":"2025-05-13T08:01:41","slug":"sztacheta-kompozytowa-seqo-72x11mm","status":"publish","type":"product","link":"https:\/\/kastelmeble.radom.pl\/bisparkiet\/produkt\/sztacheta-kompozytowa-seqo-72x11mm\/","title":{"rendered":"Sztacheta kompozytowa SEQO  72x11mm"},"content":{"rendered":"<p>Sztacheta kompozytowa SEQO STANDARD<\/p>\n<p>Deski kompozytowe powstaj\u0105 z po\u0142\u0105czenia tworzyw sztucznych z drewnem. Dzi\u0119ki temu \u0142\u0105cz\u0105 najlepsze cechy obu<br \/>\nmateria\u0142\u00f3w \u2013 trwa\u0142o\u015b\u0107 i odporno\u015b\u0107 zbli\u017con\u0105 do tworzyw oraz walory estetyczne drewna.<\/p>\n<p>Sztacheta dost\u0119pna w d\u0142ugo\u015bciach; 950mm, 1450mm, 2900mm, 5800mm,<\/p>\n","protected":false},"excerpt":{"rendered":"<p>15z\u0142\/mb<\/p>\n","protected":false},"featured_media":2180,"comment_status":"open","ping_status":"closed","template":"","meta":[],"product_brand":[],"product_cat":[68],"product_tag":[],"class_list":{"0":"post-2147","1":"product","2":"type-product","3":"status-publish","4":"has-post-thumbnail","6":"product_cat-deski-ogrodzeniowe","8":"first","9":"instock","10":"shipping-taxable","11":"purchasable","12":"product-type-variable","13":"has-default-attributes"},"_links":{"self":[{"href":"https:\/\/kastelmeble.radom.pl\/bisparkiet\/wp-json\/wp\/v2\/product\/2147","targetHints":{"allow":["GET"]}}],"collection":[{"href":"https:\/\/kastelmeble.radom.pl\/bisparkiet\/wp-json\/wp\/v2\/product"}],"about":[{"href":"https:\/\/kastelmeble.radom.pl\/bisparkiet\/wp-json\/wp\/v2\/types\/product"}],"replies":[{"embeddable":true,"href":"https:\/\/kastelmeble.radom.pl\/bisparkiet\/wp-json\/wp\/v2\/comments?post=2147"}],"wp:featuredmedia":[{"embeddable":true,"href":"https:\/\/kastelmeble.radom.pl\/bisparkiet\/wp-json\/wp\/v2\/media\/2180"}],"wp:attachment":[{"href":"https:\/\/kastelmeble.radom.pl\/bisparkiet\/wp-json\/wp\/v2\/media?parent=2147"}],"wp:term":[{"taxonomy":"product_brand","embeddable":true,"href":"https:\/\/kastelmeble.radom.pl\/bisparkiet\/wp-json\/wp\/v2\/product_brand?post=2147"},{"taxonomy":"product_cat","embeddable":true,"href":"https:\/\/kastelmeble.radom.pl\/bisparkiet\/wp-json\/wp\/v2\/product_cat?post=2147"},{"taxonomy":"product_tag","embeddable":true,"href":"https:\/\/kastelmeble.radom.pl\/bisparkiet\/wp-json\/wp\/v2\/product_tag?post=2147"}],"curies":[{"name":"wp","href":"https:\/\/api.w.org\/{rel}","templated":true}]}}