{"id":2118,"date":"2025-05-13T09:59:48","date_gmt":"2025-05-13T07:59:48","guid":{"rendered":"https:\/\/kastelmeble.radom.pl\/bisparkiet\/?post_type=product&#038;p=2118"},"modified":"2025-05-13T10:00:39","modified_gmt":"2025-05-13T08:00:39","slug":"spax-wkrety-do-deski-tarasowej-c4-45x60mm-1000szt-bit-t20","status":"publish","type":"product","link":"https:\/\/kastelmeble.radom.pl\/bisparkiet\/produkt\/spax-wkrety-do-deski-tarasowej-c4-45x60mm-1000szt-bit-t20\/","title":{"rendered":"SPAX WKR\u0118TY DO DESKI TARASOWEJ C4 4,5x60mm 1000szt + bit T20"},"content":{"rendered":"<p>SPAX-D to specjalne i jedyne takie w swoim rozwi\u0105zaniu mocowanie do taras\u00f3w. Wkr\u0119ty spax-d to ekonomiczne i efektywne rozwi\u0105zanie do budowy taras\u00f3w innych ogrodowych konstrukcji drewnianych. Wkrety zapewniaj\u0105 sta\u0142y docisk drewna do kraw\u0119dziak\u00f3w dzi\u0119ki gwintowi doci\u0105gaj\u0105cemu. Ich konstrukcja umo\u017cliwia szybki i bezproblemowy monta\u017c i jak i demonta\u017c w przypadku konieczno\u015bci wymiany pojedy\u0144czych desek. Ma\u0142\u0105 cylindryczna g\u0142\u00f3wka w \u0142atwy spos\u00f3b zag\u0142\u0119bia si\u0119 w drewnie nie powoduj\u0105c jego deformacji zapewniaj\u0105c przy tym \u0142adny wygl\u0105d.<\/p>\n<p>Wkr\u0119t\u00a0<b>SPAX-D<\/b>\u00a0charakteryzuje :<\/p>\n<ul>\n<li>ma\u0142a walcowa g\u0142\u00f3wka z gniazdem T-STAR plus,<\/li>\n<li>szpic CUT,<\/li>\n<li>falisty profil gwintu,<\/li>\n<li>dodatkowy doci\u0105gaj\u0105cy gwint pod \u0142bem,<\/li>\n<li>nierdzewna stal A2 AISI 304 z kt\u00f3rej s\u0105 wykonane standardowe wkr\u0119ty oraz ze stali kwasoodpornej A4 AISI 316 dla taras\u00f3w w regionach nadmorskich,<\/li>\n<li>naturalny odcie\u0144 stali szlachetnej<\/li>\n<\/ul>\n","protected":false},"excerpt":{"rendered":"<p>SPAX-D to specjalne i jedyne takie w swoim rozwi\u0105zaniu mocowanie do taras\u00f3w. Wkr\u0119ty spax-d to ekonomiczne i efektywne rozwi\u0105zanie do budowy taras\u00f3w innych ogrodowych konstrukcji drewnianych. Wkrety zapewniaj\u0105 sta\u0142y docisk drewna do kraw\u0119dziak\u00f3w dzi\u0119ki gwintowi doci\u0105gaj\u0105cemu. Ich konstrukcja umo\u017cliwia szybki i bezproblemowy monta\u017c i jak i demonta\u017c w przypadku konieczno\u015bci wymiany pojedy\u0144czych desek. Ma\u0142\u0105 cylindryczna [&hellip;]<\/p>\n","protected":false},"featured_media":2165,"comment_status":"open","ping_status":"closed","template":"","meta":[],"product_brand":[],"product_cat":[38,41],"product_tag":[],"class_list":{"0":"post-2118","1":"product","2":"type-product","3":"status-publish","4":"has-post-thumbnail","6":"product_cat-akcesoria","7":"product_cat-wkrety-do-tarasow","9":"first","10":"instock","11":"shipping-taxable","12":"purchasable","13":"product-type-simple"},"_links":{"self":[{"href":"https:\/\/kastelmeble.radom.pl\/bisparkiet\/wp-json\/wp\/v2\/product\/2118","targetHints":{"allow":["GET"]}}],"collection":[{"href":"https:\/\/kastelmeble.radom.pl\/bisparkiet\/wp-json\/wp\/v2\/product"}],"about":[{"href":"https:\/\/kastelmeble.radom.pl\/bisparkiet\/wp-json\/wp\/v2\/types\/product"}],"replies":[{"embeddable":true,"href":"https:\/\/kastelmeble.radom.pl\/bisparkiet\/wp-json\/wp\/v2\/comments?post=2118"}],"wp:featuredmedia":[{"embeddable":true,"href":"https:\/\/kastelmeble.radom.pl\/bisparkiet\/wp-json\/wp\/v2\/media\/2165"}],"wp:attachment":[{"href":"https:\/\/kastelmeble.radom.pl\/bisparkiet\/wp-json\/wp\/v2\/media?parent=2118"}],"wp:term":[{"taxonomy":"product_brand","embeddable":true,"href":"https:\/\/kastelmeble.radom.pl\/bisparkiet\/wp-json\/wp\/v2\/product_brand?post=2118"},{"taxonomy":"product_cat","embeddable":true,"href":"https:\/\/kastelmeble.radom.pl\/bisparkiet\/wp-json\/wp\/v2\/product_cat?post=2118"},{"taxonomy":"product_tag","embeddable":true,"href":"https:\/\/kastelmeble.radom.pl\/bisparkiet\/wp-json\/wp\/v2\/product_tag?post=2118"}],"curies":[{"name":"wp","href":"https:\/\/api.w.org\/{rel}","templated":true}]}}