{"id":2108,"date":"2025-05-13T09:59:48","date_gmt":"2025-05-13T07:59:48","guid":{"rendered":"https:\/\/kastelmeble.radom.pl\/bisparkiet\/?post_type=product&#038;p=2108"},"modified":"2025-05-13T10:02:11","modified_gmt":"2025-05-13T08:02:11","slug":"deska-tarasowa-kompozytowa-seqo-co-extrusion","status":"publish","type":"product","link":"https:\/\/kastelmeble.radom.pl\/bisparkiet\/produkt\/deska-tarasowa-kompozytowa-seqo-co-extrusion\/","title":{"rendered":"Deska tarasowa kompozytowa SEQO Co-Extrusion"},"content":{"rendered":"<p><strong>Deski kompozytowe na taras\u00a0 138\/22\/2900mm<\/strong><\/p>\n<h1>SEQO Co-Extrusion<\/h1>\n<p>SEQO Co-Extrusion to deski kompozytowe II generacji\u00a0powsta\u0142y dzi\u0119ki innowacyjnej technologii wsp\u00f3\u0142wyt\u0142aczania- koekstruzji.<\/p>\n<p>Deska pokryta jest specjaln\u0105 warstw\u0105 polimer\u00f3w.<\/p>\n<p>Deski kompozytowe Co-Extrusion s\u0105 dost\u0119pne s\u0105 w 7 kolorach i\u00a0 w nast\u0119puj\u0105cym\u00a0 wyko\u0144czeniu:<\/p>\n<ul>\n<li>z jednej strony wz\u00f3r drewna , z drugiej strony szczotka,<\/li>\n<li>\u00a0wymiary ;<\/li>\n<li>szeroko\u015b\u0107: 1380mm<\/li>\n<li>grubo\u015b\u0107: 22mm<\/li>\n<\/ul>\n","protected":false},"excerpt":{"rendered":"<p>Deski kompozytowe na taras\u00a0 138\/22\/2900mm SEQO Co-Extrusion SEQO Co-Extrusion to deski kompozytowe II generacji\u00a0powsta\u0142y dzi\u0119ki innowacyjnej technologii wsp\u00f3\u0142wyt\u0142aczania- koekstruzji. Deska pokryta jest specjaln\u0105 warstw\u0105 polimer\u00f3w. Deski kompozytowe Co-Extrusion s\u0105 dost\u0119pne s\u0105 w 7 kolorach i\u00a0 w nast\u0119puj\u0105cym\u00a0 wyko\u0144czeniu: z jednej strony wz\u00f3r drewna , z drugiej strony szczotka, \u00a0wymiary ; szeroko\u015b\u0107: 1380mm grubo\u015b\u0107: 22mm<\/p>\n","protected":false},"featured_media":2131,"comment_status":"open","ping_status":"closed","template":"","meta":[],"product_brand":[],"product_cat":[37,32],"product_tag":[],"class_list":{"0":"post-2108","1":"product","2":"type-product","3":"status-publish","4":"has-post-thumbnail","6":"product_cat-deski-tarasowe-kompozytowe","7":"product_cat-tarasy","9":"first","10":"instock","11":"shipping-taxable","12":"purchasable","13":"product-type-variable","14":"has-default-attributes"},"_links":{"self":[{"href":"https:\/\/kastelmeble.radom.pl\/bisparkiet\/wp-json\/wp\/v2\/product\/2108","targetHints":{"allow":["GET"]}}],"collection":[{"href":"https:\/\/kastelmeble.radom.pl\/bisparkiet\/wp-json\/wp\/v2\/product"}],"about":[{"href":"https:\/\/kastelmeble.radom.pl\/bisparkiet\/wp-json\/wp\/v2\/types\/product"}],"replies":[{"embeddable":true,"href":"https:\/\/kastelmeble.radom.pl\/bisparkiet\/wp-json\/wp\/v2\/comments?post=2108"}],"wp:featuredmedia":[{"embeddable":true,"href":"https:\/\/kastelmeble.radom.pl\/bisparkiet\/wp-json\/wp\/v2\/media\/2131"}],"wp:attachment":[{"href":"https:\/\/kastelmeble.radom.pl\/bisparkiet\/wp-json\/wp\/v2\/media?parent=2108"}],"wp:term":[{"taxonomy":"product_brand","embeddable":true,"href":"https:\/\/kastelmeble.radom.pl\/bisparkiet\/wp-json\/wp\/v2\/product_brand?post=2108"},{"taxonomy":"product_cat","embeddable":true,"href":"https:\/\/kastelmeble.radom.pl\/bisparkiet\/wp-json\/wp\/v2\/product_cat?post=2108"},{"taxonomy":"product_tag","embeddable":true,"href":"https:\/\/kastelmeble.radom.pl\/bisparkiet\/wp-json\/wp\/v2\/product_tag?post=2108"}],"curies":[{"name":"wp","href":"https:\/\/api.w.org\/{rel}","templated":true}]}}