{"id":2097,"date":"2025-05-13T09:59:47","date_gmt":"2025-05-13T07:59:47","guid":{"rendered":"https:\/\/kastelmeble.radom.pl\/bisparkiet\/?post_type=product&#038;p=2097"},"modified":"2025-05-13T09:59:51","modified_gmt":"2025-05-13T07:59:51","slug":"osmo-raczka-do-pada","status":"publish","type":"product","link":"https:\/\/kastelmeble.radom.pl\/bisparkiet\/produkt\/osmo-raczka-do-pada\/","title":{"rendered":"Osmo R\u0105czka do pada"},"content":{"rendered":"<p>Podr\u0119czne narz\u0119dzie opracowane specjalnie do r\u0119cznej aplikacji pow\u0142ok barwi\u0105cych Osmo oraz intensywnego czyszczenia powierzchni drewnianych. Idealny do pracy na niewielkich elementach oraz w naro\u017cnikach i trudno dost\u0119pnych miejscach.<\/p>\n<p>ZASTOSOWANIA<\/p>\n<ul>\n<li>r\u0119czne barwienie powierzchni drewnianych<\/li>\n<li>aplikacja Wosk\u00f3w Twardych Olejnych, Wosk\u00f3w dekoracyjnych, Bejcy olejnej oraz Top-Olej\u00f3w Osmo<\/li>\n<li>intensywne czyszczenie ma\u0142ych powierzchni drewnianych<\/li>\n<li>idealny do pracy w naro\u017cnikach i zakamarkach, w kt\u00f3rych nie mie\u015bci si\u0119 maszyna<\/li>\n<\/ul>\n<p>ZALETY<\/p>\n<ul>\n<li>wszechstronny, wygodny i skuteczny<\/li>\n<li>\u015bwietnie sprawdza si\u0119 w naro\u017cnikach i trudno dost\u0119pnych miejscach<\/li>\n<li>\u0142atwa wymiana pad\u00f3w<\/li>\n<\/ul>\n","protected":false},"excerpt":{"rendered":"<p>Podr\u0119czne narz\u0119dzie opracowane specjalnie do r\u0119cznej aplikacji pow\u0142ok barwi\u0105cych Osmo oraz intensywnego czyszczenia powierzchni drewnianych. Idealny do pracy na niewielkich elementach oraz w naro\u017cnikach i trudno dost\u0119pnych miejscach. ZASTOSOWANIA r\u0119czne barwienie powierzchni drewnianych aplikacja Wosk\u00f3w Twardych Olejnych, Wosk\u00f3w dekoracyjnych, Bejcy olejnej oraz Top-Olej\u00f3w Osmo intensywne czyszczenie ma\u0142ych powierzchni drewnianych idealny do pracy w naro\u017cnikach i [&hellip;]<\/p>\n","protected":false},"featured_media":2121,"comment_status":"open","ping_status":"closed","template":"","meta":[],"product_brand":[],"product_cat":[46],"product_tag":[],"class_list":{"0":"post-2097","1":"product","2":"type-product","3":"status-publish","4":"has-post-thumbnail","6":"product_cat-akcesoria-chemia-parkieciarska","7":"product_shipping_class-lekkie-produkty","9":"first","10":"instock","11":"shipping-taxable","12":"purchasable","13":"product-type-simple"},"_links":{"self":[{"href":"https:\/\/kastelmeble.radom.pl\/bisparkiet\/wp-json\/wp\/v2\/product\/2097","targetHints":{"allow":["GET"]}}],"collection":[{"href":"https:\/\/kastelmeble.radom.pl\/bisparkiet\/wp-json\/wp\/v2\/product"}],"about":[{"href":"https:\/\/kastelmeble.radom.pl\/bisparkiet\/wp-json\/wp\/v2\/types\/product"}],"replies":[{"embeddable":true,"href":"https:\/\/kastelmeble.radom.pl\/bisparkiet\/wp-json\/wp\/v2\/comments?post=2097"}],"wp:featuredmedia":[{"embeddable":true,"href":"https:\/\/kastelmeble.radom.pl\/bisparkiet\/wp-json\/wp\/v2\/media\/2121"}],"wp:attachment":[{"href":"https:\/\/kastelmeble.radom.pl\/bisparkiet\/wp-json\/wp\/v2\/media?parent=2097"}],"wp:term":[{"taxonomy":"product_brand","embeddable":true,"href":"https:\/\/kastelmeble.radom.pl\/bisparkiet\/wp-json\/wp\/v2\/product_brand?post=2097"},{"taxonomy":"product_cat","embeddable":true,"href":"https:\/\/kastelmeble.radom.pl\/bisparkiet\/wp-json\/wp\/v2\/product_cat?post=2097"},{"taxonomy":"product_tag","embeddable":true,"href":"https:\/\/kastelmeble.radom.pl\/bisparkiet\/wp-json\/wp\/v2\/product_tag?post=2097"}],"curies":[{"name":"wp","href":"https:\/\/api.w.org\/{rel}","templated":true}]}}