{"id":2096,"date":"2025-05-13T09:59:47","date_gmt":"2025-05-13T07:59:47","guid":{"rendered":"https:\/\/kastelmeble.radom.pl\/bisparkiet\/?post_type=product&#038;p=2096"},"modified":"2025-05-13T09:59:50","modified_gmt":"2025-05-13T07:59:50","slug":"osmo-pad-do-nakladania-oleju-95x155mm","status":"publish","type":"product","link":"https:\/\/kastelmeble.radom.pl\/bisparkiet\/produkt\/osmo-pad-do-nakladania-oleju-95x155mm\/","title":{"rendered":"Osmo Pad do nak\u0142adania oleju 95x155mm"},"content":{"rendered":"<p>Superpady prostok\u0105tne ma\u0142e to wymienne ko\u0144c\u00f3wki do R\u0105czki do pada Osmo.<\/p>\n<p>W zale\u017cno\u015bci od wybranego superpada, otrzymujemy proste i podr\u0119czne narz\u0119dzie do barwienia, aplikacji pow\u0142ok Osmo, renowacji powierzchni oraz intensywnego czyszczenia powierzchni drewnianych.<\/p>\n<p>Superpad prostok\u0105tny ma wymiar o wymiarach 95 x 155 mm i jest idealny do pracy w na mniejszych powierzchniach i trudno dost\u0119pnych miejscach, w kt\u00f3rych nie mie\u015bci si\u0119 maszyna. A jego obs\u0142uga prosta i pozwala na precyzj\u0119 pracy.<\/p>\n","protected":false},"excerpt":{"rendered":"<p>Superpady prostok\u0105tne ma\u0142e to wymienne ko\u0144c\u00f3wki do R\u0105czki do pada Osmo. W zale\u017cno\u015bci od wybranego superpada, otrzymujemy proste i podr\u0119czne narz\u0119dzie do barwienia, aplikacji pow\u0142ok Osmo, renowacji powierzchni oraz intensywnego czyszczenia powierzchni drewnianych. Superpad prostok\u0105tny ma wymiar o wymiarach 95 x 155 mm i jest idealny do pracy w na mniejszych powierzchniach i trudno dost\u0119pnych [&hellip;]<\/p>\n","protected":false},"featured_media":2120,"comment_status":"open","ping_status":"closed","template":"","meta":[],"product_brand":[],"product_cat":[46],"product_tag":[],"class_list":{"0":"post-2096","1":"product","2":"type-product","3":"status-publish","4":"has-post-thumbnail","6":"product_cat-akcesoria-chemia-parkieciarska","7":"product_shipping_class-lekkie-produkty","9":"first","10":"instock","11":"shipping-taxable","12":"purchasable","13":"product-type-simple"},"_links":{"self":[{"href":"https:\/\/kastelmeble.radom.pl\/bisparkiet\/wp-json\/wp\/v2\/product\/2096","targetHints":{"allow":["GET"]}}],"collection":[{"href":"https:\/\/kastelmeble.radom.pl\/bisparkiet\/wp-json\/wp\/v2\/product"}],"about":[{"href":"https:\/\/kastelmeble.radom.pl\/bisparkiet\/wp-json\/wp\/v2\/types\/product"}],"replies":[{"embeddable":true,"href":"https:\/\/kastelmeble.radom.pl\/bisparkiet\/wp-json\/wp\/v2\/comments?post=2096"}],"wp:featuredmedia":[{"embeddable":true,"href":"https:\/\/kastelmeble.radom.pl\/bisparkiet\/wp-json\/wp\/v2\/media\/2120"}],"wp:attachment":[{"href":"https:\/\/kastelmeble.radom.pl\/bisparkiet\/wp-json\/wp\/v2\/media?parent=2096"}],"wp:term":[{"taxonomy":"product_brand","embeddable":true,"href":"https:\/\/kastelmeble.radom.pl\/bisparkiet\/wp-json\/wp\/v2\/product_brand?post=2096"},{"taxonomy":"product_cat","embeddable":true,"href":"https:\/\/kastelmeble.radom.pl\/bisparkiet\/wp-json\/wp\/v2\/product_cat?post=2096"},{"taxonomy":"product_tag","embeddable":true,"href":"https:\/\/kastelmeble.radom.pl\/bisparkiet\/wp-json\/wp\/v2\/product_tag?post=2096"}],"curies":[{"name":"wp","href":"https:\/\/api.w.org\/{rel}","templated":true}]}}