{"id":2054,"date":"2025-05-13T09:59:06","date_gmt":"2025-05-13T07:59:06","guid":{"rendered":"https:\/\/kastelmeble.radom.pl\/bisparkiet\/?post_type=product&#038;p=2054"},"modified":"2025-05-13T09:59:43","modified_gmt":"2025-05-13T07:59:43","slug":"loba-floorcare-mate-1l","status":"publish","type":"product","link":"https:\/\/kastelmeble.radom.pl\/bisparkiet\/produkt\/loba-floorcare-mate-1l\/","title":{"rendered":"LOBA FloorCare Mate 1L"},"content":{"rendered":"<p><strong>LOBA FloorCare Mate<\/strong> &#8211; dyspersyjny \u015brodek do piel\u0119gnacji<\/p>\n<p>Utrzymuje dobry optycznie wygl\u0105d pod\u0142ogi<\/p>\n<p>Chroni warstw\u0119 lakieru przedwczesnym zu\u017cyciem<\/p>\n<p>Uniwersalny do r\u00f3\u017cnych rodzaj\u00f3w pod\u0142\u00f3g lakierowanych<\/p>\n<p>Nadaje nowy po\u0142ysk zu\u017cytym pod\u0142ogom<\/p>\n<p>Poj. 1L<\/p>\n","protected":false},"excerpt":{"rendered":"<p>\u015brodek do piel\u0119gnacji 1L<\/p>\n","protected":false},"featured_media":2089,"comment_status":"open","ping_status":"closed","template":"","meta":[],"product_brand":[],"product_cat":[45,49],"product_tag":[],"class_list":{"0":"post-2054","1":"product","2":"type-product","3":"status-publish","4":"has-post-thumbnail","6":"product_cat-chemia-parkieciarska","7":"product_cat-srodki-do-pielegnacji-podlog","9":"first","10":"instock","11":"shipping-taxable","12":"purchasable","13":"product-type-simple"},"_links":{"self":[{"href":"https:\/\/kastelmeble.radom.pl\/bisparkiet\/wp-json\/wp\/v2\/product\/2054","targetHints":{"allow":["GET"]}}],"collection":[{"href":"https:\/\/kastelmeble.radom.pl\/bisparkiet\/wp-json\/wp\/v2\/product"}],"about":[{"href":"https:\/\/kastelmeble.radom.pl\/bisparkiet\/wp-json\/wp\/v2\/types\/product"}],"replies":[{"embeddable":true,"href":"https:\/\/kastelmeble.radom.pl\/bisparkiet\/wp-json\/wp\/v2\/comments?post=2054"}],"wp:featuredmedia":[{"embeddable":true,"href":"https:\/\/kastelmeble.radom.pl\/bisparkiet\/wp-json\/wp\/v2\/media\/2089"}],"wp:attachment":[{"href":"https:\/\/kastelmeble.radom.pl\/bisparkiet\/wp-json\/wp\/v2\/media?parent=2054"}],"wp:term":[{"taxonomy":"product_brand","embeddable":true,"href":"https:\/\/kastelmeble.radom.pl\/bisparkiet\/wp-json\/wp\/v2\/product_brand?post=2054"},{"taxonomy":"product_cat","embeddable":true,"href":"https:\/\/kastelmeble.radom.pl\/bisparkiet\/wp-json\/wp\/v2\/product_cat?post=2054"},{"taxonomy":"product_tag","embeddable":true,"href":"https:\/\/kastelmeble.radom.pl\/bisparkiet\/wp-json\/wp\/v2\/product_tag?post=2054"}],"curies":[{"name":"wp","href":"https:\/\/api.w.org\/{rel}","templated":true}]}}