{"id":2032,"date":"2025-05-13T09:59:05","date_gmt":"2025-05-13T07:59:05","guid":{"rendered":"https:\/\/kastelmeble.radom.pl\/bisparkiet\/?post_type=product&#038;p=2032"},"modified":"2025-05-13T09:59:14","modified_gmt":"2025-05-13T07:59:14","slug":"deska-elewacyjna-thermo-jesion-gladka-d4-20x95","status":"publish","type":"product","link":"https:\/\/kastelmeble.radom.pl\/bisparkiet\/produkt\/deska-elewacyjna-thermo-jesion-gladka-d4-20x95\/","title":{"rendered":"Deska elewacyjna Thermo jesion G\u0142adka D4 20&#215;95"},"content":{"rendered":"<div id=\"description\" class=\"tab-pane fade in active\">\n<div class=\"product-description\">\n<p><strong>Deska Elewacyjna Thermo jesion 20&#215;95 mm<\/strong><\/p>\n<p><strong>Profil: <\/strong>D4 G\u0142adka<\/p>\n<p><strong>Grubo\u015b\u0107:<\/strong> 20 mm<\/p>\n<p><strong>Szeroko\u015b\u0107:<\/strong> 95 mm<\/p>\n<p><strong>Dost\u0119pne d\u0142ugo\u015bci:<\/strong> 1800;<\/p>\n<p>Deska elewacyjna\u00a0 termo jesion nale\u017cy do pierwszorz\u0119dnej klasy trwa\u0142o\u015bci. Elewacja termo jesion wystawiona na dzia\u0142ania r\u00f3\u017cnych czynnik\u00f3w atmosferycznych, b\u0119dzie s\u0142u\u017cy\u0142a nam przez d\u0142ugie lata. Termo jesion na pocz\u0105tku ma odcie\u0144 jasnobr\u0105zowy z ciemnym twardzielem, po uszlachetnieniu przybiera jednolity kolor w odcieniu \u201eLatte Macchiato\u201d, na tle kt\u00f3rego wyr\u00f3\u017cniaj\u0105 si\u0119 kontury s\u0142oj\u00f3w rocznych.\u00a0 Deska elewacyjn\u0105 z termo jesionu mo\u017cna oczywi\u015bcie lakierowa\u0107, bejcowa\u0107 lub olejowa\u0107, ale konserwacja taka ma znaczenie jedynie estetyczne. Ma ona na celu zabezpieczenie wy\u0142\u0105cznie jego kolorystyki, gdy\u017c pod wp\u0142ywem promieni UV, jak ka\u017cde naturalne drewno, mo\u017ce blakn\u0105\u0107 i szarze\u0107. Warto r\u00f3wnie\u017c zwr\u00f3ci\u0107 uwag\u0119 na to, i\u017c Termo jesion posiada bardzo niski wsp\u00f3\u0142czynnik zmiany wymiar\u00f3w w wyniku zmieniaj\u0105cych si\u0119 parametr\u00f3w otoczenia takich, jak wilgotno\u015b\u0107 i temperatura powietrza. Dzi\u0119ki temu Termojesion jest o wiele mniej higroskopijny czyli posiada wi\u0119ksz\u0105 stabilno\u015b\u0107 wymiarow\u0105.<\/p>\n<p>&nbsp;<\/p>\n<p><strong>Przed zakupem prosimy o kontakt w celu sprawdzenia dost\u0119pno\u015bci oraz ustalenia szczeg\u00f3\u0142\u00f3w transportu.<\/strong><\/p>\n<p><b>Oferujemy r\u00f3wnie\u017c monta\u017c taras\u00f3w i elewacji.<\/b><\/p>\n<p>&nbsp;<\/p>\n<p><b>Zadzwo\u0144 lub napisz a my przygotujemy ofert\u0119.<\/b><\/p>\n<\/div>\n<\/div>\n","protected":false},"excerpt":{"rendered":"<p>Cena dotyczy 1m2 deski elewacjnej Thermojesion<strong>\u00a0<\/strong><\/p>\n<p>Profil: D4 G\u0142adka<\/p>\n<p>Grubo\u015b\u0107: 20 mm<\/p>\n<p>Szeroko\u015b\u0107: 95 mm<\/p>\n<p>&nbsp;<\/p>\n","protected":false},"featured_media":2062,"comment_status":"open","ping_status":"closed","template":"","meta":[],"product_brand":[],"product_cat":[56,55],"product_tag":[],"class_list":{"0":"post-2032","1":"product","2":"type-product","3":"status-publish","4":"has-post-thumbnail","6":"product_cat-deska-thermo","7":"product_cat-elewacje","8":"product_shipping_class-ponadgabarytowe","10":"first","11":"instock","12":"shipping-taxable","13":"purchasable","14":"product-type-simple"},"_links":{"self":[{"href":"https:\/\/kastelmeble.radom.pl\/bisparkiet\/wp-json\/wp\/v2\/product\/2032","targetHints":{"allow":["GET"]}}],"collection":[{"href":"https:\/\/kastelmeble.radom.pl\/bisparkiet\/wp-json\/wp\/v2\/product"}],"about":[{"href":"https:\/\/kastelmeble.radom.pl\/bisparkiet\/wp-json\/wp\/v2\/types\/product"}],"replies":[{"embeddable":true,"href":"https:\/\/kastelmeble.radom.pl\/bisparkiet\/wp-json\/wp\/v2\/comments?post=2032"}],"wp:featuredmedia":[{"embeddable":true,"href":"https:\/\/kastelmeble.radom.pl\/bisparkiet\/wp-json\/wp\/v2\/media\/2062"}],"wp:attachment":[{"href":"https:\/\/kastelmeble.radom.pl\/bisparkiet\/wp-json\/wp\/v2\/media?parent=2032"}],"wp:term":[{"taxonomy":"product_brand","embeddable":true,"href":"https:\/\/kastelmeble.radom.pl\/bisparkiet\/wp-json\/wp\/v2\/product_brand?post=2032"},{"taxonomy":"product_cat","embeddable":true,"href":"https:\/\/kastelmeble.radom.pl\/bisparkiet\/wp-json\/wp\/v2\/product_cat?post=2032"},{"taxonomy":"product_tag","embeddable":true,"href":"https:\/\/kastelmeble.radom.pl\/bisparkiet\/wp-json\/wp\/v2\/product_tag?post=2032"}],"curies":[{"name":"wp","href":"https:\/\/api.w.org\/{rel}","templated":true}]}}