{"id":2030,"date":"2025-05-13T09:59:05","date_gmt":"2025-05-13T07:59:05","guid":{"rendered":"https:\/\/kastelmeble.radom.pl\/bisparkiet\/?post_type=product&#038;p=2030"},"modified":"2025-05-13T09:59:09","modified_gmt":"2025-05-13T07:59:09","slug":"deska-elewacyjna-thermo-jesion-c7j-20x72","status":"publish","type":"product","link":"https:\/\/kastelmeble.radom.pl\/bisparkiet\/produkt\/deska-elewacyjna-thermo-jesion-c7j-20x72\/","title":{"rendered":"Deska elewacyjna Thermo jesion  C7J 20&#215;72"},"content":{"rendered":"<div id=\"description\" class=\"tab-pane fade in active\">\n<div class=\"product-description\">\n<p><strong>Deska Elewacyjna Thermojesion 20&#215;72 mm<\/strong><\/p>\n<p><strong>\u00a0Cena dotyczy 1szt deski elewacjnej Thermojesion 20&#215;72 mm\u00a0<\/strong><\/p>\n<p><strong>Profil: <\/strong>C7J<\/p>\n<p><strong>Grubo\u015b\u0107:<\/strong> 20 mm<\/p>\n<p><strong>Szeroko\u015b\u0107:<\/strong> 72 mm<\/p>\n<p><strong>Dost\u0119pne d\u0142ugo\u015bci:<\/strong> 2100mm; 2400; 2700; 3300<\/p>\n<p>Deska elewacyjna\u00a0 termojesion nale\u017cy do pierwszorz\u0119dnej klasy trwa\u0142o\u015bci. Elewacja termojesion wystawiona na dzia\u0142ania r\u00f3\u017cnych czynnik\u00f3w atmosferycznych, b\u0119dzie s\u0142u\u017cy\u0142a nam przez d\u0142ugie lata. Termojesion na pocz\u0105tku ma odcie\u0144 jasnobr\u0105zowy z ciemnym twardzielem, po uszlachetnieniu przybiera jednolity kolor w odcieniu \u201eLatte Macchiato\u201d, na tle kt\u00f3rego wyr\u00f3\u017cniaj\u0105 si\u0119 kontury s\u0142oj\u00f3w rocznych.\u00a0 Deska elewacyjn\u0105 z termojesionu mo\u017cna oczywi\u015bcie lakierowa\u0107, bejcowa\u0107 lub olejowa\u0107, ale konserwacja taka ma znaczenie jedynie estetyczne. Ma ona na celu zabezpieczenie wy\u0142\u0105cznie jego kolorystyki, gdy\u017c pod wp\u0142ywem promieni UV, jak ka\u017cde naturalne drewno, mo\u017ce blakn\u0105\u0107 i szarze\u0107. Warto r\u00f3wnie\u017c zwr\u00f3ci\u0107 uwag\u0119 na to, i\u017c Termojesion posiada bardzo niski wsp\u00f3\u0142czynnik zmiany wymiar\u00f3w w wyniku zmieniaj\u0105cych si\u0119 parametr\u00f3w otoczenia takich, jak wilgotno\u015b\u0107 i temperatura powietrza. Dzi\u0119ki temu Termojesion jest o wiele mniej higroskopijny czyli posiada wi\u0119ksz\u0105 stabilno\u015b\u0107 wymiarow\u0105.<\/p>\n<p>&nbsp;<\/p>\n<p><strong>Przed zakupem prosimy o kontakt w celu sprawdzenia dost\u0119pno\u015bci oraz ustalenia szczeg\u00f3\u0142\u00f3w transportu.<\/strong><\/p>\n<p><b>Oferujemy r\u00f3wnie\u017c monta\u017c taras\u00f3w i elewacji.<\/b><\/p>\n<p>&nbsp;<\/p>\n<p><b>Zadzwo\u0144 lub napisz a my przygotujemy ofert\u0119.<\/b><\/p>\n<\/div>\n<\/div>\n","protected":false},"excerpt":{"rendered":"<p><strong>\u00a0Cena dotyczy 1szt deski elewacjnej Thermojesion 20&#215;72 mm\u00a0<\/strong><\/p>\n<p><strong>Profil: <\/strong>C7J<\/p>\n<p><strong>Grubo\u015b\u0107:<\/strong> 20 mm<\/p>\n<p><strong>Szeroko\u015b\u0107:<\/strong> 72 mm<\/p>\n<p><strong>Dost\u0119pne d\u0142ugo\u015bci:<\/strong> 2100; 2400; 2700; 3300<\/p>\n","protected":false},"featured_media":2060,"comment_status":"open","ping_status":"closed","template":"","meta":[],"product_brand":[],"product_cat":[56,55],"product_tag":[],"class_list":{"0":"post-2030","1":"product","2":"type-product","3":"status-publish","4":"has-post-thumbnail","6":"product_cat-deska-thermo","7":"product_cat-elewacje","8":"product_shipping_class-ponadgabarytowe","10":"first","11":"instock","12":"shipping-taxable","13":"purchasable","14":"product-type-simple"},"_links":{"self":[{"href":"https:\/\/kastelmeble.radom.pl\/bisparkiet\/wp-json\/wp\/v2\/product\/2030","targetHints":{"allow":["GET"]}}],"collection":[{"href":"https:\/\/kastelmeble.radom.pl\/bisparkiet\/wp-json\/wp\/v2\/product"}],"about":[{"href":"https:\/\/kastelmeble.radom.pl\/bisparkiet\/wp-json\/wp\/v2\/types\/product"}],"replies":[{"embeddable":true,"href":"https:\/\/kastelmeble.radom.pl\/bisparkiet\/wp-json\/wp\/v2\/comments?post=2030"}],"wp:featuredmedia":[{"embeddable":true,"href":"https:\/\/kastelmeble.radom.pl\/bisparkiet\/wp-json\/wp\/v2\/media\/2060"}],"wp:attachment":[{"href":"https:\/\/kastelmeble.radom.pl\/bisparkiet\/wp-json\/wp\/v2\/media?parent=2030"}],"wp:term":[{"taxonomy":"product_brand","embeddable":true,"href":"https:\/\/kastelmeble.radom.pl\/bisparkiet\/wp-json\/wp\/v2\/product_brand?post=2030"},{"taxonomy":"product_cat","embeddable":true,"href":"https:\/\/kastelmeble.radom.pl\/bisparkiet\/wp-json\/wp\/v2\/product_cat?post=2030"},{"taxonomy":"product_tag","embeddable":true,"href":"https:\/\/kastelmeble.radom.pl\/bisparkiet\/wp-json\/wp\/v2\/product_tag?post=2030"}],"curies":[{"name":"wp","href":"https:\/\/api.w.org\/{rel}","templated":true}]}}